{"id":1001,"date":"2023-02-22T07:22:11","date_gmt":"2023-02-22T07:22:11","guid":{"rendered":"https:\/\/wad.one\/?post_type=product&#038;p=1001"},"modified":"2023-04-04T03:25:11","modified_gmt":"2023-04-04T03:25:11","slug":"fc-sc-square-type-fiber-optic-adapter","status":"publish","type":"product","link":"https:\/\/wad.one\/es\/fc-sc-square-type-fiber-optic-adapter\/","title":{"rendered":"FC-SC Adaptador cuadrado de fibra \u00f3ptica"},"content":{"rendered":"","protected":false},"excerpt":{"rendered":"<ul>\n<li>Simplex \/ D\u00faplex<\/li>\n<li>Gran precisi\u00f3n de tama\u00f1o<\/li>\n<li>Alta fiabilidad y estabilidad<\/li>\n<li>Carcasas de pl\u00e1stico ligeras y duraderas<\/li>\n<li>Baja p\u00e9rdida de inserci\u00f3n, alta p\u00e9rdida de retorno<\/li>\n<li>Codificaci\u00f3n por colores para facilitar la identificaci\u00f3n del modo de fibra<\/li>\n<li>Alta portabilidad<\/li>\n<\/ul>","protected":false},"featured_media":1002,"comment_status":"open","ping_status":"closed","template":"","meta":[],"product_cat":[37,36],"product_tag":[],"class_list":["post-1001","product","type-product","status-publish","has-post-thumbnail","hentry","product_cat-fiber-optic-adapter","product_cat-ftth-accessories"],"_links":{"self":[{"href":"https:\/\/wad.one\/es\/wp-json\/wp\/v2\/product\/1001","targetHints":{"allow":["GET"]}}],"collection":[{"href":"https:\/\/wad.one\/es\/wp-json\/wp\/v2\/product"}],"about":[{"href":"https:\/\/wad.one\/es\/wp-json\/wp\/v2\/types\/product"}],"replies":[{"embeddable":true,"href":"https:\/\/wad.one\/es\/wp-json\/wp\/v2\/comments?post=1001"}],"wp:featuredmedia":[{"embeddable":true,"href":"https:\/\/wad.one\/es\/wp-json\/wp\/v2\/media\/1002"}],"wp:attachment":[{"href":"https:\/\/wad.one\/es\/wp-json\/wp\/v2\/media?parent=1001"}],"wp:term":[{"taxonomy":"product_cat","embeddable":true,"href":"https:\/\/wad.one\/es\/wp-json\/wp\/v2\/product_cat?post=1001"},{"taxonomy":"product_tag","embeddable":true,"href":"https:\/\/wad.one\/es\/wp-json\/wp\/v2\/product_tag?post=1001"}],"curies":[{"name":"wp","href":"https:\/\/api.w.org\/{rel}","templated":true}]}}