{"id":1045,"date":"2023-02-22T08:50:39","date_gmt":"2023-02-22T08:50:39","guid":{"rendered":"https:\/\/wad.one\/?post_type=product&#038;p=1045"},"modified":"2023-04-04T03:20:32","modified_gmt":"2023-04-04T03:20:32","slug":"steel-tube-sc-apc-upc-fiber-optic-splitter","status":"publish","type":"product","link":"https:\/\/wad.one\/es\/steel-tube-sc-apc-upc-fiber-optic-splitter\/","title":{"rendered":"Tubo de acero SC APC UPC Divisor de fibra \u00f3ptica"},"content":{"rendered":"","protected":false},"excerpt":{"rendered":"<ul>\n<li>Baja p\u00e9rdida de inserci\u00f3n<\/li>\n<li>Baja p\u00e9rdida en funci\u00f3n de la polarizaci\u00f3n<\/li>\n<li>Excelente estabilidad medioambiental<\/li>\n<li>Excelente estabilidad mec\u00e1nica<\/li>\n<li>Telcordia GR-1221 y GR-1209<\/li>\n<\/ul>","protected":false},"featured_media":1048,"comment_status":"open","ping_status":"closed","template":"","meta":[],"product_cat":[36,39],"product_tag":[],"class_list":["post-1045","product","type-product","status-publish","has-post-thumbnail","hentry","product_cat-ftth-accessories","product_cat-fiber-optic-splitter"],"_links":{"self":[{"href":"https:\/\/wad.one\/es\/wp-json\/wp\/v2\/product\/1045","targetHints":{"allow":["GET"]}}],"collection":[{"href":"https:\/\/wad.one\/es\/wp-json\/wp\/v2\/product"}],"about":[{"href":"https:\/\/wad.one\/es\/wp-json\/wp\/v2\/types\/product"}],"replies":[{"embeddable":true,"href":"https:\/\/wad.one\/es\/wp-json\/wp\/v2\/comments?post=1045"}],"wp:featuredmedia":[{"embeddable":true,"href":"https:\/\/wad.one\/es\/wp-json\/wp\/v2\/media\/1048"}],"wp:attachment":[{"href":"https:\/\/wad.one\/es\/wp-json\/wp\/v2\/media?parent=1045"}],"wp:term":[{"taxonomy":"product_cat","embeddable":true,"href":"https:\/\/wad.one\/es\/wp-json\/wp\/v2\/product_cat?post=1045"},{"taxonomy":"product_tag","embeddable":true,"href":"https:\/\/wad.one\/es\/wp-json\/wp\/v2\/product_tag?post=1045"}],"curies":[{"name":"wp","href":"https:\/\/api.w.org\/{rel}","templated":true}]}}