{"id":1077,"date":"2023-02-24T08:14:05","date_gmt":"2023-02-24T08:14:05","guid":{"rendered":"https:\/\/wad.one\/?post_type=product&#038;p=1077"},"modified":"2025-01-06T08:47:43","modified_gmt":"2025-01-06T08:47:43","slug":"simplex-duplex-sc-apc-fiber-optic-patch-cord","status":"publish","type":"product","link":"https:\/\/wad.one\/es\/simplex-duplex-sc-apc-fiber-optic-patch-cord\/","title":{"rendered":"Cable de conexi\u00f3n de fibra \u00f3ptica simplex d\u00faplex SC APC"},"content":{"rendered":"","protected":false},"excerpt":{"rendered":"<ul>\n<li>Mecanismo de acoplamiento de rosca<\/li>\n<li>Casquillos cer\u00e1micos<\/li>\n<li>Baja p\u00e9rdida de inserci\u00f3n, alta p\u00e9rdida de retorno<\/li>\n<li>Buena repetibilidad e intercambiabilidad<\/li>\n<li>100% Inspecci\u00f3n de inserci\u00f3n, p\u00e9rdida de retorno, cara final e interferencias<\/li>\n<li>Excelente resistencia mec\u00e1nica<\/li>\n<li>Gran credibilidad y estabilidad<\/li>\n<\/ul>","protected":false},"featured_media":1079,"comment_status":"closed","ping_status":"closed","template":"","meta":[],"product_cat":[36,40],"product_tag":[],"class_list":["post-1077","product","type-product","status-publish","has-post-thumbnail","hentry","product_cat-ftth-accessories","product_cat-fiber-optic-patch-cord"],"_links":{"self":[{"href":"https:\/\/wad.one\/es\/wp-json\/wp\/v2\/product\/1077","targetHints":{"allow":["GET"]}}],"collection":[{"href":"https:\/\/wad.one\/es\/wp-json\/wp\/v2\/product"}],"about":[{"href":"https:\/\/wad.one\/es\/wp-json\/wp\/v2\/types\/product"}],"replies":[{"embeddable":true,"href":"https:\/\/wad.one\/es\/wp-json\/wp\/v2\/comments?post=1077"}],"wp:featuredmedia":[{"embeddable":true,"href":"https:\/\/wad.one\/es\/wp-json\/wp\/v2\/media\/1079"}],"wp:attachment":[{"href":"https:\/\/wad.one\/es\/wp-json\/wp\/v2\/media?parent=1077"}],"wp:term":[{"taxonomy":"product_cat","embeddable":true,"href":"https:\/\/wad.one\/es\/wp-json\/wp\/v2\/product_cat?post=1077"},{"taxonomy":"product_tag","embeddable":true,"href":"https:\/\/wad.one\/es\/wp-json\/wp\/v2\/product_tag?post=1077"}],"curies":[{"name":"wp","href":"https:\/\/api.w.org\/{rel}","templated":true}]}}