{"id":1081,"date":"2023-02-24T08:43:49","date_gmt":"2023-02-24T08:43:49","guid":{"rendered":"https:\/\/wad.one\/?post_type=product&#038;p=1081"},"modified":"2023-04-04T03:18:58","modified_gmt":"2023-04-04T03:18:58","slug":"sc-st-duplex-3-0mm-fiber-optic-patch-cord","status":"publish","type":"product","link":"https:\/\/wad.one\/es\/sc-st-duplex-3-0mm-fiber-optic-patch-cord\/","title":{"rendered":"SC-ST Duplex 3.0mm Fibra \u00d3ptica Patch Cord"},"content":{"rendered":"","protected":false},"excerpt":{"rendered":"<ul>\n<li>Mecanismo de acoplamiento de rosca<\/li>\n<li>Casquillos cer\u00e1micos<\/li>\n<li>Baja p\u00e9rdida de inserci\u00f3n, alta p\u00e9rdida de retorno<\/li>\n<li>Buena repetibilidad e intercambiabilidad<\/li>\n<li>100% Inspecci\u00f3n de inserci\u00f3n, p\u00e9rdida de retorno, cara final e interferencias<\/li>\n<li>Excelente resistencia mec\u00e1nica<\/li>\n<li>Gran credibilidad y estabilidad<\/li>\n<\/ul>","protected":false},"featured_media":1082,"comment_status":"open","ping_status":"closed","template":"","meta":[],"product_cat":[36,40],"product_tag":[],"class_list":["post-1081","product","type-product","status-publish","has-post-thumbnail","hentry","product_cat-ftth-accessories","product_cat-fiber-optic-patch-cord"],"_links":{"self":[{"href":"https:\/\/wad.one\/es\/wp-json\/wp\/v2\/product\/1081","targetHints":{"allow":["GET"]}}],"collection":[{"href":"https:\/\/wad.one\/es\/wp-json\/wp\/v2\/product"}],"about":[{"href":"https:\/\/wad.one\/es\/wp-json\/wp\/v2\/types\/product"}],"replies":[{"embeddable":true,"href":"https:\/\/wad.one\/es\/wp-json\/wp\/v2\/comments?post=1081"}],"wp:featuredmedia":[{"embeddable":true,"href":"https:\/\/wad.one\/es\/wp-json\/wp\/v2\/media\/1082"}],"wp:attachment":[{"href":"https:\/\/wad.one\/es\/wp-json\/wp\/v2\/media?parent=1081"}],"wp:term":[{"taxonomy":"product_cat","embeddable":true,"href":"https:\/\/wad.one\/es\/wp-json\/wp\/v2\/product_cat?post=1081"},{"taxonomy":"product_tag","embeddable":true,"href":"https:\/\/wad.one\/es\/wp-json\/wp\/v2\/product_tag?post=1081"}],"curies":[{"name":"wp","href":"https:\/\/api.w.org\/{rel}","templated":true}]}}