{"id":1101,"date":"2023-02-24T09:33:58","date_gmt":"2023-02-24T09:33:58","guid":{"rendered":"https:\/\/wad.one\/?post_type=product&#038;p=1101"},"modified":"2023-06-25T02:46:17","modified_gmt":"2023-06-25T02:46:17","slug":"2-core-outdoor-waterproof-fiber-optic-distribution-box","status":"publish","type":"product","link":"https:\/\/wad.one\/es\/2-core-outdoor-waterproof-fiber-optic-distribution-box\/","title":{"rendered":"Caja de Distribuci\u00f3n de Fibra \u00d3ptica Impermeable de 2 N\u00facleos para Exterior"},"content":{"rendered":"","protected":false},"excerpt":{"rendered":"<ul>\n<li>Material: PC+ABS, resistente a la humedad, al agua, al polvo, antienvejecimiento, nivel de protecci\u00f3n hasta IP65.<\/li>\n<li>Sujeci\u00f3n para cable de alimentaci\u00f3n y cable de acometida, empalme de fibra, fijaci\u00f3n, almacenamiento. distribuci\u00f3n...etc todo en uno.<\/li>\n<li>El cable y los latiguillos discurren por sus propios caminos sin molestarse entre s\u00ed, lo que facilita el mantenimiento.<\/li>\n<li>El panel de distribuci\u00f3n se puede voltear hacia arriba, el cable de alimentaci\u00f3n se puede colocar por el puerto de expresi\u00f3n, f\u00e1cil para el mantenimiento y la instalaci\u00f3n.<\/li>\n<li>La caja puede instalarse en la pared o en un poste, y es adecuada tanto para interiores como para exteriores.<\/li>\n<\/ul>","protected":false},"featured_media":1102,"comment_status":"open","ping_status":"closed","template":"","meta":[],"product_cat":[36,42],"product_tag":[],"class_list":["post-1101","product","type-product","status-publish","has-post-thumbnail","hentry","product_cat-ftth-accessories","product_cat-fiber-optic-distribution-box"],"_links":{"self":[{"href":"https:\/\/wad.one\/es\/wp-json\/wp\/v2\/product\/1101","targetHints":{"allow":["GET"]}}],"collection":[{"href":"https:\/\/wad.one\/es\/wp-json\/wp\/v2\/product"}],"about":[{"href":"https:\/\/wad.one\/es\/wp-json\/wp\/v2\/types\/product"}],"replies":[{"embeddable":true,"href":"https:\/\/wad.one\/es\/wp-json\/wp\/v2\/comments?post=1101"}],"wp:featuredmedia":[{"embeddable":true,"href":"https:\/\/wad.one\/es\/wp-json\/wp\/v2\/media\/1102"}],"wp:attachment":[{"href":"https:\/\/wad.one\/es\/wp-json\/wp\/v2\/media?parent=1101"}],"wp:term":[{"taxonomy":"product_cat","embeddable":true,"href":"https:\/\/wad.one\/es\/wp-json\/wp\/v2\/product_cat?post=1101"},{"taxonomy":"product_tag","embeddable":true,"href":"https:\/\/wad.one\/es\/wp-json\/wp\/v2\/product_tag?post=1101"}],"curies":[{"name":"wp","href":"https:\/\/api.w.org\/{rel}","templated":true}]}}