{"id":1121,"date":"2023-02-27T06:57:55","date_gmt":"2023-02-27T06:57:55","guid":{"rendered":"https:\/\/wad.one\/?post_type=product&#038;p=1121"},"modified":"2023-04-13T03:57:37","modified_gmt":"2023-04-13T03:57:37","slug":"32-port-amplifier-catv-1550nm-wdm-edfa","status":"publish","type":"product","link":"https:\/\/wad.one\/es\/32-port-amplifier-catv-1550nm-wdm-edfa\/","title":{"rendered":"Amplificador de 32 puertos CATV 1550nm WDM EDFA"},"content":{"rendered":"","protected":false},"excerpt":{"rendered":"<ul>\n<li>Cada puerto \u00f3ptico de salida tiene incorporado CWDM de alto rendimiento, fibra \u00fanica de tres longitudes de onda, que puede ahorrar recursos de fibra \u00f3ptica en gran medida.<\/li>\n<li>Simplificaci\u00f3n de los enlaces de la sala de m\u00e1quinas, mejora de la fiabilidad del sistema y reducci\u00f3n considerable de los costes de mantenimiento de la red.<\/li>\n<li>Puede ser compatible con cualquier tecnolog\u00eda FTTx PON: EPON\/GEPON, GPON<\/li>\n<li>Potencia de salida total opcional 1260~13000mW ( 31~41dBm )<\/li>\n<li>Rack de 19\u2033 2U hasta 64 puertos de enlace ascendente opcionales, que se utilizan en OLT; Y 64 puertos \u00f3pticos de salida de 1550nm, multiplexan el flujo de datos de 1310\/1490nm.<\/li>\n<li>Preamplificador de bajo ruido incorporado, no es necesaria la cascada EDFA, extremadamente baja la CNR, MER degradaci\u00f3n del sistema.<\/li>\n<\/ul>","protected":false},"featured_media":1131,"comment_status":"open","ping_status":"closed","template":"","meta":[],"product_cat":[53,36],"product_tag":[],"class_list":["post-1121","product","type-product","status-publish","has-post-thumbnail","hentry","product_cat-edfa","product_cat-ftth-accessories"],"_links":{"self":[{"href":"https:\/\/wad.one\/es\/wp-json\/wp\/v2\/product\/1121","targetHints":{"allow":["GET"]}}],"collection":[{"href":"https:\/\/wad.one\/es\/wp-json\/wp\/v2\/product"}],"about":[{"href":"https:\/\/wad.one\/es\/wp-json\/wp\/v2\/types\/product"}],"replies":[{"embeddable":true,"href":"https:\/\/wad.one\/es\/wp-json\/wp\/v2\/comments?post=1121"}],"wp:featuredmedia":[{"embeddable":true,"href":"https:\/\/wad.one\/es\/wp-json\/wp\/v2\/media\/1131"}],"wp:attachment":[{"href":"https:\/\/wad.one\/es\/wp-json\/wp\/v2\/media?parent=1121"}],"wp:term":[{"taxonomy":"product_cat","embeddable":true,"href":"https:\/\/wad.one\/es\/wp-json\/wp\/v2\/product_cat?post=1121"},{"taxonomy":"product_tag","embeddable":true,"href":"https:\/\/wad.one\/es\/wp-json\/wp\/v2\/product_tag?post=1121"}],"curies":[{"name":"wp","href":"https:\/\/api.w.org\/{rel}","templated":true}]}}