{"id":1404,"date":"2023-04-06T15:24:43","date_gmt":"2023-04-06T15:24:43","guid":{"rendered":"https:\/\/wad.one\/?post_type=product&#038;p=1404"},"modified":"2023-04-06T15:58:36","modified_gmt":"2023-04-06T15:58:36","slug":"fttx-handheld-optical-fiber-cleaver-black","status":"publish","type":"product","link":"https:\/\/wad.one\/es\/fttx-handheld-optical-fiber-cleaver-black\/","title":{"rendered":"FTTx Cortadora de Fibra \u00d3ptica de Mano Negro"},"content":{"rendered":"","protected":false},"excerpt":{"rendered":"<ol>\n<li>Procesado con artesan\u00eda CNC de precisi\u00f3n, aportando estabilidad y durabilidad a la base principal y al cuerpo.<\/li>\n<li>Dise\u00f1o de estructura fina.<\/li>\n<li>Material de calidad que proporciona gran resistencia y estabilidad. Cuerpo principal es material de aluminio. La hoja es de aleaci\u00f3n de magnesio. Accesorios: acero inoxidable. ( en lugar de pl\u00e1stico)<\/li>\n<li>Control de calidad. Bloque deslizante del carro de la cuchilla liso. Cuchilla de precisi\u00f3n probada mediante empalmadora de fusi\u00f3n fujikura o sumitomo.<\/li>\n<li>Operaci\u00f3n de f\u00e1cil paso para completar el corte y la recogida de fragmentos de fibra de desecho.<\/li>\n<li>C\u00f3modo y r\u00e1pido de manejar. Tanto en mano como en superficies de mesa o encimera.<\/li>\n<li>Ajuste y colocaci\u00f3n de la fibra muy sencillos y, sin necesidad de ajustar la altura de la cuchilla, lo que mejora la eficacia del trabajo y reduce el coste de mantenimiento.<\/li>\n<li>Dise\u00f1o inteligente de las almohadillas de presi\u00f3n que evita que la fibra se da\u00f1e con el retorno del carro de la cuchilla.<\/li>\n<li>Tama\u00f1o peque\u00f1o y compacto y peso ligero.<\/li>\n<li>La hoja tiene 24 afiladas puntas cortantes.<\/li>\n<\/ol>","protected":false},"featured_media":1405,"comment_status":"open","ping_status":"closed","template":"","meta":[],"product_cat":[57],"product_tag":[],"class_list":["post-1404","product","type-product","status-publish","has-post-thumbnail","hentry","product_cat-fiber-cleaver"],"_links":{"self":[{"href":"https:\/\/wad.one\/es\/wp-json\/wp\/v2\/product\/1404","targetHints":{"allow":["GET"]}}],"collection":[{"href":"https:\/\/wad.one\/es\/wp-json\/wp\/v2\/product"}],"about":[{"href":"https:\/\/wad.one\/es\/wp-json\/wp\/v2\/types\/product"}],"replies":[{"embeddable":true,"href":"https:\/\/wad.one\/es\/wp-json\/wp\/v2\/comments?post=1404"}],"wp:featuredmedia":[{"embeddable":true,"href":"https:\/\/wad.one\/es\/wp-json\/wp\/v2\/media\/1405"}],"wp:attachment":[{"href":"https:\/\/wad.one\/es\/wp-json\/wp\/v2\/media?parent=1404"}],"wp:term":[{"taxonomy":"product_cat","embeddable":true,"href":"https:\/\/wad.one\/es\/wp-json\/wp\/v2\/product_cat?post=1404"},{"taxonomy":"product_tag","embeddable":true,"href":"https:\/\/wad.one\/es\/wp-json\/wp\/v2\/product_tag?post=1404"}],"curies":[{"name":"wp","href":"https:\/\/api.w.org\/{rel}","templated":true}]}}