{"id":1421,"date":"2023-04-21T15:19:32","date_gmt":"2023-04-21T15:19:32","guid":{"rendered":"https:\/\/wad.one\/?post_type=product&#038;p=1421"},"modified":"2023-04-21T15:19:33","modified_gmt":"2023-04-21T15:19:33","slug":"ftth-drop-indoor-fiber-optic-cable","status":"publish","type":"product","link":"https:\/\/wad.one\/es\/ftth-drop-indoor-fiber-optic-cable\/","title":{"rendered":"FTTH Drop Cable de fibra \u00f3ptica para interiores"},"content":{"rendered":"","protected":false},"excerpt":{"rendered":"<p>Aplicaci\u00f3n:<br \/>\n\u25cf Aplicaciones FTTH internas horizontales y riser.<br \/>\n\u25cf Recorte de superficies, incluidos los rodapi\u00e9s.<br \/>\n\u25cf Uso externo a corta distancia con chaqueta LSZH negra.<br \/>\nCaracter\u00edstica:<br \/>\n\u25cf Novedoso dise\u00f1o de ranura, f\u00e1cil de pelar y empalmar,instalaci\u00f3n y mantenimiento simplificados, mayor resistencia a la tracci\u00f3n.<br \/>\nAdecuado como cable que se extiende desde el exterior (como cable a\u00e9reo) hasta el interior.<br \/>\n\u25cf Baja emisi\u00f3n de humos, sin hal\u00f3genos,s y funda ign\u00edfuga, respetuosa con el medio ambiente, buena seguridad.<br \/>\nNormas: Conforme a las normas YD\/T1258.2-2003 e IEC 60794-2-10\/11<\/p>","protected":false},"featured_media":1426,"comment_status":"open","ping_status":"closed","template":"","meta":[],"product_cat":[58],"product_tag":[],"class_list":["post-1421","product","type-product","status-publish","has-post-thumbnail","hentry","product_cat-fiber-optic-cable"],"_links":{"self":[{"href":"https:\/\/wad.one\/es\/wp-json\/wp\/v2\/product\/1421","targetHints":{"allow":["GET"]}}],"collection":[{"href":"https:\/\/wad.one\/es\/wp-json\/wp\/v2\/product"}],"about":[{"href":"https:\/\/wad.one\/es\/wp-json\/wp\/v2\/types\/product"}],"replies":[{"embeddable":true,"href":"https:\/\/wad.one\/es\/wp-json\/wp\/v2\/comments?post=1421"}],"wp:featuredmedia":[{"embeddable":true,"href":"https:\/\/wad.one\/es\/wp-json\/wp\/v2\/media\/1426"}],"wp:attachment":[{"href":"https:\/\/wad.one\/es\/wp-json\/wp\/v2\/media?parent=1421"}],"wp:term":[{"taxonomy":"product_cat","embeddable":true,"href":"https:\/\/wad.one\/es\/wp-json\/wp\/v2\/product_cat?post=1421"},{"taxonomy":"product_tag","embeddable":true,"href":"https:\/\/wad.one\/es\/wp-json\/wp\/v2\/product_tag?post=1421"}],"curies":[{"name":"wp","href":"https:\/\/api.w.org\/{rel}","templated":true}]}}