{"id":1435,"date":"2023-04-27T08:01:02","date_gmt":"2023-04-27T08:01:02","guid":{"rendered":"https:\/\/wad.one\/?post_type=product&#038;p=1435"},"modified":"2023-04-27T08:45:54","modified_gmt":"2023-04-27T08:45:54","slug":"12-24-36-48-96-2-288-core-adss-outdoor-fiber-optic-cable","status":"publish","type":"product","link":"https:\/\/wad.one\/es\/12-24-36-48-96-2-288-core-adss-outdoor-fiber-optic-cable\/","title":{"rendered":"12 24 36 48 96 2-288 N\u00facleo ADSS Cable de fibra \u00f3ptica para exteriores"},"content":{"rendered":"","protected":false},"excerpt":{"rendered":"<p>Feature:<br \/>\n* Cable de fibra \u00f3ptica a\u00e9reo totalmente diel\u00e9ctrico y autoportante, sin material met\u00e1lico en la estructura, se puede instalar sin<br \/>\ninterrupci\u00f3n.<br \/>\n* Gran n\u00famero de n\u00facleos de fibra, peso ligero, se puede colocar con la l\u00ednea el\u00e9ctrica, ahorrando recursos.<br \/>\n* Adopta material de aramida de alta resistencia a la tracci\u00f3n para soportar fuertes tensiones y evitar berberechos y disparos.<br \/>\n* Peque\u00f1a dilataci\u00f3n t\u00e9rmica, la variaci\u00f3n del arco de la l\u00ednea de cable es peque\u00f1a cuando la temperatura cambia mucho.<br \/>\n* Doble cubierta, revestimiento exterior PE\/AT<br \/>\n* Gran envergadura, la envergadura m\u00e1xima supera los 1500 metros<br \/>\n* Esperanza de vida superior a 30 a\u00f1os<br \/>\nBeneficios\uff1a<br \/>\nPeso ligero, di\u00e1metro de cable peque\u00f1o, reduciendo el hielo, puede ser erecci\u00f3n el\u00e9ctrica continua, usando la envoltura AT, para el palmo grande.<\/p>","protected":false},"featured_media":1438,"comment_status":"open","ping_status":"closed","template":"","meta":[],"product_cat":[58],"product_tag":[],"class_list":["post-1435","product","type-product","status-publish","has-post-thumbnail","hentry","product_cat-fiber-optic-cable"],"_links":{"self":[{"href":"https:\/\/wad.one\/es\/wp-json\/wp\/v2\/product\/1435","targetHints":{"allow":["GET"]}}],"collection":[{"href":"https:\/\/wad.one\/es\/wp-json\/wp\/v2\/product"}],"about":[{"href":"https:\/\/wad.one\/es\/wp-json\/wp\/v2\/types\/product"}],"replies":[{"embeddable":true,"href":"https:\/\/wad.one\/es\/wp-json\/wp\/v2\/comments?post=1435"}],"wp:featuredmedia":[{"embeddable":true,"href":"https:\/\/wad.one\/es\/wp-json\/wp\/v2\/media\/1438"}],"wp:attachment":[{"href":"https:\/\/wad.one\/es\/wp-json\/wp\/v2\/media?parent=1435"}],"wp:term":[{"taxonomy":"product_cat","embeddable":true,"href":"https:\/\/wad.one\/es\/wp-json\/wp\/v2\/product_cat?post=1435"},{"taxonomy":"product_tag","embeddable":true,"href":"https:\/\/wad.one\/es\/wp-json\/wp\/v2\/product_tag?post=1435"}],"curies":[{"name":"wp","href":"https:\/\/api.w.org\/{rel}","templated":true}]}}