{"id":1457,"date":"2023-05-06T03:45:37","date_gmt":"2023-05-06T03:45:37","guid":{"rendered":"https:\/\/wad.one\/?post_type=product&#038;p=1457"},"modified":"2023-05-06T06:08:32","modified_gmt":"2023-05-06T06:08:32","slug":"1310nm-catv-direct-modulated-optical-transmitter","status":"publish","type":"product","link":"https:\/\/wad.one\/es\/1310nm-catv-direct-modulated-optical-transmitter\/","title":{"rendered":"Transmisor \u00f3ptico CATV de 1310 nm con modulaci\u00f3n directa"},"content":{"rendered":"","protected":false},"excerpt":{"rendered":"<p>\u25cf El uso de l\u00e1seres DFB de alto rendimiento de marcas famosas internacionales tiene l\u00edneas espectrales estrechas, buena linealidad y alta potencia de salida.<br \/>\n\u25cf La avanzada tecnolog\u00eda de predistorsi\u00f3n de RF multifrecuencia utiliza tecnolog\u00eda de procesamiento autom\u00e1tico de potencia de RF para garantizar que las especificaciones CTB, CSO y C\/N est\u00e9n siempre en valores \u00f3ptimos.<br \/>\n\u25cf El procesador ARM de 32 bits puede coordinar eficazmente el estado de funcionamiento de cada m\u00f3dulo y supervisar y controlar con precisi\u00f3n cada par\u00e1metro de funcionamiento.<br \/>\n\u25cf El circuito de estabilizaci\u00f3n de la temperatura del l\u00e1ser (ATC) y el circuito de estabilizaci\u00f3n de la potencia \u00f3ptica de salida (APC) garantizan un rendimiento \u00f3ptimo del l\u00e1ser.<br \/>\n\u25cf La estructura de doble m\u00f3dulo se reserva para aumentar las funciones de emisi\u00f3n de luz, EDFA, captaci\u00f3n de luz, conmutador RF y otras funciones.<br \/>\n\u25cf Estructura modular, f\u00e1cil de ampliar la funci\u00f3n de los equipos y el mantenimiento.<br \/>\n\u25cf Interfaz de gesti\u00f3n de red est\u00e1ndar, en l\u00ednea con el protocolo de gesti\u00f3n de red SNMP.<br \/>\n\u25cf La fuente de alimentaci\u00f3n puede realizar copia de seguridad en caliente de doble alimentaci\u00f3n, tipo de encaje fijo, tir\u00f3n de un solo toque. F\u00e1cil de operar, firmemente fijado.<\/p>","protected":false},"featured_media":1450,"comment_status":"open","ping_status":"closed","template":"","meta":[],"product_cat":[59],"product_tag":[],"class_list":["post-1457","product","type-product","status-publish","has-post-thumbnail","hentry","product_cat-optical-transmitter"],"_links":{"self":[{"href":"https:\/\/wad.one\/es\/wp-json\/wp\/v2\/product\/1457","targetHints":{"allow":["GET"]}}],"collection":[{"href":"https:\/\/wad.one\/es\/wp-json\/wp\/v2\/product"}],"about":[{"href":"https:\/\/wad.one\/es\/wp-json\/wp\/v2\/types\/product"}],"replies":[{"embeddable":true,"href":"https:\/\/wad.one\/es\/wp-json\/wp\/v2\/comments?post=1457"}],"wp:featuredmedia":[{"embeddable":true,"href":"https:\/\/wad.one\/es\/wp-json\/wp\/v2\/media\/1450"}],"wp:attachment":[{"href":"https:\/\/wad.one\/es\/wp-json\/wp\/v2\/media?parent=1457"}],"wp:term":[{"taxonomy":"product_cat","embeddable":true,"href":"https:\/\/wad.one\/es\/wp-json\/wp\/v2\/product_cat?post=1457"},{"taxonomy":"product_tag","embeddable":true,"href":"https:\/\/wad.one\/es\/wp-json\/wp\/v2\/product_tag?post=1457"}],"curies":[{"name":"wp","href":"https:\/\/api.w.org\/{rel}","templated":true}]}}