{"id":1461,"date":"2023-05-06T06:55:00","date_gmt":"2023-05-06T06:55:00","guid":{"rendered":"https:\/\/wad.one\/?post_type=product&#038;p=1461"},"modified":"2023-05-06T07:07:10","modified_gmt":"2023-05-06T07:07:10","slug":"catv-rf-1550nm-external-modulated-optical-transmitter","status":"publish","type":"product","link":"https:\/\/wad.one\/es\/catv-rf-1550nm-external-modulated-optical-transmitter\/","title":{"rendered":"CATV RF 1550nm Transmisor \u00f3ptico modulado externo"},"content":{"rendered":"","protected":false},"excerpt":{"rendered":"<p>\u25cf El uso de 32 bits de alto rendimiento del procesador ARM, junto con un circuito completo sistema de supervisi\u00f3n autom\u00e1tica, garantizar una potencia de salida \u00f3ptica estable y garantizar que el l\u00e1ser est\u00e1 en el mejor ambiente de trabajo.<br \/>\n\u25cf Un buen servosistema del modulador y un exclusivo modo de funcionamiento de \u00abp\u00e9ndulo e\u00f3lico\u00bb del sistema de seguimiento de fase del modulador proporcionan un proceso de control m\u00e1s preciso y delicado.<br \/>\n\u25cf Utilizando una fuente de microondas programada y controlada por la CPU, la frecuencia y amplitud de la se\u00f1al pueden ajustarse din\u00e1micamente para generar se\u00f1ales de microondas de cualquier frecuencia y amplitud con menos arm\u00f3nicos. El rango de umbral SBS es de 13-19dBm.<br \/>\n\u25cf La tecnolog\u00eda de modulaci\u00f3n externa no tiene efecto de ondulaci\u00f3n, muy baja distorsi\u00f3n de dispersi\u00f3n, y tiene buenas caracter\u00edsticas en la banda. El ancho de banda de trabajo es 47~1000MHz.<br \/>\n\u25cf El sistema de predistorsi\u00f3n de se\u00f1al digital RF puede ajustar con precisi\u00f3n la cantidad de predistorsi\u00f3n seg\u00fan la intensidad de la se\u00f1al y la amplitud de modulaci\u00f3n para garantizar la calidad de la se\u00f1al.<br \/>\n\u25cf Los moduladores externos LiNBo3 realizan la modulaci\u00f3n de la se\u00f1al para garantizar una potencia \u00f3ptica mejorada en la fibra y aumentar la distancia de transmisi\u00f3n cuando el \u00edndice de rendimiento COS del sistema es excelente.<br \/>\n\u25cf La ganancia de RF es seleccionable en modo AGC\/MGC y el rango OMI\u00b17dB es ajustable.<br \/>\n\u25cf Pantalla LCD azul y blanca de 144*32 puntos en el panel frontal, que puede mostrar con precisi\u00f3n todos los par\u00e1metros de trabajo e informaci\u00f3n de fallos del equipo.<br \/>\n\u25cf Fuente de alimentaci\u00f3n dual intercambiable en caliente, alimentaci\u00f3n asignable a la CPU, 48V o 220V opcional.<\/p>","protected":false},"featured_media":1466,"comment_status":"open","ping_status":"closed","template":"","meta":[],"product_cat":[59],"product_tag":[],"class_list":["post-1461","product","type-product","status-publish","has-post-thumbnail","hentry","product_cat-optical-transmitter"],"_links":{"self":[{"href":"https:\/\/wad.one\/es\/wp-json\/wp\/v2\/product\/1461","targetHints":{"allow":["GET"]}}],"collection":[{"href":"https:\/\/wad.one\/es\/wp-json\/wp\/v2\/product"}],"about":[{"href":"https:\/\/wad.one\/es\/wp-json\/wp\/v2\/types\/product"}],"replies":[{"embeddable":true,"href":"https:\/\/wad.one\/es\/wp-json\/wp\/v2\/comments?post=1461"}],"wp:featuredmedia":[{"embeddable":true,"href":"https:\/\/wad.one\/es\/wp-json\/wp\/v2\/media\/1466"}],"wp:attachment":[{"href":"https:\/\/wad.one\/es\/wp-json\/wp\/v2\/media?parent=1461"}],"wp:term":[{"taxonomy":"product_cat","embeddable":true,"href":"https:\/\/wad.one\/es\/wp-json\/wp\/v2\/product_cat?post=1461"},{"taxonomy":"product_tag","embeddable":true,"href":"https:\/\/wad.one\/es\/wp-json\/wp\/v2\/product_tag?post=1461"}],"curies":[{"name":"wp","href":"https:\/\/api.w.org\/{rel}","templated":true}]}}