{"id":1469,"date":"2023-05-06T08:34:10","date_gmt":"2023-05-06T08:34:10","guid":{"rendered":"https:\/\/wad.one\/?post_type=product&#038;p=1469"},"modified":"2023-05-06T08:54:10","modified_gmt":"2023-05-06T08:54:10","slug":"ftth-1490-1310-1550nm-wdm-optical-receiver","status":"publish","type":"product","link":"https:\/\/wad.one\/es\/ftth-1490-1310-1550nm-wdm-optical-receiver\/","title":{"rendered":"Receptor \u00f3ptico WDM FTTH 1490 1310 1550nm"},"content":{"rendered":"","protected":false},"excerpt":{"rendered":"<p>\u25cf Circuito amplificador de bajo ruido GaAs de canal RF completo. La se\u00f1al digital satisface la recepci\u00f3n de -18dBm y la se\u00f1al anal\u00f3gica satisface la recepci\u00f3n de -10dBm.<br \/>\n\u25cf Con funci\u00f3n AGC de entrada de luz (el rango AGC puede personalizarse).<br \/>\n\u25cf Dispositivo de protecci\u00f3n contra sobretensiones de frecuencia, chip de amplificaci\u00f3n GaAs.<br \/>\n\u25cf Dise\u00f1o de bajo consumo, fuente de alimentaci\u00f3n conmutada de alta eficiencia garantiza una alta fiabilidad y alta estabilidad de la fuente de alimentaci\u00f3n. El consumo total de energ\u00eda es inferior a 2W, con circuito de detecci\u00f3n \u00f3ptica.<br \/>\n\u25cf WDM incorporado para realizar la aplicaci\u00f3n de convergencia tri-red dom\u00e9stica de una sola fibra (1490\/1310\/1550nm).<br \/>\n\u25cf Interfaz RF FC\/APC o SC\/APCTM o FC\/PC o SC\/PC, m\u00e9trica o imperial (personalizable seg\u00fan los requisitos del cliente).<br \/>\n\u25cf Los dispositivos de protecci\u00f3n contra rayos multietapa (diodos de supresi\u00f3n de transitorios TVS) y los sistemas de protecci\u00f3n contra rayos garantizan el funcionamiento seguro del equipo.<br \/>\n\u25cf Se puede conseguir una alimentaci\u00f3n de salida.<\/p>","protected":false},"featured_media":1472,"comment_status":"open","ping_status":"closed","template":"","meta":[],"product_cat":[60,36],"product_tag":[],"class_list":["post-1469","product","type-product","status-publish","has-post-thumbnail","hentry","product_cat-optical-receiver","product_cat-ftth-accessories"],"_links":{"self":[{"href":"https:\/\/wad.one\/es\/wp-json\/wp\/v2\/product\/1469","targetHints":{"allow":["GET"]}}],"collection":[{"href":"https:\/\/wad.one\/es\/wp-json\/wp\/v2\/product"}],"about":[{"href":"https:\/\/wad.one\/es\/wp-json\/wp\/v2\/types\/product"}],"replies":[{"embeddable":true,"href":"https:\/\/wad.one\/es\/wp-json\/wp\/v2\/comments?post=1469"}],"wp:featuredmedia":[{"embeddable":true,"href":"https:\/\/wad.one\/es\/wp-json\/wp\/v2\/media\/1472"}],"wp:attachment":[{"href":"https:\/\/wad.one\/es\/wp-json\/wp\/v2\/media?parent=1469"}],"wp:term":[{"taxonomy":"product_cat","embeddable":true,"href":"https:\/\/wad.one\/es\/wp-json\/wp\/v2\/product_cat?post=1469"},{"taxonomy":"product_tag","embeddable":true,"href":"https:\/\/wad.one\/es\/wp-json\/wp\/v2\/product_tag?post=1469"}],"curies":[{"name":"wp","href":"https:\/\/api.w.org\/{rel}","templated":true}]}}