{"id":1479,"date":"2023-05-06T09:00:19","date_gmt":"2023-05-06T09:00:19","guid":{"rendered":"https:\/\/wad.one\/?post_type=product&#038;p=1479"},"modified":"2023-05-06T09:27:36","modified_gmt":"2023-05-06T09:27:36","slug":"aluminum-agc-wdm-optical-isolator-optical-receiver","status":"publish","type":"product","link":"https:\/\/wad.one\/es\/aluminum-agc-wdm-optical-isolator-optical-receiver\/","title":{"rendered":"AGC de aluminio Aislador \u00f3ptico WDM Receptor \u00f3ptico"},"content":{"rendered":"","protected":false},"excerpt":{"rendered":"<p>\u25cf Carcasa de perfil de aluminio de alta calidad con buena disipaci\u00f3n del calor.<br \/>\n\u25cf Circuito amplificador de bajo ruido GaAs de canal RF completo. La se\u00f1al digital satisface la recepci\u00f3n de -18dBm y la se\u00f1al anal\u00f3gica satisface la recepci\u00f3n de -10dBm.<br \/>\n\u25cf Con funci\u00f3n AGC de entrada de luz (el rango AGC puede personalizarse);<br \/>\n\u25cf Dise\u00f1o de bajo consumo, la fuente de alimentaci\u00f3n conmutada de alta eficiencia garantiza una alta fiabilidad y alta estabilidad de la fuente de alimentaci\u00f3n. El consumo total de energ\u00eda es inferior a 1W, con un circuito de detecci\u00f3n de luz.<br \/>\n\u25cf Puede ser WDM incorporado, hogar de una sola fibra (1490\/1310\/1550nm) aplicaciones de convergencia de triple red.<br \/>\n\u25cf Aislador \u00f3ptico incorporado, entrada para conseguir un aislamiento de 1490\/1310nm.<br \/>\n\u25cf Los dispositivos de protecci\u00f3n contra rayos de varias etapas (diodos TVS TVS) y los sistemas de protecci\u00f3n contra rayos garantizan el funcionamiento seguro del equipo.<br \/>\n\u25cf La ganancia de salida es ajustable manualmente (0~18dB) y el nivel de salida es &gt; 80dBuV.<br \/>\n\u25cf SC\/APC o FC\/APC o conectores \u00f3pticos personalizados, interfaces RF macho o hembra.<br \/>\n\u25cf Se puede conseguir una alimentaci\u00f3n de salida.<br \/>\n\u25cf Se puede conseguir una salida \u00fanica o doble.<\/p>","protected":false},"featured_media":1483,"comment_status":"open","ping_status":"closed","template":"","meta":[],"product_cat":[60,36],"product_tag":[],"class_list":["post-1479","product","type-product","status-publish","has-post-thumbnail","hentry","product_cat-optical-receiver","product_cat-ftth-accessories"],"_links":{"self":[{"href":"https:\/\/wad.one\/es\/wp-json\/wp\/v2\/product\/1479","targetHints":{"allow":["GET"]}}],"collection":[{"href":"https:\/\/wad.one\/es\/wp-json\/wp\/v2\/product"}],"about":[{"href":"https:\/\/wad.one\/es\/wp-json\/wp\/v2\/types\/product"}],"replies":[{"embeddable":true,"href":"https:\/\/wad.one\/es\/wp-json\/wp\/v2\/comments?post=1479"}],"wp:featuredmedia":[{"embeddable":true,"href":"https:\/\/wad.one\/es\/wp-json\/wp\/v2\/media\/1483"}],"wp:attachment":[{"href":"https:\/\/wad.one\/es\/wp-json\/wp\/v2\/media?parent=1479"}],"wp:term":[{"taxonomy":"product_cat","embeddable":true,"href":"https:\/\/wad.one\/es\/wp-json\/wp\/v2\/product_cat?post=1479"},{"taxonomy":"product_tag","embeddable":true,"href":"https:\/\/wad.one\/es\/wp-json\/wp\/v2\/product_tag?post=1479"}],"curies":[{"name":"wp","href":"https:\/\/api.w.org\/{rel}","templated":true}]}}