{"id":1663,"date":"2024-09-24T13:47:41","date_gmt":"2024-09-24T13:47:41","guid":{"rendered":"https:\/\/wad.one\/?post_type=product&#038;p=1663"},"modified":"2024-09-24T14:35:31","modified_gmt":"2024-09-24T14:35:31","slug":"1080p-automatic-cruise-outdoor-wi-fi-camera","status":"publish","type":"product","link":"https:\/\/wad.one\/es\/1080p-automatic-cruise-outdoor-wi-fi-camera\/","title":{"rendered":"C\u00e1mara Wi-Fi para exteriores de crucero autom\u00e1tico 1080P"},"content":{"rendered":"","protected":false},"excerpt":{"rendered":"<p>C\u00e1mara Wi-Fi para exteriores<\/p>\n<p>- Conexi\u00f3n inal\u00e1mbrica<br \/>\n- Intercomunicador de voz full d\u00faplex<br \/>\n- 355\u00b0crucero autom\u00e1tico<br \/>\n- Dise\u00f1o de interfaz oculto<br \/>\n- Servicio mundial de almacenamiento en la nube<br \/>\n- Aspecto compacto<br \/>\n&#8211; 1080P HD<br \/>\n- Llamada activa con un clic<br \/>\n- Compatible con el 90% de las c\u00e1maras PTZ de interior y c\u00e1maras domo de exterior del mercado, 5V opcional<\/p>","protected":false},"featured_media":1664,"comment_status":"open","ping_status":"closed","template":"","meta":[],"product_cat":[63,65],"product_tag":[],"class_list":["post-1663","product","type-product","status-publish","has-post-thumbnail","hentry","product_cat-cctv-camera","product_cat-outdoor-wifi-camera"],"_links":{"self":[{"href":"https:\/\/wad.one\/es\/wp-json\/wp\/v2\/product\/1663","targetHints":{"allow":["GET"]}}],"collection":[{"href":"https:\/\/wad.one\/es\/wp-json\/wp\/v2\/product"}],"about":[{"href":"https:\/\/wad.one\/es\/wp-json\/wp\/v2\/types\/product"}],"replies":[{"embeddable":true,"href":"https:\/\/wad.one\/es\/wp-json\/wp\/v2\/comments?post=1663"}],"wp:featuredmedia":[{"embeddable":true,"href":"https:\/\/wad.one\/es\/wp-json\/wp\/v2\/media\/1664"}],"wp:attachment":[{"href":"https:\/\/wad.one\/es\/wp-json\/wp\/v2\/media?parent=1663"}],"wp:term":[{"taxonomy":"product_cat","embeddable":true,"href":"https:\/\/wad.one\/es\/wp-json\/wp\/v2\/product_cat?post=1663"},{"taxonomy":"product_tag","embeddable":true,"href":"https:\/\/wad.one\/es\/wp-json\/wp\/v2\/product_tag?post=1663"}],"curies":[{"name":"wp","href":"https:\/\/api.w.org\/{rel}","templated":true}]}}