{"id":1667,"date":"2024-09-24T14:15:42","date_gmt":"2024-09-24T14:15:42","guid":{"rendered":"https:\/\/wad.one\/?post_type=product&#038;p=1667"},"modified":"2024-09-24T14:34:26","modified_gmt":"2024-09-24T14:34:26","slug":"hd-one-click-call-night-vision-outdoor-wi-fi-camera","status":"publish","type":"product","link":"https:\/\/wad.one\/es\/hd-one-click-call-night-vision-outdoor-wi-fi-camera\/","title":{"rendered":"HD One Click Call Visi\u00f3n nocturna C\u00e1mara Wi-Fi al aire libre"},"content":{"rendered":"","protected":false},"excerpt":{"rendered":"<p>C\u00e1mara Wi-Fi para exteriores<\/p>\n<p>- Conexi\u00f3n inal\u00e1mbrica<br \/>\n- Intercomunicador de voz full d\u00faplex<br \/>\n- 355\u00b0crucero autom\u00e1tico<br \/>\n- Dise\u00f1o de interfaz oculto<br \/>\n- Servicio mundial de almacenamiento en la nube<br \/>\n- Aspecto compacto<br \/>\n&#8211; 1080P HD<br \/>\n- Llamada activa con un clic<br \/>\n- Compatible con el 90% de las c\u00e1maras PTZ de interior y c\u00e1maras domo de exterior del mercado, 5V opcional<\/p>","protected":false},"featured_media":1668,"comment_status":"open","ping_status":"closed","template":"","meta":[],"product_cat":[63,65],"product_tag":[],"class_list":["post-1667","product","type-product","status-publish","has-post-thumbnail","hentry","product_cat-cctv-camera","product_cat-outdoor-wifi-camera"],"_links":{"self":[{"href":"https:\/\/wad.one\/es\/wp-json\/wp\/v2\/product\/1667","targetHints":{"allow":["GET"]}}],"collection":[{"href":"https:\/\/wad.one\/es\/wp-json\/wp\/v2\/product"}],"about":[{"href":"https:\/\/wad.one\/es\/wp-json\/wp\/v2\/types\/product"}],"replies":[{"embeddable":true,"href":"https:\/\/wad.one\/es\/wp-json\/wp\/v2\/comments?post=1667"}],"wp:featuredmedia":[{"embeddable":true,"href":"https:\/\/wad.one\/es\/wp-json\/wp\/v2\/media\/1668"}],"wp:attachment":[{"href":"https:\/\/wad.one\/es\/wp-json\/wp\/v2\/media?parent=1667"}],"wp:term":[{"taxonomy":"product_cat","embeddable":true,"href":"https:\/\/wad.one\/es\/wp-json\/wp\/v2\/product_cat?post=1667"},{"taxonomy":"product_tag","embeddable":true,"href":"https:\/\/wad.one\/es\/wp-json\/wp\/v2\/product_tag?post=1667"}],"curies":[{"name":"wp","href":"https:\/\/api.w.org\/{rel}","templated":true}]}}