{"id":1673,"date":"2024-09-24T14:41:07","date_gmt":"2024-09-24T14:41:07","guid":{"rendered":"https:\/\/wad.one\/?post_type=product&#038;p=1673"},"modified":"2024-09-24T15:00:07","modified_gmt":"2024-09-24T15:00:07","slug":"low-power-remote-active-wake-up-solar-wi-fi-camera","status":"publish","type":"product","link":"https:\/\/wad.one\/es\/low-power-remote-active-wake-up-solar-wi-fi-camera\/","title":{"rendered":"C\u00e1mara Wi-Fi solar con activaci\u00f3n remota de bajo consumo"},"content":{"rendered":"","protected":false},"excerpt":{"rendered":"<p>C\u00e1mara Wi-Fi solar<\/p>\n<p>- Conexi\u00f3n inal\u00e1mbrica<br \/>\n- Despertador activo a distancia, intercomunicador de voz bidireccional<br \/>\n- Inicio r\u00e1pido, empieza a grabar en 400 ms<br \/>\n- Detecci\u00f3n inteligente de movimiento humano, alarma en tiempo real<br \/>\n- Bater\u00eda incorporada de 12000mAh, recordatorio de bater\u00eda baja,21700\u00d73<br \/>\n- Optimizaci\u00f3n de sistemas de bajo consumo<br \/>\n- Almacenamiento gratuito en la nube durante 3 d\u00edas para guardar los v\u00eddeos de las alarmas<br \/>\n- Doble fuente de luz, a todo color de d\u00eda y de noche<br \/>\n- Bajo consumo, dise\u00f1o el\u00e9ctrico compatible con cable<\/p>","protected":false},"featured_media":1676,"comment_status":"open","ping_status":"closed","template":"","meta":[],"product_cat":[63,66],"product_tag":[],"class_list":["post-1673","product","type-product","status-publish","has-post-thumbnail","hentry","product_cat-cctv-camera","product_cat-solar-camera"],"_links":{"self":[{"href":"https:\/\/wad.one\/es\/wp-json\/wp\/v2\/product\/1673","targetHints":{"allow":["GET"]}}],"collection":[{"href":"https:\/\/wad.one\/es\/wp-json\/wp\/v2\/product"}],"about":[{"href":"https:\/\/wad.one\/es\/wp-json\/wp\/v2\/types\/product"}],"replies":[{"embeddable":true,"href":"https:\/\/wad.one\/es\/wp-json\/wp\/v2\/comments?post=1673"}],"wp:featuredmedia":[{"embeddable":true,"href":"https:\/\/wad.one\/es\/wp-json\/wp\/v2\/media\/1676"}],"wp:attachment":[{"href":"https:\/\/wad.one\/es\/wp-json\/wp\/v2\/media?parent=1673"}],"wp:term":[{"taxonomy":"product_cat","embeddable":true,"href":"https:\/\/wad.one\/es\/wp-json\/wp\/v2\/product_cat?post=1673"},{"taxonomy":"product_tag","embeddable":true,"href":"https:\/\/wad.one\/es\/wp-json\/wp\/v2\/product_tag?post=1673"}],"curies":[{"name":"wp","href":"https:\/\/api.w.org\/{rel}","templated":true}]}}