{"id":1716,"date":"2024-11-07T15:56:58","date_gmt":"2024-11-07T15:56:58","guid":{"rendered":"https:\/\/wad.one\/?post_type=product&#038;p=1716"},"modified":"2024-11-07T16:05:19","modified_gmt":"2024-11-07T16:05:19","slug":"ma5800-x7-olt-gphf-mplb","status":"publish","type":"product","link":"https:\/\/wad.one\/es\/ma5800-x7-olt-gphf-mplb\/","title":{"rendered":"MA5800 X7 OLT GPHF MPLB"},"content":{"rendered":"<p>La MA5800 representa una innovaci\u00f3n revolucionaria como primera OLT de agregaci\u00f3n inteligente del sector con un marco distribuido de vanguardia, lo que la convierte en la soluci\u00f3n OLT de vanguardia para redes \u00f3pticas pasivas de pr\u00f3xima generaci\u00f3n (NG-PON). Dise\u00f1ado para ayudar a los proveedores de servicios a establecer redes que ofrezcan un mayor ancho de banda, velocidades de transferencia de datos m\u00e1s r\u00e1pidas y conectividad avanzada, este producto eleva significativamente la calidad del servicio.<\/p>\n<p>Este terminal OLT facilita la conectividad a trav\u00e9s de varias tecnolog\u00edas PON, incluidas GPON, 10G PON como XG-PON y XGS-PON, junto con interfaces punto a punto 10GE\/GE. Es compatible con una amplia gama de despliegues de red, como FTTH (fibra hasta el hogar), FTTD (fibra hasta el escritorio), FTTB (fibra hasta el edificio) y FTTC (fibra hasta el armario), y se adapta a diversos escenarios, desde conexiones residenciales y empresariales hasta acceso inal\u00e1mbrico a Internet. Al integrar todos los servicios en una red de fibra unificada, el MA5800 funciona como un s\u00f3lido dispositivo de agregaci\u00f3n dentro de la infraestructura de red.<\/p>\n<p>MA5800 X7 NG OLT MAX 7168 ONTs<\/p>\n<p>El chasis admite 7 ranuras de servicio<\/p>\n<p>Admite GPON, 10G PON, evoluciona sin problemas a 40G\/100G PON<\/p>\n<p>Admite 4*GE\/10GE puertos ascendentes integrados en la tarjeta de control principal MPLA\/MPLB<\/p>\n<p>Admite tarjeta de interfaz GPON de 16 puertos GPHF, GPSF<\/p>\n<p>Admite tarjeta de interfaz 10GPON de 8 puertos XGHD, TWED<\/p>\n<p>Soporta 262143 direcciones MAC, 65536 tablas ARP<\/p>\n<p>Soporta m\u00e1s de 8 veces la direcci\u00f3n MAC y la tabla ARP m\u00e1s que MA5680T<\/p>\n<p>Admite 1:64 eOTDR<\/p>\n<p>Compatible con el est\u00e1ndar DOCSIS 3.1<\/p>\n<p>El MA5800 X7 es un terminal de l\u00ednea \u00f3ptica (OLT) de nueva generaci\u00f3n con capacidad de 40G, dispone de 7 ranuras de servicio, cada ranura de servicio tiene una capacidad de rendimiento de 200G, evoluciona sin problemas a PON de 40G\/100G. Admite una tabla de direcciones MAC y ARP hasta 8 veces superior a la del MA5683T, lo que facilita la configuraci\u00f3n y ampliaci\u00f3n del servicio.<\/p>\n<table border=\"1\" width=\"100%\">\n<tbody>\n<tr>\n<td colspan=\"4\"><strong>Consejo de servicio<\/strong><\/td>\n<\/tr>\n<tr>\n<td>GPHF<\/td>\n<td colspan=\"3\">Proporciona 16 puertos GPON para servicios de acceso<\/td>\n<\/tr>\n<tr>\n<td>GPSF<\/td>\n<td colspan=\"3\">Proporciona 16 puertos GPON para servicios de acceso dom\u00e9stico<\/td>\n<\/tr>\n<tr>\n<td>XGHD<\/td>\n<td colspan=\"3\">Proporciona 8 puertos GPON 10G asim\u00e9tricos para servicios de acceso.<\/td>\n<\/tr>\n<tr>\n<td>TWED<\/td>\n<td colspan=\"3\">Proporciona 8 puertos GPON 10G sim\u00e9tricos para servicios de acceso.<\/td>\n<\/tr>\n<tr>\n<td>EDSH<\/td>\n<td colspan=\"3\">Tarjeta de subida E1 de 32 canales, compatible con el modo TDM nativo.<\/td>\n<\/tr>\n<tr>\n<td>OGHK<\/td>\n<td colspan=\"3\">Tarjeta de interfaz \u00f3ptica GE\/FE agregada de 48 puertos, compatible con hasta 48 canales de GE\/FE<\/td>\n<\/tr>\n<tr>\n<td>OXHD<\/td>\n<td colspan=\"3\">Tarjeta de interfaz \u00f3ptica 10GE agregada de 8 puertos, compatible con la agregaci\u00f3n Ethernet GE\/10GE.<\/td>\n<\/tr>\n<\/tbody>\n<\/table>\n<table class=\"table table-bordered\" style=\"height: 236px;\" border=\"1\" width=\"667\">\n<tbody>\n<tr class=\"firstRow\">\n<td>Art\u00edculo<\/td>\n<td>MA5800-X17<\/td>\n<td>MA5800-X15<\/td>\n<td>MA5800-X7<\/td>\n<td>MA5800-X2<\/td>\n<\/tr>\n<tr>\n<td>Rack type<\/td>\n<td align=\"left\" valign=\"middle\">21inch<\/td>\n<td colspan=\"3\" align=\"left\" valign=\"middle\">19inch<\/td>\n<\/tr>\n<tr>\n<td>Maximum weight(including\u00a0mounting brackets)<\/td>\n<td align=\"left\" valign=\"middle\">45kg<\/td>\n<td align=\"left\" valign=\"middle\">35kg<\/td>\n<td align=\"left\" valign=\"middle\">26kg<\/td>\n<td align=\"left\" valign=\"middle\">9.4kg<\/td>\n<\/tr>\n<tr>\n<td>Maximum\u00a0input current<\/td>\n<td colspan=\"2\" align=\"left\" valign=\"middle\">60A<\/td>\n<td align=\"left\" valign=\"middle\">40A<\/td>\n<td>DC power supply: 20A<br \/>\nAC power supply: 8 A<\/td>\n<\/tr>\n<\/tbody>\n<\/table>\n<p>&nbsp;<\/p>\n<p>&nbsp;<\/p>\n<p>&nbsp;<\/p>\n<p>&nbsp;<\/p>","protected":false},"excerpt":{"rendered":"<p>SmartAX MA5800 X7 OLT, 19 pulgadas, con 6U de altura 7 ranuras de servicio, 200G de caudal por ranura, soporta GPON, 10G PON, 40G\/100G PON ready; subbastidor H901BPMB equipado con 2xH901MPLB.<\/p>","protected":false},"featured_media":1717,"comment_status":"open","ping_status":"closed","template":"","meta":[],"product_cat":[71],"product_tag":[],"class_list":["post-1716","product","type-product","status-publish","has-post-thumbnail","hentry","product_cat-ma5800"],"_links":{"self":[{"href":"https:\/\/wad.one\/es\/wp-json\/wp\/v2\/product\/1716","targetHints":{"allow":["GET"]}}],"collection":[{"href":"https:\/\/wad.one\/es\/wp-json\/wp\/v2\/product"}],"about":[{"href":"https:\/\/wad.one\/es\/wp-json\/wp\/v2\/types\/product"}],"replies":[{"embeddable":true,"href":"https:\/\/wad.one\/es\/wp-json\/wp\/v2\/comments?post=1716"}],"wp:featuredmedia":[{"embeddable":true,"href":"https:\/\/wad.one\/es\/wp-json\/wp\/v2\/media\/1717"}],"wp:attachment":[{"href":"https:\/\/wad.one\/es\/wp-json\/wp\/v2\/media?parent=1716"}],"wp:term":[{"taxonomy":"product_cat","embeddable":true,"href":"https:\/\/wad.one\/es\/wp-json\/wp\/v2\/product_cat?post=1716"},{"taxonomy":"product_tag","embeddable":true,"href":"https:\/\/wad.one\/es\/wp-json\/wp\/v2\/product_tag?post=1716"}],"curies":[{"name":"wp","href":"https:\/\/api.w.org\/{rel}","templated":true}]}}