{"id":1720,"date":"2024-11-07T16:08:42","date_gmt":"2024-11-07T16:08:42","guid":{"rendered":"https:\/\/wad.one\/?post_type=product&#038;p=1720"},"modified":"2024-11-07T16:16:21","modified_gmt":"2024-11-07T16:16:21","slug":"mplb-x7-x15-x17-main-control-board","status":"publish","type":"product","link":"https:\/\/wad.one\/es\/mplb-x7-x15-x17-main-control-board\/","title":{"rendered":"MPLB X7 X15 X17 Main Control Board"},"content":{"rendered":"<p>MPLB es una tarjeta de control principal de SmartAX MA5800 NG OLT; es el n\u00facleo del control del sistema y de la conmutaci\u00f3n y agregaci\u00f3n de servicios. MAX accede a 17408 abonados y admite 131072 tablas ARP.<\/p>\n<p>Admite la conmutaci\u00f3n activa\/en espera en el plano de control<\/p>\n<p>Admite el modo de carga compartida en el plano de reenv\u00edo, lo que duplica el rendimiento de procesamiento.<\/p>\n<p>Soporta ISSU, ahorrando el tiempo de interrupci\u00f3n de la vanguardia<\/p>\n<p>Soporta sincronizaci\u00f3n Ethernet<\/p>\n<p>Admite 1588v2 y 1588ACR con las tarjetas hijas adecuadas<\/p>\n<p>Admite interfaces CON (RJ-45), ETH (RJ-45), ESC (RJ-45).<\/p>\n<p>Admite interfaces de comunicaci\u00f3n TX RX0 a TX RX3 (4 puertos SFP+\/SFP 10GE\/GE).<\/p>\n<table style=\"height: 382px;\" width=\"508\">\n<tbody>\n<tr class=\"firstRow\">\n<td colspan=\"2\" rowspan=\"1\" align=\"center\" valign=\"middle\"><strong>Funci\u00f3n<\/strong><\/td>\n<\/tr>\n<tr>\n<td>Bandwidth per slot<\/td>\n<td>200Gbit\/s (load sharing mode)<\/td>\n<\/tr>\n<tr>\n<td>Tabla de direcciones MAC<\/td>\n<td>262143<\/td>\n<\/tr>\n<tr>\n<td>Acceso ONT<\/td>\n<td>17408<\/td>\n<\/tr>\n<tr>\n<td>Usuario multidifusi\u00f3n<\/td>\n<td>17408<\/td>\n<\/tr>\n<tr>\n<td>Tabla de enrutamiento IPv4<\/td>\n<td>65536<\/td>\n<\/tr>\n<tr>\n<td>Tabla de enrutamiento IPv6<\/td>\n<td>16384<\/td>\n<\/tr>\n<tr>\n<td>Puerto de servicio<\/td>\n<td>139264<\/td>\n<\/tr>\n<tr>\n<td>Tabla ARP<\/td>\n<td>131072<\/td>\n<\/tr>\n<tr>\n<td>Tama\u00f1o m\u00e1ximo del marco<\/td>\n<td>2052 bytes.<\/p>\n<p>9216 bytes (jumbo frame enabled)<\/td>\n<\/tr>\n<\/tbody>\n<\/table>","protected":false},"excerpt":{"rendered":"<p>MA5800 X7\/X15\/X17 MPLB main control board integrated with 4-port 10GE\/GE optical uplink port<\/p>","protected":false},"featured_media":1721,"comment_status":"open","ping_status":"closed","template":"","meta":[],"product_cat":[71],"product_tag":[],"class_list":["post-1720","product","type-product","status-publish","has-post-thumbnail","hentry","product_cat-ma5800"],"_links":{"self":[{"href":"https:\/\/wad.one\/es\/wp-json\/wp\/v2\/product\/1720","targetHints":{"allow":["GET"]}}],"collection":[{"href":"https:\/\/wad.one\/es\/wp-json\/wp\/v2\/product"}],"about":[{"href":"https:\/\/wad.one\/es\/wp-json\/wp\/v2\/types\/product"}],"replies":[{"embeddable":true,"href":"https:\/\/wad.one\/es\/wp-json\/wp\/v2\/comments?post=1720"}],"wp:featuredmedia":[{"embeddable":true,"href":"https:\/\/wad.one\/es\/wp-json\/wp\/v2\/media\/1721"}],"wp:attachment":[{"href":"https:\/\/wad.one\/es\/wp-json\/wp\/v2\/media?parent=1720"}],"wp:term":[{"taxonomy":"product_cat","embeddable":true,"href":"https:\/\/wad.one\/es\/wp-json\/wp\/v2\/product_cat?post=1720"},{"taxonomy":"product_tag","embeddable":true,"href":"https:\/\/wad.one\/es\/wp-json\/wp\/v2\/product_tag?post=1720"}],"curies":[{"name":"wp","href":"https:\/\/api.w.org\/{rel}","templated":true}]}}