{"id":1723,"date":"2024-11-11T14:48:37","date_gmt":"2024-11-11T14:48:37","guid":{"rendered":"https:\/\/wad.one\/?post_type=product&#038;p=1723"},"modified":"2024-11-12T13:59:49","modified_gmt":"2024-11-12T13:59:49","slug":"ma5800-x15-olt-fttx-gpon-10g-pon","status":"publish","type":"product","link":"https:\/\/wad.one\/es\/ma5800-x15-olt-fttx-gpon-10g-pon\/","title":{"rendered":"MA5800 X15 OLT FTTx GPON 10G PON"},"content":{"rendered":"<p>SmartAX MA5800 X15 OLT es ampliamente reconocido por los operadores como la red FTT x tiene ventajas en el portador de servicio completo, actualizaci\u00f3n de ancho de banda y mantenimiento de la red. Los principales operadores mundiales han comenzado a utilizar redes FTTx para el acceso de clientes empresariales y m\u00f3viles de alto valor.<\/p>\n<p>El MA5800 X15 es un terminal de l\u00ednea \u00f3ptica (OLT) de nueva generaci\u00f3n con capacidad de 40G, dispone de 15 ranuras de servicio, cada ranura de servicio tiene una capacidad de rendimiento de 200G, evoluciona sin problemas a PON de 40G\/100G. Admite una tabla de direcciones MAC y ARP hasta 8 veces superior a la del MA5680T, lo que facilita la configuraci\u00f3n y ampliaci\u00f3n del servicio.<\/p>\n<p>16 puertos GPON tarjeta de servicio GPSF, 8 puertos 10G PON tarjeta de servicio XGHD es la tarjeta de servicio recomendada para MA5800 X15, por favor contacte con el equipo de ventas de Thunder-link.com si necesita puertos de servicio.<\/p>\n<table style=\"height: 416px;\" border=\"1\" width=\"687\">\n<tbody>\n<tr>\n<td width=\"450\">Capacidad de conmutaci\u00f3n<br \/>\ndel sistema<\/td>\n<td colspan=\"3\">7 Tbit\/s<\/td>\n<\/tr>\n<tr>\n<td>Ancho de banda m\u00e1ximo<br \/>\npor ranura<\/td>\n<td colspan=\"3\">H901MPLB: 200 Gbit\/s<br \/>\nH901MPLA: 100 Gbit\/s<\/td>\n<\/tr>\n<tr>\n<td>N\u00famero m\u00e1ximo<br \/>\nde direcci\u00f3n MAC<\/td>\n<td colspan=\"3\">262143<\/td>\n<\/tr>\n<tr>\n<td>N\u00famero m\u00e1ximo de entradas ARP\/routing<\/td>\n<td colspan=\"3\">65536<\/td>\n<\/tr>\n<tr>\n<td>N\u00famero m\u00e1ximo de usuarios de v\u00eddeo 4K simult\u00e1neos<\/td>\n<td colspan=\"3\">16000<\/td>\n<\/tr>\n<tr>\n<td>Puertos GPON<\/td>\n<td colspan=\"3\">240<\/td>\n<\/tr>\n<tr>\n<td>Puertos GPON 10G<\/td>\n<td colspan=\"3\">120<\/td>\n<\/tr>\n<tr>\n<td>Puertos GE\/FE<\/td>\n<td colspan=\"3\">720<\/td>\n<\/tr>\n<tr>\n<td>Puertos 10GE<\/td>\n<td colspan=\"3\">120<\/td>\n<\/tr>\n<tr>\n<td>Armario con soporte<\/td>\n<td colspan=\"3\">N63E-22<\/td>\n<\/tr>\n<\/tbody>\n<\/table>\n<table style=\"height: 875px;\" border=\"1\" width=\"686\">\n<tbody>\n<tr>\n<td colspan=\"4\"><strong>Consejo de servicio<\/strong><\/td>\n<\/tr>\n<tr>\n<td>GPHF<\/td>\n<td colspan=\"3\">Proporciona 16 puertos GPON para servicios de acceso<\/td>\n<\/tr>\n<tr>\n<td>GPSF<\/td>\n<td colspan=\"3\">Proporciona 16 puertos GPON para servicios de acceso dom\u00e9stico<\/td>\n<\/tr>\n<tr>\n<td>XGHD<\/td>\n<td colspan=\"3\">Proporciona 8 puertos GPON 10G asim\u00e9tricos para servicios de acceso.<\/td>\n<\/tr>\n<tr>\n<td>TWED<\/td>\n<td colspan=\"3\">Proporciona 8 puertos GPON 10G sim\u00e9tricos para servicios de acceso.<\/td>\n<\/tr>\n<tr>\n<td>EDSH<\/td>\n<td colspan=\"3\">Tarjeta de subida E1 de 32 canales, compatible con el modo TDM nativo.<\/td>\n<\/tr>\n<tr>\n<td>OGHK<\/td>\n<td colspan=\"3\">Tarjeta de interfaz \u00f3ptica GE\/FE agregada de 48 puertos, compatible con hasta 48 canales de GE\/FE<\/td>\n<\/tr>\n<tr>\n<td>OXHD<\/td>\n<td colspan=\"3\">Tarjeta de interfaz \u00f3ptica 10GE agregada de 8 puertos, compatible con la agregaci\u00f3n Ethernet GE\/10GE.<\/td>\n<\/tr>\n<tr>\n<td colspan=\"4\"><strong>Cuadro de potencia<\/strong><\/td>\n<\/tr>\n<tr>\n<td>PILA<\/td>\n<td colspan=\"3\">Proporciona una entrada de -48 V CC<\/td>\n<\/tr>\n<tr>\n<td colspan=\"4\"><strong>Panel de control del ventilador<\/strong><\/td>\n<\/tr>\n<tr>\n<td>FMLA<\/td>\n<td colspan=\"3\">Suministra energ\u00eda a los ventiladores; controla y controla los ventiladores<\/td>\n<\/tr>\n<tr>\n<td>FMMA<\/td>\n<td colspan=\"3\">Suministra energ\u00eda a los ventiladores; controla y controla los ventiladores<\/td>\n<\/tr>\n<tr>\n<td>Dimensiones<br \/>\n(W x D x H) (mm)<\/td>\n<td colspan=\"3\">11 U de altura y 21 pulgadas de anchura<br \/>\nSin soportes de montaje: 493x287x 486<br \/>\nIncluidos los soportes de montaje: 535x287x486<\/td>\n<\/tr>\n<tr>\n<td>Peso m\u00e1ximo (incluidos soportes de montaje)<\/td>\n<td colspan=\"3\">35 kg<\/td>\n<\/tr>\n<tr>\n<td>Corriente de entrada m\u00e1xima<\/td>\n<td colspan=\"3\">60 A<\/td>\n<\/tr>\n<tr>\n<td>Alimentaci\u00f3n<\/td>\n<td colspan=\"3\">Modo de alimentaci\u00f3n: DC<br \/>\nRango de tensi\u00f3n de trabajo: de -38,4 V a -72 V<br \/>\nTensi\u00f3n nominal: -48 V \/ -60 V<\/td>\n<\/tr>\n<tr>\n<td>Temperatura ambiente<\/td>\n<td colspan=\"3\">-40\u00b0C a +65\u00b0C El MA5800 puede arrancar a una temperatura m\u00ednima de<br \/>\nEl MA5800 puede arrancar a una temperatura m\u00ednima de -25\u00b0C y funcionar a -40\u00b0C.<br \/>\nNota: La temperatura de 65\u00b0C se refiere a la temperatura m\u00e1s alta medida en el orificio de entrada de aire del subbastidor de servicio.<\/td>\n<\/tr>\n<tr>\n<td>Humedad ambiente<\/td>\n<td colspan=\"3\">5% RH to 95% RH<\/td>\n<\/tr>\n<tr>\n<td colspan=\"1\" rowspan=\"1\">Dimensiones del paquete<\/td>\n<td colspan=\"3\" rowspan=\"1\">73\u00d771\u00d744<\/td>\n<\/tr>\n<\/tbody>\n<\/table>","protected":false},"excerpt":{"rendered":"<p>MA5800 X15 OLT, 19 pulgadas, con altura 11U 15 ranuras de servicio, 200G de caudal por ranura, soporta GPON, 10G PON, 40G\/100G PON.<\/p>","protected":false},"featured_media":1737,"comment_status":"open","ping_status":"closed","template":"","meta":[],"product_cat":[71],"product_tag":[],"class_list":["post-1723","product","type-product","status-publish","has-post-thumbnail","hentry","product_cat-ma5800"],"_links":{"self":[{"href":"https:\/\/wad.one\/es\/wp-json\/wp\/v2\/product\/1723","targetHints":{"allow":["GET"]}}],"collection":[{"href":"https:\/\/wad.one\/es\/wp-json\/wp\/v2\/product"}],"about":[{"href":"https:\/\/wad.one\/es\/wp-json\/wp\/v2\/types\/product"}],"replies":[{"embeddable":true,"href":"https:\/\/wad.one\/es\/wp-json\/wp\/v2\/comments?post=1723"}],"wp:featuredmedia":[{"embeddable":true,"href":"https:\/\/wad.one\/es\/wp-json\/wp\/v2\/media\/1737"}],"wp:attachment":[{"href":"https:\/\/wad.one\/es\/wp-json\/wp\/v2\/media?parent=1723"}],"wp:term":[{"taxonomy":"product_cat","embeddable":true,"href":"https:\/\/wad.one\/es\/wp-json\/wp\/v2\/product_cat?post=1723"},{"taxonomy":"product_tag","embeddable":true,"href":"https:\/\/wad.one\/es\/wp-json\/wp\/v2\/product_tag?post=1723"}],"curies":[{"name":"wp","href":"https:\/\/api.w.org\/{rel}","templated":true}]}}