{"id":1724,"date":"2024-11-11T14:49:14","date_gmt":"2024-11-11T14:49:14","guid":{"rendered":"https:\/\/wad.one\/?post_type=product&#038;p=1724"},"modified":"2024-11-11T15:07:58","modified_gmt":"2024-11-11T15:07:58","slug":"ma5800-x2-olt-mpsc-pisb","status":"publish","type":"product","link":"https:\/\/wad.one\/es\/ma5800-x2-olt-mpsc-pisb\/","title":{"rendered":"MA5800 X2 OLT MPSC PISB"},"content":{"rendered":"<p>Terminal de l\u00ednea \u00f3ptica de nueva generaci\u00f3n (NG-OLT) con\u00a0<strong>40 Gbit\/s a trav\u00e9s de<\/strong>El m\u00f3dulo de acceso multiservicio de Huawei utiliza una arquitectura distribuida para admitir servicios de banda ultraancha, convergencia fijo-m\u00f3vil (FMC) y funciones inteligentes como la virtualizaci\u00f3n basada en SDN. El procesador de red programable (NP) del MA5800\u00a0<strong>acelera la introducci\u00f3n de nuevos servicios satisfaciendo la demanda de servicios diversos<\/strong>incluida la\u00a0<strong>divisi\u00f3n de proveedores de servicios mayoristas y minoristas<\/strong>.<\/p>\n<div class=\"wd-tab-wrapper\">\n<div id=\"tab-wd_custom_tab\" class=\"woocommerce-Tabs-panel panel entry-content wc-tab woocommerce-Tabs-panel--wd_custom_tab\" role=\"tabpanel\" aria-labelledby=\"tab-title-wd_custom_tab\" data-accordion-index=\"wd_custom_tab\"><\/div>\n<\/div>\n<div class=\"wd-tab-wrapper\">\n<table class=\"table table-bordered\" style=\"height: 126px;\" border=\"1\" width=\"713\">\n<tbody>\n<tr class=\"firstRow\">\n<td>Art\u00edculo<\/td>\n<td>MA5800-X17<\/td>\n<td>MA5800-X15<\/td>\n<td>MA5800-X7<\/td>\n<td>MA5800-X2<\/td>\n<\/tr>\n<tr>\n<td>Capacidad de conmutaci\u00f3n de la tarjeta de control<\/td>\n<td colspan=\"3\" align=\"left\" valign=\"middle\">H901MPLA\/H901MPLB: 7 Tbit\/s<\/td>\n<td>H901MPSC: 480 Gbit\/s<\/td>\n<\/tr>\n<tr>\n<td>Ancho de banda m\u00e1ximo por ranura de servicio (modo de carga compartida)<\/td>\n<td colspan=\"3\" align=\"left\" valign=\"middle\">H901MPLA: 100 Gbit\/s<br \/>\nH901MPLB: 200 Gbit\/s<\/td>\n<td>H901MPSC: 80 Gbit\/s<\/td>\n<\/tr>\n<tr>\n<td>N\u00famero m\u00e1ximo de usuarios de v\u00eddeo 4K simult\u00e1neos<\/td>\n<td colspan=\"2\" align=\"left\" valign=\"middle\">16000<\/td>\n<td>8000<\/td>\n<td>2000<\/td>\n<\/tr>\n<\/tbody>\n<\/table>\n<\/div>\n<div><\/div>\n<div>\n<table style=\"height: 330px;\" border=\"1\" width=\"719\">\n<tbody>\n<tr>\n<td width=\"450\">Capacidad de conmutaci\u00f3n del sistema<\/td>\n<td colspan=\"3\">480 Gbit\/s<\/td>\n<\/tr>\n<tr>\n<td>Ancho de banda m\u00e1ximo por ranura<\/td>\n<td colspan=\"3\">H901MPSC: 80 Gbit\/s<\/td>\n<\/tr>\n<tr>\n<td>N\u00famero m\u00e1ximo de direcciones MAC<\/td>\n<td colspan=\"3\">262144<\/td>\n<\/tr>\n<tr>\n<td>N\u00famero m\u00e1ximo de entradas ARP\/routing<\/td>\n<td colspan=\"3\">65536<\/td>\n<\/tr>\n<tr>\n<td>N\u00famero m\u00e1ximo de usuarios de v\u00eddeo 4K simult\u00e1neos<\/td>\n<td colspan=\"3\">2000<\/td>\n<\/tr>\n<tr>\n<td>Puertos GPON<\/td>\n<td colspan=\"3\">32<\/td>\n<\/tr>\n<tr>\n<td colspan=\"1\" rowspan=\"1\">XG-PON ports<\/td>\n<td colspan=\"3\" rowspan=\"1\">32<\/td>\n<\/tr>\n<tr>\n<td>XGS-GPON ports<\/td>\n<td colspan=\"3\">16<\/td>\n<\/tr>\n<tr>\n<td>Puertos GE\/FE<\/td>\n<td colspan=\"3\">96<\/td>\n<\/tr>\n<tr>\n<td>Puertos 10GE<\/td>\n<td colspan=\"3\">16<\/td>\n<\/tr>\n<tr>\n<td>Armario con soporte<\/td>\n<td colspan=\"3\">N63E-22<\/td>\n<\/tr>\n<\/tbody>\n<\/table>\n<\/div>","protected":false},"excerpt":{"rendered":"<p>SmartAX MA5800 X2 NG OLT, 19 pulgadas, con 2U de altura 2 ranuras de servicio, 80G de rendimiento por ranura, soporte GPON, 10G PON, 40G\/100G PON listo.<\/p>","protected":false},"featured_media":1725,"comment_status":"open","ping_status":"closed","template":"","meta":[],"product_cat":[71],"product_tag":[],"class_list":["post-1724","product","type-product","status-publish","has-post-thumbnail","hentry","product_cat-ma5800"],"_links":{"self":[{"href":"https:\/\/wad.one\/es\/wp-json\/wp\/v2\/product\/1724","targetHints":{"allow":["GET"]}}],"collection":[{"href":"https:\/\/wad.one\/es\/wp-json\/wp\/v2\/product"}],"about":[{"href":"https:\/\/wad.one\/es\/wp-json\/wp\/v2\/types\/product"}],"replies":[{"embeddable":true,"href":"https:\/\/wad.one\/es\/wp-json\/wp\/v2\/comments?post=1724"}],"wp:featuredmedia":[{"embeddable":true,"href":"https:\/\/wad.one\/es\/wp-json\/wp\/v2\/media\/1725"}],"wp:attachment":[{"href":"https:\/\/wad.one\/es\/wp-json\/wp\/v2\/media?parent=1724"}],"wp:term":[{"taxonomy":"product_cat","embeddable":true,"href":"https:\/\/wad.one\/es\/wp-json\/wp\/v2\/product_cat?post=1724"},{"taxonomy":"product_tag","embeddable":true,"href":"https:\/\/wad.one\/es\/wp-json\/wp\/v2\/product_tag?post=1724"}],"curies":[{"name":"wp","href":"https:\/\/api.w.org\/{rel}","templated":true}]}}