{"id":1730,"date":"2024-11-11T15:09:01","date_gmt":"2024-11-11T15:09:01","guid":{"rendered":"https:\/\/wad.one\/?post_type=product&#038;p=1730"},"modified":"2024-11-11T15:30:27","modified_gmt":"2024-11-11T15:30:27","slug":"gphf-c-c-16-ports-ma5800-gpon-olt","status":"publish","type":"product","link":"https:\/\/wad.one\/es\/gphf-c-c-16-ports-ma5800-gpon-olt\/","title":{"rendered":"GPHF C+ C++ 16 puertos MA5800 GPON OLT"},"content":{"rendered":"<p>GPHF Service Board es una tarjeta de interfaz GPON de 16 puertos que funciona con dispositivos ONU (Optical Network Unit) para implementar el acceso a servicios GPON.<\/p>\n<p>El dispositivo de acceso multiservicio MA5800 es una OLT preparada para 4K\/8K\/VR en la era del Gigabit Ultraancho. Adopta una arquitectura distribuida y es compatible con la plataforma com\u00fan PON\/10G PON\/GE\/10GE. El MA5800 admite la agregaci\u00f3n Gigabit multimedia, una experiencia de v\u00eddeo 4K\/8K\/VR \u00f3ptima, una plataforma com\u00fan de virtualizaci\u00f3n multiservicio y una evoluci\u00f3n fluida de 50G PON.<\/p>\n<table style=\"height: 656px;\" width=\"648\">\n<tbody>\n<tr>\n<td>Modelo<\/td>\n<td>GPHF<\/td>\n<\/tr>\n<tr>\n<td>Puerto GPON<\/td>\n<td>Puerto 16-GPON<\/td>\n<\/tr>\n<tr>\n<td>Tipo<\/td>\n<td>M\u00f3dulo C+ : M\u00f3dulo \u00f3ptico bidireccional de una fibra, clase C+<\/td>\n<\/tr>\n<tr>\n<td>Longitud de onda operativa<\/td>\n<td>Tx: 1490 nm, Rx: 1310 nm<\/td>\n<\/tr>\n<tr>\n<td>Tipo de encapsulaci\u00f3n<\/td>\n<td>SFP<\/td>\n<\/tr>\n<tr>\n<td>Tarifa portuaria<\/td>\n<td>Tx: 2.49 Gbit\/s, Rx: 1.24 Gbit\/s<\/td>\n<\/tr>\n<tr>\n<td>Potencia \u00f3ptica de salida m\u00ednima<\/td>\n<td>C+ Module : 3.00 dBm<\/td>\n<\/tr>\n<tr>\n<td>Potencia \u00f3ptica de salida m\u00e1xima<\/td>\n<td>C+ Module : 7.00 dBm<\/td>\n<\/tr>\n<tr>\n<td>Sensibilidad m\u00e1xima del receptor<\/td>\n<td>C+ Module : -32.00 dBm<\/td>\n<\/tr>\n<tr>\n<td>Tipo de conector \u00f3ptico<\/td>\n<td>SC\/PC<\/td>\n<\/tr>\n<tr>\n<td>Tipo de fibra \u00f3ptica<\/td>\n<td>Monomodo<\/td>\n<\/tr>\n<tr>\n<td>Reach<\/td>\n<td>20.00 km<\/td>\n<\/tr>\n<tr>\n<td>Sobrecarga Potencia \u00f3ptica<\/td>\n<td>C+ Module : -12.0 dBm<\/td>\n<\/tr>\n<tr>\n<td>Relaci\u00f3n de extinci\u00f3n<\/td>\n<td>8.2 dB<\/td>\n<\/tr>\n<tr>\n<td>Dimensiones<\/td>\n<td>23.30 mm * 257.90 mm * 399.20 mm<\/td>\n<\/tr>\n<tr>\n<td>Consumo de energ\u00eda y tama\u00f1o m\u00e1ximo de trama<\/td>\n<td><\/td>\n<\/tr>\n<tr>\n<td>Consumo de energ\u00eda<\/td>\n<td>Est\u00e1tica: 25W; M\u00e1xima:50W<\/td>\n<\/tr>\n<tr>\n<td>Tama\u00f1o m\u00e1ximo del marco<\/td>\n<td>2004 bytes<\/td>\n<\/tr>\n<tr>\n<td><\/td>\n<td>9216 bytes (jumbo frame enabled)<\/td>\n<\/tr>\n<tr>\n<td>Temperatura de funcionamiento<\/td>\n<td>-40\u00b0C to +65\u00b0C<\/td>\n<\/tr>\n<\/tbody>\n<\/table>","protected":false},"excerpt":{"rendered":"<p>Tarjeta de interfaz OLT GPHF GPON de 16 puertos serie MA5800 con m\u00f3dulo SFP C+ C++<\/p>","protected":false},"featured_media":1731,"comment_status":"open","ping_status":"closed","template":"","meta":[],"product_cat":[71],"product_tag":[],"class_list":["post-1730","product","type-product","status-publish","has-post-thumbnail","hentry","product_cat-ma5800"],"_links":{"self":[{"href":"https:\/\/wad.one\/es\/wp-json\/wp\/v2\/product\/1730","targetHints":{"allow":["GET"]}}],"collection":[{"href":"https:\/\/wad.one\/es\/wp-json\/wp\/v2\/product"}],"about":[{"href":"https:\/\/wad.one\/es\/wp-json\/wp\/v2\/types\/product"}],"replies":[{"embeddable":true,"href":"https:\/\/wad.one\/es\/wp-json\/wp\/v2\/comments?post=1730"}],"wp:featuredmedia":[{"embeddable":true,"href":"https:\/\/wad.one\/es\/wp-json\/wp\/v2\/media\/1731"}],"wp:attachment":[{"href":"https:\/\/wad.one\/es\/wp-json\/wp\/v2\/media?parent=1730"}],"wp:term":[{"taxonomy":"product_cat","embeddable":true,"href":"https:\/\/wad.one\/es\/wp-json\/wp\/v2\/product_cat?post=1730"},{"taxonomy":"product_tag","embeddable":true,"href":"https:\/\/wad.one\/es\/wp-json\/wp\/v2\/product_tag?post=1730"}],"curies":[{"name":"wp","href":"https:\/\/api.w.org\/{rel}","templated":true}]}}