{"id":1742,"date":"2024-11-12T14:26:24","date_gmt":"2024-11-12T14:26:24","guid":{"rendered":"https:\/\/wad.one\/?post_type=product&#038;p=1742"},"modified":"2024-11-14T02:22:23","modified_gmt":"2024-11-14T02:22:23","slug":"ma5800-x17-olt-mplb-gpon-epon","status":"publish","type":"product","link":"https:\/\/wad.one\/es\/ma5800-x17-olt-mplb-gpon-epon\/","title":{"rendered":"MA5800 X17 OLT MPLB GPON EPON"},"content":{"rendered":"<h2>Rendimiento inigualable<\/h2>\n<p>El SmartAX MA5800 X17 OLT est\u00e1 dise\u00f1ado para la era gigabit ultraancha, proporcionando excepcionales capacidades 4K\/8K\/VR. Con una s\u00f3lida arquitectura distribuida, este terminal de l\u00ednea \u00f3ptica garantiza una agregaci\u00f3n multimedia gigabit sin fisuras.<\/p>\n<h2>Tecnolog\u00eda preparada para el futuro<\/h2>\n<p>Compatible con plataformas comunes PON, 10G PON, GE y 10GE, el MA5800 X17 es una soluci\u00f3n de pr\u00f3xima generaci\u00f3n. Su capacidad de 40 G y sus 17 ranuras de servicio satisfacen las demandas futuras y ofrecen un caudal de hasta 200 G por ranura.<\/p>\n<h2>Escalabilidad y flexibilidad<\/h2>\n<p>Con la capacidad de admitir hasta 8 veces m\u00e1s direcciones MAC y tablas ARP que el MA5680T, la configuraci\u00f3n y la ampliaci\u00f3n del servicio resultan m\u00e1s sencillas que nunca. La OLT SmartAX MA5800 X17 garantiza una evoluci\u00f3n fluida a PON 40G\/100G, proporcionando una experiencia de usuario sin igual.<\/p>\n<table style=\"height: 430px;\" border=\"1\" width=\"629\">\n<tbody>\n<tr>\n<td width=\"450\">Capacidad de conmutaci\u00f3n<br \/>\ndel sistema<\/td>\n<td colspan=\"3\">7 Tbit\/s<\/td>\n<\/tr>\n<tr>\n<td>Ancho de banda m\u00e1ximo<br \/>\npor ranura<\/td>\n<td colspan=\"3\">H901MPLB: 200 Gbit\/s<br \/>\nH901MPLA: 100 Gbit\/s<\/td>\n<\/tr>\n<tr>\n<td>N\u00famero m\u00e1ximo<br \/>\nde direcci\u00f3n MAC<\/td>\n<td colspan=\"3\">262143<\/td>\n<\/tr>\n<tr>\n<td>N\u00famero m\u00e1ximo de entradas ARP\/routing<\/td>\n<td colspan=\"3\">65536<\/td>\n<\/tr>\n<tr>\n<td>N\u00famero m\u00e1ximo de usuarios de v\u00eddeo 4K simult\u00e1neos<\/td>\n<td colspan=\"3\">16000<\/td>\n<\/tr>\n<tr>\n<td>Puertos GPON<\/td>\n<td colspan=\"3\">240<\/td>\n<\/tr>\n<tr>\n<td>Puertos GPON 10G<\/td>\n<td colspan=\"3\">120<\/td>\n<\/tr>\n<tr>\n<td>Puertos GE\/FE<\/td>\n<td colspan=\"3\">720<\/td>\n<\/tr>\n<tr>\n<td>Puertos 10GE<\/td>\n<td colspan=\"3\">120<\/td>\n<\/tr>\n<tr>\n<td>Armario con soporte<\/td>\n<td colspan=\"3\">N63E-22<\/td>\n<\/tr>\n<\/tbody>\n<\/table>","protected":false},"excerpt":{"rendered":"<p>MA5800 X17 NG OLT, 21 pulgadas, con altura 11U 17 ranuras de servicio, 200G de caudal por ranura, soporta GPON, 10G PON, 40G\/100G PON.<\/p>","protected":false},"featured_media":1744,"comment_status":"open","ping_status":"closed","template":"","meta":[],"product_cat":[71],"product_tag":[],"class_list":["post-1742","product","type-product","status-publish","has-post-thumbnail","hentry","product_cat-ma5800"],"_links":{"self":[{"href":"https:\/\/wad.one\/es\/wp-json\/wp\/v2\/product\/1742","targetHints":{"allow":["GET"]}}],"collection":[{"href":"https:\/\/wad.one\/es\/wp-json\/wp\/v2\/product"}],"about":[{"href":"https:\/\/wad.one\/es\/wp-json\/wp\/v2\/types\/product"}],"replies":[{"embeddable":true,"href":"https:\/\/wad.one\/es\/wp-json\/wp\/v2\/comments?post=1742"}],"wp:featuredmedia":[{"embeddable":true,"href":"https:\/\/wad.one\/es\/wp-json\/wp\/v2\/media\/1744"}],"wp:attachment":[{"href":"https:\/\/wad.one\/es\/wp-json\/wp\/v2\/media?parent=1742"}],"wp:term":[{"taxonomy":"product_cat","embeddable":true,"href":"https:\/\/wad.one\/es\/wp-json\/wp\/v2\/product_cat?post=1742"},{"taxonomy":"product_tag","embeddable":true,"href":"https:\/\/wad.one\/es\/wp-json\/wp\/v2\/product_tag?post=1742"}],"curies":[{"name":"wp","href":"https:\/\/api.w.org\/{rel}","templated":true}]}}