{"id":1747,"date":"2024-11-13T07:48:26","date_gmt":"2024-11-13T07:48:26","guid":{"rendered":"https:\/\/wad.one\/?post_type=product&#038;p=1747"},"modified":"2024-11-14T02:13:59","modified_gmt":"2024-11-14T02:13:59","slug":"eg8145v5-voip-dual-band-xpon-onu","status":"publish","type":"product","link":"https:\/\/wad.one\/es\/eg8145v5-voip-dual-band-xpon-onu\/","title":{"rendered":"EG8145V5 VoIP Dual Band xPON ONU"},"content":{"rendered":"<h2>Rendimiento superior en doble banda<\/h2>\n<p>El EG8145V5 Dual Band ONU est\u00e1 dise\u00f1ado para ofrecer un acceso a Internet excepcional tanto en entornos residenciales como en peque\u00f1os comercios. Su funcionalidad Wi-Fi de doble banda permite una amplia cobertura y un rendimiento superior en las bandas de frecuencia de 2,4 GHz y 5 GHz, lo que garantiza que todos los usuarios disfruten de una experiencia en l\u00ednea sin interrupciones.<\/p>\n<h2>Opciones avanzadas de conectividad<\/h2>\n<p>Esta ONU est\u00e1 equipada con varios puertos Ethernet Gigabit, lo que permite conexiones por cable fluidas y estables con una gran variedad de dispositivos, como PC, consolas de videojuegos y televisores. Disfrute de velocidades de transferencia de datos extraordinarias adaptadas a las necesidades de conectividad modernas.<\/p>\n<h2>Funciones mejoradas para los usuarios de hoy<\/h2>\n<p>Adem\u00e1s de un rendimiento fiable, el EG8145V5 incorpora funciones de vanguardia como la telefon\u00eda VoIP, lo que lo convierte en un activo inestimable para las exigencias de las redes contempor\u00e1neas. Su interfaz f\u00e1cil de usar simplifica la configuraci\u00f3n y la gesti\u00f3n, lo que lo convierte en la opci\u00f3n ideal para todas sus necesidades de red.<\/p>\n<h2>Caracter\u00edsticas principales - EG8145V5 GPON ONT terminal<\/h2>\n<ul class=\"Product_bulletList__Nzo8V\">\n<li>Terminal GPON ONT clase B+<\/li>\n<li>Puerto de conector de fibra \u00f3ptica GPON SC\/ UPC<\/li>\n<li>4 puertos LAN Gigabit Ethernet RJ-45 10\/100\/1000 Mbps<\/li>\n<li>2 x USB<\/li>\n<li>1 puerto telef\u00f3nico POTS (1x POTS RJ11)<\/li>\n<li>Transmisi\u00f3n Wi-Fi AC de doble banda a 2,4 GHz y 5 GHz<\/li>\n<li>Compatible con el moderno est\u00e1ndar ac y la tecnolog\u00eda 2\u00d72 mimo dualchain<\/li>\n<li>El rendimiento te\u00f3rico m\u00e1ximo es de 300 Mbps en la banda de 2,4 GHz y de 867 Mbps en la de 5 GHz.<\/li>\n<\/ul>\n<table class=\"cke_widget_element\" style=\"height: 666px;\" width=\"889\" data-cke-widget-data=\"%7B%22classes%22%3Anull%7D\" data-cke-widget-upcasted=\"1\" data-cke-widget-keep-attr=\"0\" data-widget=\"micTable\">\n<tbody class=\"cke_widget_editable\" contenteditable=\"true\" data-cke-widget-editable=\"tbody\" data-cke-enter-mode=\"2\">\n<tr>\n<td colspan=\"1\" rowspan=\"1\">\n<div data-spm-anchor-id=\"a2700.details.0.i37.70d36b8eTDfNK2\">Elementos t\u00e9cnicos<\/div>\n<\/td>\n<td colspan=\"1\" rowspan=\"1\">\n<div>Descripci\u00f3n<\/div>\n<\/td>\n<\/tr>\n<tr>\n<td colspan=\"1\" rowspan=\"1\">\n<div>Puerto de fibra<\/div>\n<\/td>\n<td colspan=\"1\" rowspan=\"1\">\n<div>1 interfaz GPON, 4GE+1POTS+1USB+2.4G\/5G WIFI,SC monomodo<\/div>\n<\/td>\n<\/tr>\n<tr>\n<td colspan=\"1\" rowspan=\"1\">\n<div>Longitud de onda<\/div>\n<\/td>\n<td colspan=\"1\" rowspan=\"1\">\n<div>Tx 1310nm, Rx 1490nm<\/div>\n<\/td>\n<\/tr>\n<tr>\n<td colspan=\"1\" rowspan=\"1\">\n<div>Interfaz de fibra<\/div>\n<\/td>\n<td colspan=\"1\" rowspan=\"1\">\n<div>SC\/UPC OR SC\/APC<\/div>\n<\/td>\n<\/tr>\n<tr>\n<td colspan=\"1\" rowspan=\"1\">\n<div>Sensibilidad RX<\/div>\n<\/td>\n<td colspan=\"1\" rowspan=\"1\">\n<div>&lt;-27dBm (1490nm)<\/div>\n<\/td>\n<\/tr>\n<tr>\n<td colspan=\"1\" rowspan=\"1\">\n<div>WLAN<\/div>\n<\/td>\n<td colspan=\"1\" rowspan=\"1\">\n<div>IEEE802.11b\/g\/n,2*2 MIMO, 2.4G\/5G,2*Antena externa 5dbm<\/div>\n<\/td>\n<\/tr>\n<tr>\n<td colspan=\"1\" rowspan=\"1\">\n<div>LAN<\/div>\n<\/td>\n<td colspan=\"1\" rowspan=\"1\">\n<div>1*10\/100\/1000Mbps puertos Ethernet adaptables, full\/half duplex, interfaz RJ45<\/div>\n<\/td>\n<\/tr>\n<tr>\n<td colspan=\"1\" rowspan=\"1\">\n<div>Rendimiento<\/div>\n<\/td>\n<td colspan=\"1\" rowspan=\"1\">\n<div>Bajada 950 Mbps,Subida 930 Mbps<\/div>\n<\/td>\n<\/tr>\n<tr>\n<td colspan=\"1\" rowspan=\"1\">\n<div>ONT Detecci\u00f3n y aislamiento de gamberros activos\/pasivos<\/div>\n<\/td>\n<td colspan=\"1\" rowspan=\"1\">\n<div>YES<\/div>\n<\/td>\n<\/tr>\n<tr>\n<td colspan=\"1\" rowspan=\"1\">\n<div>Capacidad de reenv\u00edo L2<\/div>\n<\/td>\n<td colspan=\"1\" rowspan=\"1\">\n<div>200 Mbit\/s en sentido descendente (con paquetes de cualquier longitud)<br \/>\n200 Mbit\/s de subida (con paquetes de cualquier longitud)<\/div>\n<\/td>\n<\/tr>\n<tr>\n<td colspan=\"1\" rowspan=\"1\">\n<div>Capacidad de reenv\u00edo IPv4 L3<\/div>\n<\/td>\n<td colspan=\"1\" rowspan=\"1\">\n<div>2 Gbit\/s con paquetes de cualquier longitud en sentido descendente<br \/>\n1 Gbit\/s con paquetes de cualquier longitud en sentido ascendente<\/div>\n<\/td>\n<\/tr>\n<tr>\n<td colspan=\"1\" rowspan=\"1\">\n<div>Capacidad de reenv\u00edo IPv6 L3<\/div>\n<\/td>\n<td colspan=\"1\" rowspan=\"1\">\n<div>2 Gbit\/s con paquetes de cualquier longitud en sentido descendente<br \/>\n1 Gbit\/s con paquetes de cualquier longitud en sentido ascendente<\/div>\n<\/td>\n<\/tr>\n<tr>\n<td colspan=\"1\" rowspan=\"1\">\n<div>M\u00e9todo de configuraci\u00f3n<\/div>\n<\/td>\n<td colspan=\"1\" rowspan=\"1\">\n<div>NMS, Web, or TR069<\/div>\n<\/td>\n<\/tr>\n<tr>\n<td colspan=\"1\" rowspan=\"1\">\n<div>Protocolo de voz<\/div>\n<\/td>\n<td colspan=\"1\" rowspan=\"1\">\n<div>SIP, H.248<\/div>\n<\/td>\n<\/tr>\n<tr>\n<td colspan=\"1\" rowspan=\"1\">\n<div>Alimentaci\u00f3n CC<\/div>\n<\/td>\n<td colspan=\"1\" rowspan=\"1\">\n<div>Entrada del adaptador: 100-240 V CA, 50 - 60 Hz ; Salida del adaptador: 11 - 14 V CC, 1,5 A<\/div>\n<\/td>\n<\/tr>\n<tr>\n<td colspan=\"1\" rowspan=\"1\">\n<div>Bot\u00f3n<\/div>\n<\/td>\n<td colspan=\"1\" rowspan=\"1\">\n<div>Reiniciar, encender<\/div>\n<\/td>\n<\/tr>\n<tr>\n<td colspan=\"1\" rowspan=\"1\">\n<div>Potencia<\/div>\n<\/td>\n<td colspan=\"1\" rowspan=\"1\">\n<div>\u226412W<\/div>\n<\/td>\n<\/tr>\n<tr>\n<td colspan=\"1\" rowspan=\"1\">\n<div>Operaci\u00f3n<\/div>\n<\/td>\n<td colspan=\"1\" rowspan=\"1\">\n<div>Temperatura de trabajo: -0-+40\u00baC Humedad de trabajo: 5-95%(sin condensaci\u00f3n)<\/div>\n<\/td>\n<\/tr>\n<tr>\n<td colspan=\"1\" rowspan=\"1\">\n<div>Dimensi\u00f3n<\/div>\n<\/td>\n<td colspan=\"1\" rowspan=\"1\">\n<div>370*175*115mm(longitud*anchura*altura)<\/div>\n<\/td>\n<\/tr>\n<tr>\n<td colspan=\"1\" rowspan=\"1\">\n<div>Peso neto<\/div>\n<\/td>\n<td colspan=\"1\" rowspan=\"1\">\n<div>\u22640.5Kg<\/div>\n<\/td>\n<\/tr>\n<\/tbody>\n<\/table>","protected":false},"excerpt":{"rendered":"<p>GPON xPON ONU ONT EG8145V5, 4 puertos Gigabit Ethernet, Wi-Fi de doble banda de 2,4 GHz y 5 GHz, un puerto USB y un puerto de voz.<\/p>","protected":false},"featured_media":1751,"comment_status":"open","ping_status":"closed","template":"","meta":[],"product_cat":[61],"product_tag":[],"class_list":["post-1747","product","type-product","status-publish","has-post-thumbnail","hentry","product_cat-onu"],"_links":{"self":[{"href":"https:\/\/wad.one\/es\/wp-json\/wp\/v2\/product\/1747","targetHints":{"allow":["GET"]}}],"collection":[{"href":"https:\/\/wad.one\/es\/wp-json\/wp\/v2\/product"}],"about":[{"href":"https:\/\/wad.one\/es\/wp-json\/wp\/v2\/types\/product"}],"replies":[{"embeddable":true,"href":"https:\/\/wad.one\/es\/wp-json\/wp\/v2\/comments?post=1747"}],"wp:featuredmedia":[{"embeddable":true,"href":"https:\/\/wad.one\/es\/wp-json\/wp\/v2\/media\/1751"}],"wp:attachment":[{"href":"https:\/\/wad.one\/es\/wp-json\/wp\/v2\/media?parent=1747"}],"wp:term":[{"taxonomy":"product_cat","embeddable":true,"href":"https:\/\/wad.one\/es\/wp-json\/wp\/v2\/product_cat?post=1747"},{"taxonomy":"product_tag","embeddable":true,"href":"https:\/\/wad.one\/es\/wp-json\/wp\/v2\/product_tag?post=1747"}],"curies":[{"name":"wp","href":"https:\/\/api.w.org\/{rel}","templated":true}]}}