{"id":1752,"date":"2024-11-13T14:49:16","date_gmt":"2024-11-13T14:49:16","guid":{"rendered":"https:\/\/wad.one\/?post_type=product&#038;p=1752"},"modified":"2024-11-14T02:16:09","modified_gmt":"2024-11-14T02:16:09","slug":"eg8145x6-wifi6-4ge-pots-gpon-ont","status":"publish","type":"product","link":"https:\/\/wad.one\/es\/eg8145x6-wifi6-4ge-pots-gpon-ont\/","title":{"rendered":"EG8145X6 WIFI6 4GE POTS GPON ONT"},"content":{"rendered":"<h2>Presentamos el Echolife EG8145x6 ONT<\/h2>\n<p>El terminal de red \u00f3ptica (ONT) echolife eg8145x6 est\u00e1 dise\u00f1ado para elevar su experiencia de conectividad. Este dispositivo de doble banda funciona sin problemas en frecuencias 5G y 2,4G, utilizando la \u00faltima tecnolog\u00eda WiFi 6.<\/p>\n<h2>Conectividad excepcional<\/h2>\n<p>Con una banda 5G compatible con IEEE 802.11 n\/ac\/ax y una banda 2.4G compatible con IEEE 802.11 b\/g\/ax, el eg8145x6 garantiza un acceso a Internet fiable y r\u00e1pido. Sus dos antenas externas y sus capacidades MIMO 2\u00d72 en ambas bandas mejoran la intensidad de la se\u00f1al y la cobertura tanto para hogares como para peque\u00f1as empresas.<\/p>\n<h2>Ideal para uso dom\u00e9stico y en peque\u00f1as oficinas<\/h2>\n<p>Dise\u00f1ada para soluciones FTTH (fibra hasta el hogar), la ONT echolife eg8145x6 ofrece acceso de banda ultraancha, por lo que es perfecta para usuarios dom\u00e9sticos o entornos de peque\u00f1a oficina\/oficina dom\u00e9stica (SOHO) que utilicen tecnolog\u00eda GPON. Disfrute hoy mismo de una conectividad mejorada.<\/p>\n<table>\n<tbody>\n<tr>\n<td>Modelo<\/td>\n<td>EG8145X6<\/td>\n<\/tr>\n<tr>\n<td>Tipo<\/td>\n<td>ONT GPON con Wi-Fi 6<\/td>\n<\/tr>\n<tr class=\"header\">\n<td colspan=\"2\">Par\u00e1metros de interfaz<\/td>\n<\/tr>\n<tr>\n<td>Puerto GPON<\/td>\n<td>Clase B<br \/>\nSensibilidad del receptor: -27 dBm<br \/>\nPotencia \u00f3ptica con sobrecarga: -8 dBm<br \/>\nLongitud de onda: US 1310 nm, DS 1490 nm<br \/>\nFiltro de bloqueo de longitud de onda (WBF) G.984.5<br \/>\nAsignaci\u00f3n flexible entre el puerto GEM y el TCONT<br \/>\nGPON: SN o autenticaci\u00f3n de contrase\u00f1a conforme a lo definido en G.984.3<br \/>\nFEC bidireccional<br \/>\nSR-DBA y NSR-DBA<br \/>\nTipo B (single-homing))<\/td>\n<\/tr>\n<tr>\n<td>Puerto POTS<\/td>\n<td>Valor m\u00e1ximo de REN: 4<br \/>\nCodificaci\u00f3n\/decodificaci\u00f3n G.711A\/\u03bc, G.729a\/b y G.722<br \/>\nModo fax T.30\/T.38\/G.711<br \/>\nDTMF<br \/>\nLlamada de emergencia (con protocolo SIP)<\/td>\n<\/tr>\n<tr>\n<td>Puerto USB<\/td>\n<td>USB2.0<br \/>\nAlmacenamiento en red basado en FTP<br \/>\nUso compartido de archivos e impresiones basado en SAMBA<br \/>\nFunci\u00f3n DLNA<\/td>\n<\/tr>\n<tr>\n<td>WLAN<\/td>\n<td>IEEE 802.11 b\/g\/n\/ax (2.4G)<br \/>\nIEEE 802.11 a\/n\/ac\/ax (5G)<br \/>\n2 \u00d7 2 MIMO (2.4G)<br \/>\n2 \u00d7 2 MIMO (5G)<br \/>\nGanancia de antena: 5 dBi<br \/>\nWMM\/M\u00faltiples SSID\/WPS<br \/>\n2.4G<\/td>\n<\/tr>\n<tr>\n<td>Puerto Ethernet<\/td>\n<td>Etiquetado y eliminaci\u00f3n de etiquetas VLAN basado en puertos Ethernet<br \/>\nVLAN 1:1, VLAN N:1 o VLAN de difusi\u00f3n transparente<br \/>\nQinQ VLAN<br \/>\nL\u00edmite de aprendizaje de direcciones MAC<br \/>\nAprendizaje de direcciones MAC<br \/>\nAutoadaptable 10 Mbit\/s, 100 Mbit\/s o 1000 Mbit\/s<\/td>\n<\/tr>\n<\/tbody>\n<\/table>","protected":false},"excerpt":{"rendered":"<p>EG8145X6 ONT is a dual band WIFI 6 terminal, 5G and 2.4G band, in 5G band it has IEEE 802.11 WIFI \/ n \/ ac \/ AX, and in 2.4G band it has IEEE 802.11 b \/ g \/ AX. It has 2 external antennas and is MIMO 2 * 2 in both bands.<\/p>","protected":false},"featured_media":1754,"comment_status":"open","ping_status":"closed","template":"","meta":[],"product_cat":[61],"product_tag":[],"class_list":["post-1752","product","type-product","status-publish","has-post-thumbnail","hentry","product_cat-onu"],"_links":{"self":[{"href":"https:\/\/wad.one\/es\/wp-json\/wp\/v2\/product\/1752","targetHints":{"allow":["GET"]}}],"collection":[{"href":"https:\/\/wad.one\/es\/wp-json\/wp\/v2\/product"}],"about":[{"href":"https:\/\/wad.one\/es\/wp-json\/wp\/v2\/types\/product"}],"replies":[{"embeddable":true,"href":"https:\/\/wad.one\/es\/wp-json\/wp\/v2\/comments?post=1752"}],"wp:featuredmedia":[{"embeddable":true,"href":"https:\/\/wad.one\/es\/wp-json\/wp\/v2\/media\/1754"}],"wp:attachment":[{"href":"https:\/\/wad.one\/es\/wp-json\/wp\/v2\/media?parent=1752"}],"wp:term":[{"taxonomy":"product_cat","embeddable":true,"href":"https:\/\/wad.one\/es\/wp-json\/wp\/v2\/product_cat?post=1752"},{"taxonomy":"product_tag","embeddable":true,"href":"https:\/\/wad.one\/es\/wp-json\/wp\/v2\/product_tag?post=1752"}],"curies":[{"name":"wp","href":"https:\/\/api.w.org\/{rel}","templated":true}]}}