{"id":1792,"date":"2024-11-15T14:12:24","date_gmt":"2024-11-15T14:12:24","guid":{"rendered":"https:\/\/wad.one\/?post_type=product&#038;p=1792"},"modified":"2024-11-15T14:34:59","modified_gmt":"2024-11-15T14:34:59","slug":"f6610m-ax3000-wi-fi-6-gpon-ont","status":"publish","type":"product","link":"https:\/\/wad.one\/es\/f6610m-ax3000-wi-fi-6-gpon-ont\/","title":{"rendered":"F6610M AX3000 Wi-Fi 6 GPON ONT"},"content":{"rendered":"<h2>Introducci\u00f3n al ZXHN F6610M FTTH<\/h2>\n<p>Experimente el futuro de la conectividad a Internet con el ZXHN F6610M FTTH. Este terminal de red \u00f3ptica inteligente Wi-Fi 6 de tipo router est\u00e1 dise\u00f1ado para mejorar su experiencia en l\u00ednea con sus funciones avanzadas y su s\u00f3lido rendimiento.<\/p>\n<h2>Caracter\u00edsticas excepcionales<\/h2>\n<p>El ZXHN F6610M FTTH cuenta con 4 puertos GE, 1 puerto POTS y 2 puertos USB, proporcionando versatilidad para todos sus dispositivos. Este terminal de \u00faltima generaci\u00f3n es compatible con Wi-Fi de 2,4 GHz y 5 GHz, lo que garantiza una conectividad perfecta para servicios de voz, datos y v\u00eddeo de alta definici\u00f3n (HD).<\/p>\n<h2>Innovaci\u00f3n tecnol\u00f3gica<\/h2>\n<p>Gracias a la tecnolog\u00eda de red \u00f3ptica pasiva Gigabit (GPON), el ZXHN F6610M FTTH proporciona acceso de banda ultraancha con un alto rendimiento de reenv\u00edo. Disfrute de una amplia cobertura y capacidades de soporte de servicios orientadas al futuro que le mantendr\u00e1n conectado hoy y ma\u00f1ana.<\/p>\n<h2>F6610M FTTH Caracter\u00edsticas del producto<\/h2>\n<ul>\n<li>Gesti\u00f3n visualizada de la red dom\u00e9stica.<\/li>\n<li>Asignaci\u00f3n de ancho de banda definida por el usuario<\/li>\n<li>Optimizaci\u00f3n Wi-Fi y roaming.<\/li>\n<li>Operaciones y mantenimiento inal\u00e1mbricos (O&amp;M).<\/li>\n<li>Identificaci\u00f3n inteligente y antiinterferencias.<\/li>\n<li>Servicios inteligentes<\/li>\n<li>Programaci\u00f3n del apagado Wi-Fi.<\/li>\n<li>Diagn\u00f3stico de la calidad de v\u00eddeo IPTV.<\/li>\n<li>Detecci\u00f3n y autorregulaci\u00f3n de ONT fraudulentas.<\/li>\n<li>Emulaci\u00f3n de llamada, prueba de circuito y prueba de l\u00ednea de bucle.<\/li>\n<li>Pruebas de simulaci\u00f3n PPPoE\/DHCP.<\/li>\n<li>Uso compartido inteligente de Wi-Fi: Autenticaci\u00f3n Portal\/802.1X y uso compartido basado en SoftGRE.<\/li>\n<\/ul>\n<table width=\"669\">\n<tbody>\n<tr>\n<td width=\"172\">N\u00famero del modelo<\/td>\n<td width=\"497\">F6610M<\/td>\n<\/tr>\n<tr>\n<td>Tipo<\/td>\n<td>XPON ONU<\/td>\n<\/tr>\n<tr>\n<td>Use<\/td>\n<td>Terminal de red \u00f3ptica dom\u00e9stica<\/td>\n<\/tr>\n<tr>\n<td>Red<\/td>\n<td>LAN inal\u00e1mbrica, LAN por cable, wifi, XG-PON, red \u00f3ptica<\/td>\n<\/tr>\n<tr>\n<td>Interfaz<\/td>\n<td>4GE+USB+TEL+2.4G\/5G wifi6<\/td>\n<\/tr>\n<tr>\n<td>Puerto PON<\/td>\n<td>SC\/UPC &amp; SC\/APC<\/td>\n<\/tr>\n<tr>\n<td>Firmware<\/td>\n<td>Ingl\u00e9s<\/td>\n<\/tr>\n<tr>\n<td>Use<\/td>\n<td>FTTH<\/td>\n<\/tr>\n<tr>\n<td>PON<\/td>\n<td>\n<p data-spm-anchor-id=\"a2700.details.0.i67.69d675f4o4Jx5e\">GPON<\/p>\n<\/td>\n<\/tr>\n<\/tbody>\n<\/table>","protected":false},"excerpt":{"rendered":"<p>El F6610M, un terminal de red \u00f3ptica GPON para usuarios dom\u00e9sticos, est\u00e1 dise\u00f1ado para escenarios de fibra hasta el hogar (FTTH) y admite montaje en sobremesa y en pared.<\/p>","protected":false},"featured_media":1793,"comment_status":"open","ping_status":"closed","template":"","meta":[],"product_cat":[61],"product_tag":[],"class_list":["post-1792","product","type-product","status-publish","has-post-thumbnail","hentry","product_cat-onu"],"_links":{"self":[{"href":"https:\/\/wad.one\/es\/wp-json\/wp\/v2\/product\/1792","targetHints":{"allow":["GET"]}}],"collection":[{"href":"https:\/\/wad.one\/es\/wp-json\/wp\/v2\/product"}],"about":[{"href":"https:\/\/wad.one\/es\/wp-json\/wp\/v2\/types\/product"}],"replies":[{"embeddable":true,"href":"https:\/\/wad.one\/es\/wp-json\/wp\/v2\/comments?post=1792"}],"wp:featuredmedia":[{"embeddable":true,"href":"https:\/\/wad.one\/es\/wp-json\/wp\/v2\/media\/1793"}],"wp:attachment":[{"href":"https:\/\/wad.one\/es\/wp-json\/wp\/v2\/media?parent=1792"}],"wp:term":[{"taxonomy":"product_cat","embeddable":true,"href":"https:\/\/wad.one\/es\/wp-json\/wp\/v2\/product_cat?post=1792"},{"taxonomy":"product_tag","embeddable":true,"href":"https:\/\/wad.one\/es\/wp-json\/wp\/v2\/product_tag?post=1792"}],"curies":[{"name":"wp","href":"https:\/\/api.w.org\/{rel}","templated":true}]}}