{"id":1796,"date":"2024-11-15T14:40:01","date_gmt":"2024-11-15T14:40:01","guid":{"rendered":"https:\/\/wad.one\/?post_type=product&#038;p=1796"},"modified":"2024-11-15T15:04:08","modified_gmt":"2024-11-15T15:04:08","slug":"gpuf-16-ports-gpon-board-h901-ma5800","status":"publish","type":"product","link":"https:\/\/wad.one\/es\/gpuf-16-ports-gpon-board-h901-ma5800\/","title":{"rendered":"GPUF 16 Ports GPON Board H901 MA5800"},"content":{"rendered":"<h2>Visi\u00f3n general del GPUF GPON Service Board<\/h2>\n<p>La GPON Service Board es una vanguardista tarjeta de interfaz de 16 puertos GPON, dise\u00f1ada espec\u00edficamente para los sistemas MA5800 X2, X7, X15 y X17 NG OLT. Equipada con un m\u00f3dulo C SFP, esta tecnolog\u00eda satisface las crecientes demandas de las redes modernas.<\/p>\n<h2>Capacidad y rendimiento inigualables<\/h2>\n<p>Esta innovadora placa admite una relaci\u00f3n de divisi\u00f3n de 1:128, lo que garantiza que los operadores puedan gestionar con eficiencia el creciente tr\u00e1fico de las redes gigabit ultraanchas. Al ofrecer un rendimiento superior, la placa de servicios GPON permite la transmisi\u00f3n sin interrupciones de v\u00eddeos 4K, 8K y VR, lo que proporciona a los usuarios una experiencia inigualable.<\/p>\n<h2>Una soluci\u00f3n unificada para m\u00faltiples servicios<\/h2>\n<p>Adem\u00e1s, la soluci\u00f3n MA5800 simplifica la arquitectura de red, reduciendo eficazmente la necesidad de m\u00faltiples salas de ordenadores y disminuyendo los costes de operaci\u00f3n y mantenimiento. Dise\u00f1ada para soportar los futuros hogares inteligentes y parques totalmente \u00f3pticos, facilita la prestaci\u00f3n de servicios unificados para usuarios dom\u00e9sticos, empresas, portadores m\u00f3viles y aplicaciones IoT.<\/p>\n<table width=\"756\">\n<tbody>\n<tr>\n<td>Modelo<\/td>\n<td>GPUF<\/td>\n<\/tr>\n<tr>\n<td width=\"242\">Puerto GPON<\/td>\n<td width=\"514\">Puerto 16-GPON<\/td>\n<\/tr>\n<tr>\n<td width=\"242\">Tipo<\/td>\n<td width=\"514\">M\u00f3dulo C+ : M\u00f3dulo \u00f3ptico bidireccional de una fibra, clase C+<\/td>\n<\/tr>\n<tr>\n<td width=\"242\">Longitud de onda operativa<\/td>\n<td width=\"514\">Tx: 1490 nm, Rx: 1310 nm<\/td>\n<\/tr>\n<tr>\n<td width=\"242\">Tipo de encapsulaci\u00f3n<\/td>\n<td width=\"514\">SFP<\/td>\n<\/tr>\n<tr>\n<td width=\"242\">Tarifa portuaria<\/td>\n<td width=\"514\">Tx: 2.488 Gbit\/s, Rx: 1.244 Gbit\/s<\/td>\n<\/tr>\n<tr>\n<td width=\"242\">Potencia \u00f3ptica de salida m\u00ednima<\/td>\n<td width=\"514\">C+ Module : 3.00 dBm<\/td>\n<\/tr>\n<tr>\n<td width=\"242\">Potencia \u00f3ptica de salida m\u00e1xima<\/td>\n<td width=\"514\">C+ Module : 7.00 dBm<\/td>\n<\/tr>\n<tr>\n<td width=\"242\">Sensibilidad m\u00e1xima del receptor<\/td>\n<td width=\"514\">C+ Module : -32.00 dBm<\/td>\n<\/tr>\n<tr>\n<td width=\"242\">Tipo de conector \u00f3ptico<\/td>\n<td width=\"514\">SC<\/td>\n<\/tr>\n<tr>\n<td width=\"242\">Tipo de fibra \u00f3ptica<\/td>\n<td width=\"514\">Monomodo<\/td>\n<\/tr>\n<tr>\n<td width=\"242\">Sobrecarga Potencia \u00f3ptica<\/td>\n<td width=\"514\">C+ Module : -12.0 dBm<\/td>\n<\/tr>\n<tr>\n<td width=\"242\">Relaci\u00f3n de extinci\u00f3n<\/td>\n<td width=\"514\">8.2 dB<\/td>\n<\/tr>\n<tr>\n<td width=\"242\">Dimensiones<\/td>\n<td width=\"514\">23.30 mm * 257.90 mm * 399.20 mm<\/td>\n<\/tr>\n<tr>\n<td width=\"242\">Consumo de energ\u00eda<\/td>\n<td width=\"514\">Est\u00e1tica: 25W; M\u00e1xima:50W<\/td>\n<\/tr>\n<tr>\n<td width=\"242\">Tama\u00f1o m\u00e1ximo del marco<\/td>\n<td width=\"514\">2052 bytes<\/td>\n<\/tr>\n<tr>\n<td width=\"242\">Temperatura de funcionamiento<\/td>\n<td width=\"514\">-40\u00b0C to +65\u00b0C<\/td>\n<\/tr>\n<\/tbody>\n<\/table>","protected":false},"excerpt":{"rendered":"<p>La tarjeta de servicio GPUF es una tarjeta de interfaz GPON de 16 puertos que se aplica al sistema OLT MA5800 X2 MA5800 X7 MA5800 X15 MA5800 X17 y proporciona acceso al servicio GPON desde la ONT. GPHF puede acceder a un m\u00e1ximo de 16*128 abonados GPON.<\/p>","protected":false},"featured_media":1799,"comment_status":"open","ping_status":"closed","template":"","meta":[],"product_cat":[71],"product_tag":[],"class_list":["post-1796","product","type-product","status-publish","has-post-thumbnail","hentry","product_cat-ma5800"],"_links":{"self":[{"href":"https:\/\/wad.one\/es\/wp-json\/wp\/v2\/product\/1796","targetHints":{"allow":["GET"]}}],"collection":[{"href":"https:\/\/wad.one\/es\/wp-json\/wp\/v2\/product"}],"about":[{"href":"https:\/\/wad.one\/es\/wp-json\/wp\/v2\/types\/product"}],"replies":[{"embeddable":true,"href":"https:\/\/wad.one\/es\/wp-json\/wp\/v2\/comments?post=1796"}],"wp:featuredmedia":[{"embeddable":true,"href":"https:\/\/wad.one\/es\/wp-json\/wp\/v2\/media\/1799"}],"wp:attachment":[{"href":"https:\/\/wad.one\/es\/wp-json\/wp\/v2\/media?parent=1796"}],"wp:term":[{"taxonomy":"product_cat","embeddable":true,"href":"https:\/\/wad.one\/es\/wp-json\/wp\/v2\/product_cat?post=1796"},{"taxonomy":"product_tag","embeddable":true,"href":"https:\/\/wad.one\/es\/wp-json\/wp\/v2\/product_tag?post=1796"}],"curies":[{"name":"wp","href":"https:\/\/api.w.org\/{rel}","templated":true}]}}