{"id":1800,"date":"2024-11-15T15:08:43","date_gmt":"2024-11-15T15:08:43","guid":{"rendered":"https:\/\/wad.one\/?post_type=product&#038;p=1800"},"modified":"2024-11-15T15:50:39","modified_gmt":"2024-11-15T15:50:39","slug":"cghf-16-ports-xg-pon-gpon-combo-ma5800-olt","status":"publish","type":"product","link":"https:\/\/wad.one\/es\/cghf-16-ports-xg-pon-gpon-combo-ma5800-olt\/","title":{"rendered":"CGHF 16 puertos XG-PON GPON combo MA5800 OLT"},"content":{"rendered":"<h2>Introducci\u00f3n a la Junta de Servicio de la CGHF<\/h2>\n<p>La tarjeta de servicio CGHF de Huawei es una interfaz OLT combinada GPON y GPON 10G avanzada de 16 puertos dise\u00f1ada para mejorar las capacidades de su red. Admite m\u00faltiples funcionalidades, lo que la convierte en una opci\u00f3n fiable para diversas necesidades operativas.<\/p>\n<h2>Caracter\u00edsticas principales de la Junta de Servicio de la CGHF<\/h2>\n<p>Esta placa de servicio est\u00e1 equipada con una extraordinaria interfaz XG-PON, que facilita la transmisi\u00f3n de datos a alta velocidad. Su estructura de 16 puertos permite una amplia conectividad, lo que garantiza que pueda gestionar varias operaciones simult\u00e1neamente sin ning\u00fan contratiempo en el rendimiento.<\/p>\n<p>La placa de servicio CGHF es una placa de interfaz OLT combo GPON y GPON 10G de 16 puertos con m\u00f3dulo \u00f3ptico XGPON y GPON C+. Esta placa se aplica al sistema MA5800 X2, X7, X15, X17 NG OLT.<\/p>\n<table width=\"760\">\n<tbody>\n<tr>\n<td>Modelo<\/td>\n<td>CGHF<\/td>\n<\/tr>\n<tr>\n<td width=\"319\">Puerto GPON<\/td>\n<td width=\"441\">16 puertos XG-PON y GPON<\/td>\n<\/tr>\n<tr>\n<td width=\"319\">Tipo<\/td>\n<td width=\"441\">One-fiber bi-directional optical module<\/td>\n<\/tr>\n<tr>\n<td rowspan=\"6\" width=\"319\">Longitud de onda operativa<\/td>\n<td width=\"441\">Canal GPON:<\/td>\n<\/tr>\n<tr>\n<td width=\"441\">Tx: 1490 nm<\/td>\n<\/tr>\n<tr>\n<td width=\"441\">Rx: 1310 nm<\/td>\n<\/tr>\n<tr>\n<td width=\"441\">Canal XG-PON:<\/td>\n<\/tr>\n<tr>\n<td width=\"441\">Tx: 1577 nm<\/td>\n<\/tr>\n<tr>\n<td width=\"441\">Rx: 1270 nm<\/td>\n<\/tr>\n<tr>\n<td width=\"319\">Tipo de encapsulaci\u00f3n<\/td>\n<td width=\"441\">SFP+<\/td>\n<\/tr>\n<tr>\n<td rowspan=\"6\" width=\"319\">Tarifa portuaria<\/td>\n<td width=\"441\">Canal GPON:<\/td>\n<\/tr>\n<tr>\n<td width=\"441\">Tx: 2.488 Gbit\/s<\/td>\n<\/tr>\n<tr>\n<td width=\"441\">Rx: 1.244 Gbit\/s<\/td>\n<\/tr>\n<tr>\n<td width=\"441\">Canal XG-PON:<\/td>\n<\/tr>\n<tr>\n<td width=\"441\">Tx: 9.953 Gbit\/s<\/td>\n<\/tr>\n<tr>\n<td width=\"441\">Rx: 2.488 Gbit\/s<\/td>\n<\/tr>\n<tr>\n<td rowspan=\"2\" width=\"319\">Potencia \u00f3ptica de salida m\u00ednima<\/td>\n<td width=\"441\">Canal GPON: 3 dBm<\/td>\n<\/tr>\n<tr>\n<td width=\"441\">XG-PON channel: 4 dBm<\/td>\n<\/tr>\n<tr>\n<td rowspan=\"2\" width=\"319\">Potencia \u00f3ptica de salida m\u00e1xima<\/td>\n<td width=\"441\">Canal GPON: 7 dBm<\/td>\n<\/tr>\n<tr>\n<td width=\"441\">XG-PON channel: 8 dBm<\/td>\n<\/tr>\n<tr>\n<td rowspan=\"2\" width=\"319\">Sensibilidad m\u00e1xima del receptor<\/td>\n<td width=\"441\">Canal GPON: -32 dBm<\/td>\n<\/tr>\n<tr>\n<td width=\"441\">XG-PON channel: -29.5 dBm<\/td>\n<\/tr>\n<tr>\n<td width=\"319\">Tipo de conector \u00f3ptico<\/td>\n<td width=\"441\">SC<\/td>\n<\/tr>\n<tr>\n<td width=\"319\">Tipo de fibra \u00f3ptica<\/td>\n<td width=\"441\">Monomodo<\/td>\n<\/tr>\n<tr>\n<td rowspan=\"2\" width=\"319\">Sobrecarga Potencia \u00f3ptica<\/td>\n<td width=\"441\">GPON canal: -12 dBm<\/td>\n<\/tr>\n<tr>\n<td width=\"441\">XG-PON canal: -9 dBm<\/td>\n<\/tr>\n<tr>\n<td width=\"319\">Relaci\u00f3n de extinci\u00f3n<\/td>\n<td width=\"441\">8.2 dB<\/td>\n<\/tr>\n<tr>\n<td width=\"319\">Capacidad de reenv\u00edo<\/td>\n<td width=\"441\">200 Gbit\/s<\/td>\n<\/tr>\n<tr>\n<td width=\"319\">Modo de tarifa<\/td>\n<td width=\"441\">Tasa asim\u00e9trica<\/td>\n<\/tr>\n<tr>\n<td rowspan=\"2\" width=\"319\">T-CONTs per PON port<\/td>\n<td width=\"441\">GPON: 1024<\/td>\n<\/tr>\n<tr>\n<td width=\"441\">XG-PON: 2048<\/td>\n<\/tr>\n<tr>\n<td width=\"319\">Flujos de servicio por tarjeta PON<\/td>\n<td width=\"441\">16352<\/td>\n<\/tr>\n<tr>\n<td rowspan=\"2\" width=\"319\">Tama\u00f1o m\u00e1ximo del marco<\/td>\n<td width=\"441\">2052 bytes<\/td>\n<\/tr>\n<tr>\n<td width=\"441\">9216 bytes (jumbo frame enabled)<\/td>\n<\/tr>\n<tr>\n<td width=\"319\">N\u00famero m\u00e1ximo de direcciones MAC<\/td>\n<td width=\"441\">131072<\/td>\n<\/tr>\n<tr>\n<td width=\"319\">Diferencia m\u00e1xima de distancia entre<\/td>\n<td rowspan=\"2\" width=\"441\">40 km<\/td>\n<\/tr>\n<tr>\n<td width=\"319\">dos ONU bajo el mismo puerto PON<\/td>\n<\/tr>\n<tr>\n<td width=\"319\">Dimensiones<\/td>\n<td width=\"441\">23.30 mm * 257.90 mm * 399.20 mm<\/td>\n<\/tr>\n<tr>\n<td rowspan=\"2\" width=\"319\">Consumo de energ\u00eda<\/td>\n<td width=\"441\">Static: 48 W<\/td>\n<\/tr>\n<tr>\n<td width=\"441\">Maximum: 106 W<\/td>\n<\/tr>\n<tr>\n<td width=\"319\">Temperatura de funcionamiento<\/td>\n<td width=\"441\">-40\u00b0C to +65\u00b0C<\/td>\n<\/tr>\n<\/tbody>\n<\/table>","protected":false},"excerpt":{"rendered":"<p>La tarjeta de servicio CGHF es una tarjeta de interfaz OLT combo XG-PON y GPON de 16 puertos para equipos OLT de la serie MA5800. Funciona junto con la unidad de red \u00f3ptica (ONU) para proporcionar servicios de acceso XG-PON y GPON.<\/p>","protected":false},"featured_media":1801,"comment_status":"open","ping_status":"closed","template":"","meta":[],"product_cat":[71],"product_tag":[],"class_list":["post-1800","product","type-product","status-publish","has-post-thumbnail","hentry","product_cat-ma5800"],"_links":{"self":[{"href":"https:\/\/wad.one\/es\/wp-json\/wp\/v2\/product\/1800","targetHints":{"allow":["GET"]}}],"collection":[{"href":"https:\/\/wad.one\/es\/wp-json\/wp\/v2\/product"}],"about":[{"href":"https:\/\/wad.one\/es\/wp-json\/wp\/v2\/types\/product"}],"replies":[{"embeddable":true,"href":"https:\/\/wad.one\/es\/wp-json\/wp\/v2\/comments?post=1800"}],"wp:featuredmedia":[{"embeddable":true,"href":"https:\/\/wad.one\/es\/wp-json\/wp\/v2\/media\/1801"}],"wp:attachment":[{"href":"https:\/\/wad.one\/es\/wp-json\/wp\/v2\/media?parent=1800"}],"wp:term":[{"taxonomy":"product_cat","embeddable":true,"href":"https:\/\/wad.one\/es\/wp-json\/wp\/v2\/product_cat?post=1800"},{"taxonomy":"product_tag","embeddable":true,"href":"https:\/\/wad.one\/es\/wp-json\/wp\/v2\/product_tag?post=1800"}],"curies":[{"name":"wp","href":"https:\/\/api.w.org\/{rel}","templated":true}]}}