{"id":1804,"date":"2024-11-15T15:21:51","date_gmt":"2024-11-15T15:21:51","guid":{"rendered":"https:\/\/wad.one\/?post_type=product&#038;p=1804"},"modified":"2024-11-16T03:10:46","modified_gmt":"2024-11-16T03:10:46","slug":"gpsf-16-ports-gpon-board-h901-ma5800-olt","status":"publish","type":"product","link":"https:\/\/wad.one\/es\/gpsf-16-ports-gpon-board-h901-ma5800-olt\/","title":{"rendered":"GPSF 16 Ports GPON Board H901 MA5800 OLT"},"content":{"rendered":"<h2>\u00bfQu\u00e9 es la Junta de Servicio del GPSF?<\/h2>\n<p>La tarjeta de servicio GPSF es una interfaz OLT GPON de 16 puertos altamente eficiente dise\u00f1ada espec\u00edficamente para la serie MA5800 de Huawei. Esta avanzada tecnolog\u00eda mejora las capacidades de su red garantizando una transmisi\u00f3n de datos fiable y r\u00e1pida.<\/p>\n<h2>Caracter\u00edsticas principales del GPSF Service Board<\/h2>\n<p><strong>1. Alta densidad y ahorro de energ\u00eda<\/strong><\/p>\n<p>Alta densidad, bajo consumo, admite 2048 usuarios de acceso.<\/p>\n<p>Apagado manual del puerto PON inactivo, para evitar el desperdicio de energ\u00eda.<\/p>\n<p><strong>2. Canal de gesti\u00f3n inteligente<\/strong><\/p>\n<p>Nivel 4 HQoS para mejorar la experiencia del usuario.<\/p>\n<p>9216 Jumbo, lo que mejora considerablemente la eficacia de la transmisi\u00f3n.<\/p>\n<p><strong>3. F\u00e1cil de manejar y mantener<\/strong><\/p>\n<p>Detecci\u00f3n y aislamiento de rogue ONU en tiempo real, para garantizar el funcionamiento estable de la empresa<\/p>\n<p>1:64 eOTDR, reparto preciso de aver\u00edas y localizaci\u00f3n r\u00e1pida de aver\u00edas.<\/p>\n<h2>\u00bfPor qu\u00e9 elegir la Junta de Servicio del GPSF?<\/h2>\n<p>Optar por el GPSF Service Board significa invertir en una soluci\u00f3n fiable para sus necesidades de telecomunicaciones. Su dise\u00f1o robusto y su compatibilidad con la serie MA5800 lo convierten en la opci\u00f3n ideal para cualquier empresa que desee mejorar su infraestructura de red.<\/p>\n<table width=\"714\">\n<tbody>\n<tr>\n<td>Modelo<\/td>\n<td>GPSF<\/td>\n<\/tr>\n<tr>\n<td width=\"235\">Puerto GPON<\/td>\n<td width=\"479\">Puerto 16-GPON<\/td>\n<\/tr>\n<tr>\n<td width=\"235\">Tipo<\/td>\n<td width=\"479\">M\u00f3dulo C+ : M\u00f3dulo \u00f3ptico bidireccional de una fibra, clase C+<\/td>\n<\/tr>\n<tr>\n<td width=\"235\">Longitud de onda operativa<\/td>\n<td width=\"479\">Tx: 1490 nm, Rx: 1310 nm<\/td>\n<\/tr>\n<tr>\n<td width=\"235\">Tipo de encapsulaci\u00f3n<\/td>\n<td width=\"479\">SFP<\/td>\n<\/tr>\n<tr>\n<td width=\"235\">Tarifa portuaria<\/td>\n<td width=\"479\">Tx: 2.49 Gbit\/s, Rx: 1.24 Gbit\/s<\/td>\n<\/tr>\n<tr>\n<td width=\"235\">Potencia \u00f3ptica de salida m\u00ednima<\/td>\n<td width=\"479\">C+ Module : 3.00 dBm<\/td>\n<\/tr>\n<tr>\n<td width=\"235\">Potencia \u00f3ptica de salida m\u00e1xima<\/td>\n<td width=\"479\">C+ Module : 7.00 dBm<\/td>\n<\/tr>\n<tr>\n<td width=\"235\">Sensibilidad m\u00e1xima del receptor<\/td>\n<td width=\"479\">C+ Module : -32.00 dBm<\/td>\n<\/tr>\n<tr>\n<td width=\"235\">Tipo de conector \u00f3ptico<\/td>\n<td width=\"479\">SC\/PC<\/td>\n<\/tr>\n<tr>\n<td width=\"235\">Tipo de fibra \u00f3ptica<\/td>\n<td width=\"479\">Monomodo<\/td>\n<\/tr>\n<tr>\n<td width=\"235\">Reach<\/td>\n<td width=\"479\">20.00 km<\/td>\n<\/tr>\n<tr>\n<td width=\"235\">Sobrecarga Potencia \u00f3ptica<\/td>\n<td width=\"479\">C+ Module : -12.0 dBm<\/td>\n<\/tr>\n<tr>\n<td width=\"235\">Relaci\u00f3n de extinci\u00f3n<\/td>\n<td width=\"479\">8.2 dB<\/td>\n<\/tr>\n<tr>\n<td width=\"235\">Dimensiones<\/td>\n<td width=\"479\">23.30 mm * 257.90 mm * 399.20 mm<\/td>\n<\/tr>\n<tr>\n<td width=\"235\">Consumo de energ\u00eda<\/td>\n<td width=\"479\">Est\u00e1tica: 25W; M\u00e1xima:50W<\/td>\n<\/tr>\n<tr>\n<td rowspan=\"2\" width=\"235\">Tama\u00f1o m\u00e1ximo del marco<\/td>\n<td width=\"479\">2004 bytes<\/td>\n<\/tr>\n<tr>\n<td width=\"479\">9216 bytes (jumbo frame enabled)<\/td>\n<\/tr>\n<tr>\n<td width=\"235\">Temperatura de funcionamiento<\/td>\n<td width=\"479\">-40\u00b0C to +65\u00b0C<\/td>\n<\/tr>\n<\/tbody>\n<\/table>","protected":false},"excerpt":{"rendered":"<p>La tarjeta de servicio GPSF es una tarjeta de interfaz GPON OLT de 16 puertos con m\u00f3dulo SFP C+ para la serie MA5800 de Huawei. Funciona junto con la unidad de red \u00f3ptica (ONU) para proporcionar servicios de acceso GPON.<\/p>","protected":false},"featured_media":1807,"comment_status":"open","ping_status":"closed","template":"","meta":[],"product_cat":[71],"product_tag":[],"class_list":["post-1804","product","type-product","status-publish","has-post-thumbnail","hentry","product_cat-ma5800"],"_links":{"self":[{"href":"https:\/\/wad.one\/es\/wp-json\/wp\/v2\/product\/1804","targetHints":{"allow":["GET"]}}],"collection":[{"href":"https:\/\/wad.one\/es\/wp-json\/wp\/v2\/product"}],"about":[{"href":"https:\/\/wad.one\/es\/wp-json\/wp\/v2\/types\/product"}],"replies":[{"embeddable":true,"href":"https:\/\/wad.one\/es\/wp-json\/wp\/v2\/comments?post=1804"}],"wp:featuredmedia":[{"embeddable":true,"href":"https:\/\/wad.one\/es\/wp-json\/wp\/v2\/media\/1807"}],"wp:attachment":[{"href":"https:\/\/wad.one\/es\/wp-json\/wp\/v2\/media?parent=1804"}],"wp:term":[{"taxonomy":"product_cat","embeddable":true,"href":"https:\/\/wad.one\/es\/wp-json\/wp\/v2\/product_cat?post=1804"},{"taxonomy":"product_tag","embeddable":true,"href":"https:\/\/wad.one\/es\/wp-json\/wp\/v2\/product_tag?post=1804"}],"curies":[{"name":"wp","href":"https:\/\/api.w.org\/{rel}","templated":true}]}}