{"id":1808,"date":"2024-11-15T15:37:31","date_gmt":"2024-11-15T15:37:31","guid":{"rendered":"https:\/\/wad.one\/?post_type=product&#038;p=1808"},"modified":"2024-11-16T15:26:36","modified_gmt":"2024-11-16T15:26:36","slug":"gplf-16-ports-gpon-board-h901-ma5800-olt","status":"publish","type":"product","link":"https:\/\/wad.one\/es\/gplf-16-ports-gpon-board-h901-ma5800-olt\/","title":{"rendered":"GPLF 16 Ports GPON Board H901 MA5800 OLT"},"content":{"rendered":"<h2>Introducci\u00f3n a la Junta de Servicio del GPLF<\/h2>\n<p>La tarjeta de servicio GPLF es una tarjeta de interfaz GPON avanzada de 16 puertos adaptada a la serie MA5800 de Huawei. Desempe\u00f1a un papel fundamental a la hora de proporcionar soluciones integradas de acceso de banda ancha y banda estrecha.<\/p>\n<h2>Soluciones de acceso de alto rendimiento<\/h2>\n<ul>\n<li>Alta densidad, bajo consumo, admite 2048 usuarios de acceso.<\/li>\n<li>Apagado manual del puerto PON inactivo, para evitar el desperdicio de energ\u00eda<\/li>\n<li>Soporta la misma boca PON dos ONU a puerto PON diferencia m\u00e1xima de distancia de 40 km, lo que simplifica la planificaci\u00f3n de la red<\/li>\n<li>Nivel 4 HQoS para mejorar la experiencia del usuario.<\/li>\n<li>9216 Jumbo, lo que mejora considerablemente la eficacia de la transmisi\u00f3n.<\/li>\n<li>Detecci\u00f3n y aislamiento de rogue ONU en tiempo real, para garantizar el funcionamiento estable de la empresa<\/li>\n<li>Puede convertirse en OMCI, mejorar la eficiencia de la actualizaci\u00f3n, acortar la interrupci\u00f3n del negocio<\/li>\n<li>1:64 eOTDR, reparto preciso de aver\u00edas y localizaci\u00f3n r\u00e1pida de aver\u00edas.<\/li>\n<\/ul>\n<h2>Prepare su red para el futuro<\/h2>\n<p>En la era del consumo de contenidos 4K, MA5800-X7 garantiza un acceso sin bloqueos de 100 Mbps por usuario. Con su incre\u00edble capacidad para gestionar grandes vol\u00famenes de datos mediante tecnolog\u00edas de banda ultraancha, su red est\u00e1 preparada para todas las exigencias futuras.<\/p>\n<table width=\"610\">\n<tbody>\n<tr>\n<td>Nombre del Consejo<\/td>\n<td>GPLF<\/td>\n<\/tr>\n<tr>\n<td>N\u00ba de puerto<\/td>\n<td width=\"474\"><span data-spm-anchor-id=\"a2700.details.pronpeci14.i0.25df148bePQexs\">16 puertos GPON SFP<\/span><\/td>\n<\/tr>\n<tr>\n<td>Ratio de divisi\u00f3n<\/td>\n<td width=\"474\">Una proporci\u00f3n m\u00e1xima de divisi\u00f3n de 1:128<\/td>\n<\/tr>\n<tr>\n<td>SFP<\/td>\n<td width=\"474\">M\u00f3dulos \u00f3pticos bidireccionales de una fibra de clase B+\/C+\/C++<\/td>\n<\/tr>\n<tr>\n<td>Adaptaci\u00f3n del tr\u00e1fico<\/td>\n<td width=\"474\">Conformaci\u00f3n del tr\u00e1fico basada en ONU<\/td>\n<\/tr>\n<tr>\n<td>Temperatura<\/td>\n<td width=\"474\">Lectura de temperatura y alarma de alta temperatura<\/td>\n<\/tr>\n<tr>\n<td>Protecci\u00f3n del Consejo<\/td>\n<td width=\"474\">Desconexi\u00f3n autom\u00e1tica en caso de alta temperatura<\/td>\n<\/tr>\n<tr>\n<td>FEC<\/td>\n<td width=\"474\">Correcci\u00f3n de errores en sentido ascendente y descendente (FEC)<\/td>\n<\/tr>\n<tr>\n<td>Red<\/td>\n<td width=\"474\">Redes L3VPN y D-CCAP<\/td>\n<\/tr>\n<tr>\n<td>ONU<\/td>\n<td width=\"474\">Detecci\u00f3n de Rogue ONU<\/td>\n<\/tr>\n<tr>\n<td>CCAP<\/td>\n<td width=\"474\">Redes L3VPN y D-CCAP<\/td>\n<\/tr>\n<tr>\n<td>RSS<\/td>\n<td width=\"474\">Detecci\u00f3n del indicador de intensidad de la se\u00f1al recibida (RSSI) y control de la transmisi\u00f3n de la se\u00f1al \u00f3ptica del m\u00f3dulo \u00f3ptico<\/td>\n<\/tr>\n<\/tbody>\n<\/table>","protected":false},"excerpt":{"rendered":"<p>La tarjeta de servicio GPLF es una tarjeta de interfaz GPON de 16 puertos para la OLT MA5800-X2 MA5800-X7 MA5800-X15 MA5800-X17. Esta placa coopera con un dispositivo ONU (Optical Network Unit) para implementar el acceso al servicio GPON.<\/p>","protected":false},"featured_media":1811,"comment_status":"open","ping_status":"closed","template":"","meta":[],"product_cat":[71],"product_tag":[],"class_list":["post-1808","product","type-product","status-publish","has-post-thumbnail","hentry","product_cat-ma5800"],"_links":{"self":[{"href":"https:\/\/wad.one\/es\/wp-json\/wp\/v2\/product\/1808","targetHints":{"allow":["GET"]}}],"collection":[{"href":"https:\/\/wad.one\/es\/wp-json\/wp\/v2\/product"}],"about":[{"href":"https:\/\/wad.one\/es\/wp-json\/wp\/v2\/types\/product"}],"replies":[{"embeddable":true,"href":"https:\/\/wad.one\/es\/wp-json\/wp\/v2\/comments?post=1808"}],"wp:featuredmedia":[{"embeddable":true,"href":"https:\/\/wad.one\/es\/wp-json\/wp\/v2\/media\/1811"}],"wp:attachment":[{"href":"https:\/\/wad.one\/es\/wp-json\/wp\/v2\/media?parent=1808"}],"wp:term":[{"taxonomy":"product_cat","embeddable":true,"href":"https:\/\/wad.one\/es\/wp-json\/wp\/v2\/product_cat?post=1808"},{"taxonomy":"product_tag","embeddable":true,"href":"https:\/\/wad.one\/es\/wp-json\/wp\/v2\/product_tag?post=1808"}],"curies":[{"name":"wp","href":"https:\/\/api.w.org\/{rel}","templated":true}]}}