{"id":1891,"date":"2024-11-16T15:39:57","date_gmt":"2024-11-16T15:39:57","guid":{"rendered":"https:\/\/wad.one\/?post_type=product&#038;p=1891"},"modified":"2024-11-16T15:47:20","modified_gmt":"2024-11-16T15:47:20","slug":"cshf-xgs-pon-gpon-combo-board-h901-ma5800-olt","status":"publish","type":"product","link":"https:\/\/wad.one\/es\/cshf-xgs-pon-gpon-combo-board-h901-ma5800-olt\/","title":{"rendered":"CSHF XGS-PON GPON Combo Board H901 MA5800 OLT"},"content":{"rendered":"<h2>Panorama de la Junta Directiva de la CSHF<\/h2>\n<p>La tarjeta CSHF es una tarjeta de interfaz OLT combo XGS-PON y GPON de 16 puertos de \u00faltima generaci\u00f3n dise\u00f1ada para la serie SmartAX MA5800, que incluye modelos populares como MA5800-X17, MA5800-X15, MA5800-X7 y MA5800-X2. Esta innovadora tecnolog\u00eda facilita soluciones de acceso eficaces para las redes modernas.<\/p>\n<h2>Integraci\u00f3n perfecta con ONU<\/h2>\n<p>Trabajando en t\u00e1ndem con unidades de red \u00f3ptica (ONU), la tarjeta CSHF permite servicios de acceso XG(S)-PON y GPON. Esta sinergia garantiza un rendimiento robusto, esencial para las diversas demandas de los usuarios.<\/p>\n<h2>Ventajas de la tarjeta H901CSHF<\/h2>\n<p>Con sus funciones avanzadas, la tarjeta H901CSHF admite el crecimiento escalable de la red manteniendo la conectividad de alta velocidad. Ideal tanto para proveedores de servicios como para empresas, ofrece una soluci\u00f3n fiable para afrontar los retos digitales actuales.<\/p>\n<table width=\"641\">\n<tbody>\n<tr>\n<td width=\"216\">Modelo<\/td>\n<td width=\"425\">CSHF<\/td>\n<\/tr>\n<tr>\n<td width=\"216\">Puerto<\/td>\n<td width=\"425\">16<\/td>\n<\/tr>\n<tr>\n<td rowspan=\"2\" width=\"216\">Tipo<\/td>\n<td width=\"425\">M\u00f3dulo C+: M\u00f3dulo \u00f3ptico bidireccional de una fibra, clase C+.<\/td>\n<\/tr>\n<tr>\n<td width=\"425\">M\u00f3dulo B+: M\u00f3dulo \u00f3ptico bidireccional de una fibra, clase B+.<\/td>\n<\/tr>\n<tr>\n<td rowspan=\"7\" width=\"216\">Longitud de onda operativa<\/td>\n<td width=\"425\">C+\/B+ M\u00f3dulo:<\/td>\n<\/tr>\n<tr>\n<td width=\"425\">Canal GPON:<\/td>\n<\/tr>\n<tr>\n<td width=\"425\">Tx: 1490 nm<\/td>\n<\/tr>\n<tr>\n<td width=\"425\">Rx: 1310 nm<\/td>\n<\/tr>\n<tr>\n<td width=\"425\">Canal XGS-PON:<\/td>\n<\/tr>\n<tr>\n<td width=\"425\">Tx: 1577 nm<\/td>\n<\/tr>\n<tr>\n<td width=\"425\">Rx: 1270 nm<\/td>\n<\/tr>\n<tr>\n<td width=\"216\">Tipo de encapsulaci\u00f3n<\/td>\n<td width=\"425\">SFP+<\/td>\n<\/tr>\n<tr>\n<td rowspan=\"7\" width=\"216\">Tarifa portuaria<\/td>\n<td width=\"425\">C+\/B+ M\u00f3dulo:<\/td>\n<\/tr>\n<tr>\n<td width=\"425\">Canal GPON:<\/td>\n<\/tr>\n<tr>\n<td width=\"425\">Tx: 2.488 Gbit\/s<\/td>\n<\/tr>\n<tr>\n<td width=\"425\">Rx: 1.244 Gbit\/s<\/td>\n<\/tr>\n<tr>\n<td width=\"425\">Canal XGS-PON:<\/td>\n<\/tr>\n<tr>\n<td width=\"425\">Tx: 9.953 Gbit\/s<\/td>\n<\/tr>\n<tr>\n<td width=\"425\">Rx: 9.953\/2.488 Gbit\/s<\/td>\n<\/tr>\n<tr>\n<td rowspan=\"6\" width=\"216\">Potencia \u00f3ptica de salida m\u00ednima<\/td>\n<td width=\"425\">M\u00f3dulo C+:<\/td>\n<\/tr>\n<tr>\n<td width=\"425\">Canal GPON: 3 dBm<\/td>\n<\/tr>\n<tr>\n<td width=\"425\">Canal XGS-PON: 5 dBm<\/td>\n<\/tr>\n<tr>\n<td width=\"425\">M\u00f3dulo B+:<\/td>\n<\/tr>\n<tr>\n<td width=\"425\">Canal GPON: 1,5 dBm<\/td>\n<\/tr>\n<tr>\n<td width=\"425\">Canal XGS-PON: 1 dBm<\/td>\n<\/tr>\n<tr>\n<td rowspan=\"6\" width=\"216\">Potencia \u00f3ptica de salida m\u00e1xima<\/td>\n<td width=\"425\">M\u00f3dulo C+:<\/td>\n<\/tr>\n<tr>\n<td width=\"425\">Canal GPON: 7 dBm<\/td>\n<\/tr>\n<tr>\n<td width=\"425\">Canal XGS-PON: 8 dBm<\/td>\n<\/tr>\n<tr>\n<td width=\"425\">M\u00f3dulo B+:<\/td>\n<\/tr>\n<tr>\n<td width=\"425\">Canal GPON: 5 dBm<\/td>\n<\/tr>\n<tr>\n<td width=\"425\">XGS-PON channel: 4 dBm<\/td>\n<\/tr>\n<tr>\n<td rowspan=\"8\" width=\"216\">Sensibilidad m\u00e1xima del receptor<\/td>\n<td width=\"425\">M\u00f3dulo C+:<\/td>\n<\/tr>\n<tr>\n<td width=\"425\">Canal GPON: -32 dBm<\/td>\n<\/tr>\n<tr>\n<td width=\"425\">XG-PON canal: -30.5 dBm<\/td>\n<\/tr>\n<tr>\n<td width=\"425\">Canal XGS-PON: -29 dBm<\/td>\n<\/tr>\n<tr>\n<td width=\"425\">M\u00f3dulo B+:<\/td>\n<\/tr>\n<tr>\n<td width=\"425\">Canal GPON: -28 dBm<\/td>\n<\/tr>\n<tr>\n<td width=\"425\">XG-PON canal: -26.5 dBm<\/td>\n<\/tr>\n<tr>\n<td width=\"425\">Canal XGS-PON: -25 dBm<\/td>\n<\/tr>\n<tr>\n<td width=\"216\">Tipo de conector \u00f3ptico<\/td>\n<td width=\"425\">SC<\/td>\n<\/tr>\n<tr>\n<td width=\"216\">Tipo de fibra \u00f3ptica<\/td>\n<td width=\"425\">Monomodo<\/td>\n<\/tr>\n<tr>\n<td rowspan=\"8\" width=\"216\">Sobrecarga Potencia \u00f3ptica<\/td>\n<td width=\"425\">M\u00f3dulo C+:<\/td>\n<\/tr>\n<tr>\n<td width=\"425\">GPON canal: -12 dBm<\/td>\n<\/tr>\n<tr>\n<td width=\"425\">XG-PON canal: -10 dBm<\/td>\n<\/tr>\n<tr>\n<td width=\"425\">Canal XGS-PON:  -8 dBm<\/td>\n<\/tr>\n<tr>\n<td width=\"425\">M\u00f3dulo B+:<\/td>\n<\/tr>\n<tr>\n<td width=\"425\">Canal GPON:  -8 dBm<\/td>\n<\/tr>\n<tr>\n<td width=\"425\">XG-PON canal:-6 dBm<\/td>\n<\/tr>\n<tr>\n<td width=\"425\">Canal XGS-PON:  -4 dBm<\/td>\n<\/tr>\n<tr>\n<td width=\"216\">Relaci\u00f3n de extinci\u00f3n<\/td>\n<td width=\"425\">8.2 dB<\/td>\n<\/tr>\n<tr>\n<td width=\"216\">Dimensiones<\/td>\n<td width=\"425\">23.3 mm x 257.90 mm x 399.20 mm<\/td>\n<\/tr>\n<tr>\n<td rowspan=\"2\" width=\"216\">Consumo de energ\u00eda<\/td>\n<td width=\"425\">Static: 51 W<\/td>\n<\/tr>\n<tr>\n<td width=\"425\">Maximum: 99 W<\/td>\n<\/tr>\n<tr>\n<td width=\"216\">Temperatura de funcionamiento<\/td>\n<td width=\"425\">-40\u00b0C to +55\u00b0C<\/td>\n<\/tr>\n<\/tbody>\n<\/table>","protected":false},"excerpt":{"rendered":"<p>La tarjeta CSHF es una tarjeta de interfaz OLT combo XGS-PON y GPON de 16 puertos para OLT de la serie SmartAX MA5800 de Huawei, incluidos los modelos MA5800-X17, MA5800-X15, MA5800-X7 y MA5800-X2. Funciona junto con la unidad de red \u00f3ptica (ONU) para proporcionar servicios de acceso XG(S)-PON y GPON.<\/p>","protected":false},"featured_media":1894,"comment_status":"open","ping_status":"closed","template":"","meta":[],"product_cat":[71],"product_tag":[],"class_list":["post-1891","product","type-product","status-publish","has-post-thumbnail","hentry","product_cat-ma5800"],"_links":{"self":[{"href":"https:\/\/wad.one\/es\/wp-json\/wp\/v2\/product\/1891","targetHints":{"allow":["GET"]}}],"collection":[{"href":"https:\/\/wad.one\/es\/wp-json\/wp\/v2\/product"}],"about":[{"href":"https:\/\/wad.one\/es\/wp-json\/wp\/v2\/types\/product"}],"replies":[{"embeddable":true,"href":"https:\/\/wad.one\/es\/wp-json\/wp\/v2\/comments?post=1891"}],"wp:featuredmedia":[{"embeddable":true,"href":"https:\/\/wad.one\/es\/wp-json\/wp\/v2\/media\/1894"}],"wp:attachment":[{"href":"https:\/\/wad.one\/es\/wp-json\/wp\/v2\/media?parent=1891"}],"wp:term":[{"taxonomy":"product_cat","embeddable":true,"href":"https:\/\/wad.one\/es\/wp-json\/wp\/v2\/product_cat?post=1891"},{"taxonomy":"product_tag","embeddable":true,"href":"https:\/\/wad.one\/es\/wp-json\/wp\/v2\/product_tag?post=1891"}],"curies":[{"name":"wp","href":"https:\/\/api.w.org\/{rel}","templated":true}]}}