{"id":1896,"date":"2024-11-18T14:30:12","date_gmt":"2024-11-18T14:30:12","guid":{"rendered":"https:\/\/wad.one\/?post_type=product&#038;p=1896"},"modified":"2024-11-18T14:48:41","modified_gmt":"2024-11-18T14:48:41","slug":"zxa10-c300-olt","status":"publish","type":"product","link":"https:\/\/wad.one\/es\/zxa10-c300-olt\/","title":{"rendered":"ZXA10 C300 OLT"},"content":{"rendered":"<h2>Presentaci\u00f3n de ZXA10 C300 OLT<\/h2>\n<p>La OLT ZXA10 C300 es una innovadora plataforma de acceso \u00f3ptico dise\u00f1ada espec\u00edficamente para la tecnolog\u00eda PON 10G. Se trata de la primera soluci\u00f3n de gran capacidad del sector y se adapta a diversos escenarios de aplicaciones FTTx, como FTTH, FTTO y FTTDP.<\/p>\n<h2>Principales caracter\u00edsticas y ventajas<\/h2>\n<p>Este sistema de \u00faltima generaci\u00f3n admite despliegues e\/GPON y 10G PON a gran escala, proporcionando un ancho de banda ultrarr\u00e1pido. Con velocidades que satisfacen las crecientes demandas de big video, convergencia fijo-m\u00f3vil (FMC) y servicios universales de banda ancha, es perfecto para las necesidades modernas de conectividad.<\/p>\n<h2>\u00bfPor qu\u00e9 elegir ZXA10 C300?<\/h2>\n<p>Al seleccionar la OLT ZXA10 C300, equipa su red con tecnolog\u00eda de vanguardia que garantiza un acceso a Internet fiable y de alta velocidad para todas las aplicaciones. Experimente hoy mismo el futuro de las redes \u00f3pticas.<\/p>\n<table style=\"height: 1183px;\" width=\"668\">\n<tbody>\n<tr>\n<td width=\"255\">Capacidad de la placa base:<\/td>\n<td width=\"541\">5,76 Tbit\/s<\/td>\n<\/tr>\n<tr>\n<td width=\"255\">Capacidad de conmutaci\u00f3n<\/td>\n<td width=\"541\">800 Gbit\/s<\/td>\n<\/tr>\n<tr>\n<td width=\"255\">N\u00famero de tarjetas de servicio<\/td>\n<td width=\"541\">14 (GPON\/P2P\/XG-PON1)<\/td>\n<\/tr>\n<tr>\n<td width=\"255\">N\u00famero de tarjetas de control<\/td>\n<td width=\"541\">2<\/td>\n<\/tr>\n<tr>\n<td width=\"255\">N\u00famero de tarjetas de alimentaci\u00f3n<\/td>\n<td width=\"541\">2<\/td>\n<\/tr>\n<tr>\n<td width=\"255\">N\u00famero de tarjetas de enlace ascendente<\/td>\n<td width=\"541\">2 (10GE\/GE\/FE\/E1\/T1)<\/td>\n<\/tr>\n<tr>\n<td width=\"255\">N\u00famero m\u00e1ximo de abonados GPON<\/td>\n<td width=\"541\">16384<\/td>\n<\/tr>\n<tr>\n<td width=\"255\">Interfaces de gesti\u00f3n<\/td>\n<td width=\"541\">CLI, SSH, SNMP, telnet<\/td>\n<\/tr>\n<tr>\n<td width=\"255\">Dimensiones<\/td>\n<td width=\"541\">10U (443,7 x 482,6 x 270 mm)<\/td>\n<\/tr>\n<tr>\n<td width=\"255\">Potencia<\/td>\n<td width=\"541\">-48 V (DC)<\/td>\n<\/tr>\n<tr>\n<td width=\"255\">Temperatura y humedad de trabajo<\/td>\n<td width=\"541\">-25\u00b0C \u2013 +55\u00b0C, 5% \u2013 95%<\/td>\n<\/tr>\n<tr>\n<td width=\"255\">Ratio de divisi\u00f3n<\/td>\n<td width=\"541\">up to 1:256<\/td>\n<\/tr>\n<tr>\n<td width=\"255\">Range<\/td>\n<td width=\"541\">20-60 km<\/td>\n<\/tr>\n<tr>\n<td width=\"255\">Atenuaci\u00f3n m\u00e1xima<\/td>\n<td width=\"541\">SFP B+ 28 dB, SFP C+ 32 dB<\/td>\n<\/tr>\n<tr>\n<td width=\"255\">Asignaci\u00f3n din\u00e1mica de ancho de banda<\/td>\n<td width=\"541\">NSR-DBA, SR-DBA<\/td>\n<\/tr>\n<tr>\n<td width=\"255\">Soporte<\/td>\n<td width=\"541\">FEC, AES128, SCB, OLS<\/td>\n<\/tr>\n<tr>\n<td width=\"255\">Routing<\/td>\n<td width=\"541\">Static IPV4 a IPV6<\/td>\n<\/tr>\n<tr>\n<td width=\"255\">Multicast<\/td>\n<td width=\"541\">IGMP Snooping\/Proxy\/SPR a MLD Snooping\/Proxy, 256 multicast VLAN, CAC, PRV, CDR<\/td>\n<\/tr>\n<tr>\n<td width=\"255\">QoS<\/td>\n<td width=\"541\">8 queues\/port, SP, DWRR, DSPC (re)mark, CIR, PIR, EIR<\/td>\n<\/tr>\n<tr>\n<td width=\"255\">Elementos de seguridad<\/td>\n<td width=\"541\">L2-L4 ACL, IP a MAC source guard, DOS protection, MAC\/IP anti-spoofing, Anti-flooding, DHCP 82<\/td>\n<\/tr>\n<tr>\n<td width=\"255\">Caracter\u00edsticas<\/td>\n<td width=\"541\">VLAN, SVLAN, QinQ, VLAN Stacking, STP\/RSTP\/MSTP, DHCP Server, DHCP Relay, DHCP Proxy, IPv4\/IPv6 dual stack<\/td>\n<\/tr>\n<tr>\n<td rowspan=\"3\" width=\"255\">Tarjetas de control y conmutaci\u00f3n<\/td>\n<td width=\"541\">SCTM - Adecuado para XGPON1, admite tarjetas GPON de 16 puertos, mayor potencia de conmutaci\u00f3n, interfaz de enlace ascendente 4x 10GE, interfaz de gesti\u00f3n 2x<\/td>\n<\/tr>\n<tr>\n<td width=\"541\">SCXN - Admite tarjetas GPON de 16 puertos, interfaz de enlace ascendente 4x GE, interfaz de gesti\u00f3n 2x<\/td>\n<\/tr>\n<tr>\n<td width=\"541\">SCXL - Sin interfaces de enlace ascendente, 2 interfaces de gesti\u00f3n<\/td>\n<\/tr>\n<tr>\n<td rowspan=\"4\" width=\"255\">Tarjetas GPON<\/td>\n<td width=\"541\">GTXO - 4\/8 puertos XGPON1, relaci\u00f3n de divisi\u00f3n de hasta 1:256<\/td>\n<\/tr>\n<tr>\n<td width=\"541\">GTGO - 8 puertos GPON, relaci\u00f3n de divisi\u00f3n de hasta 1:256<\/td>\n<\/tr>\n<tr>\n<td width=\"541\">GTGH - 16 puertos GPON, relaci\u00f3n de divisi\u00f3n de hasta 1:128<\/td>\n<\/tr>\n<tr>\n<td width=\"541\">FTGK - 48 puertos P2P (WDM) o 24 puertos GE (fibras separadas para enlace ascendente\/descendente)<\/td>\n<\/tr>\n<tr>\n<td rowspan=\"5\" width=\"255\">Tarjetas de enlace ascendente<\/td>\n<td width=\"541\">GUFQ \u2013 4x SFP (GE)<\/td>\n<\/tr>\n<tr>\n<td width=\"541\">GUSQ \u2013 2x SFP (GE), 2x RJ45 (GE)<\/td>\n<\/tr>\n<tr>\n<td width=\"541\">XUTQ \u2013 4x SFP (10GE)<\/td>\n<\/tr>\n<tr>\n<td width=\"541\">HUTQ \u2013 4x SFP (2x10GE, 2xGE)<\/td>\n<\/tr>\n<tr>\n<td width=\"541\">HUVQ \u2013 4x SFP (2x10GE\/GE, 2xGE\/FE)<\/td>\n<\/tr>\n<\/tbody>\n<\/table>","protected":false},"excerpt":{"rendered":"<p>ZXA10 C300, la primera plataforma de acceso \u00f3ptico del mundo con mayor capacidad y garant\u00eda de futuro, se ha desarrollado pensando en el despliegue masivo de acceso \u00f3ptico y en la econom\u00eda. Sus potentes funciones y alto rendimiento hacen que el despliegue masivo de FTTx sea m\u00e1s f\u00e1cil que nunca.<\/p>","protected":false},"featured_media":1898,"comment_status":"open","ping_status":"closed","template":"","meta":[],"product_cat":[73],"product_tag":[],"class_list":["post-1896","product","type-product","status-publish","has-post-thumbnail","hentry","product_cat-c300"],"_links":{"self":[{"href":"https:\/\/wad.one\/es\/wp-json\/wp\/v2\/product\/1896","targetHints":{"allow":["GET"]}}],"collection":[{"href":"https:\/\/wad.one\/es\/wp-json\/wp\/v2\/product"}],"about":[{"href":"https:\/\/wad.one\/es\/wp-json\/wp\/v2\/types\/product"}],"replies":[{"embeddable":true,"href":"https:\/\/wad.one\/es\/wp-json\/wp\/v2\/comments?post=1896"}],"wp:featuredmedia":[{"embeddable":true,"href":"https:\/\/wad.one\/es\/wp-json\/wp\/v2\/media\/1898"}],"wp:attachment":[{"href":"https:\/\/wad.one\/es\/wp-json\/wp\/v2\/media?parent=1896"}],"wp:term":[{"taxonomy":"product_cat","embeddable":true,"href":"https:\/\/wad.one\/es\/wp-json\/wp\/v2\/product_cat?post=1896"},{"taxonomy":"product_tag","embeddable":true,"href":"https:\/\/wad.one\/es\/wp-json\/wp\/v2\/product_tag?post=1896"}],"curies":[{"name":"wp","href":"https:\/\/api.w.org\/{rel}","templated":true}]}}