{"id":1900,"date":"2024-11-18T14:49:37","date_gmt":"2024-11-18T14:49:37","guid":{"rendered":"https:\/\/wad.one\/?post_type=product&#038;p=1900"},"modified":"2024-11-18T15:00:28","modified_gmt":"2024-11-18T15:00:28","slug":"zxa10-c320-olt","status":"publish","type":"product","link":"https:\/\/wad.one\/es\/zxa10-c320-olt\/","title":{"rendered":"ZXA10 C320 OLT"},"content":{"rendered":"<h2>Rendimiento compacto y vers\u00e1til<\/h2>\n<p>La OLT ZXA10 C320 est\u00e1 dise\u00f1ada para redes de acceso \u00f3ptico de pr\u00f3xima generaci\u00f3n. Esta plataforma compacta y densa ofrece servicios de acceso de alto rendimiento compatibles con diversos protocolos, como GPON, EPON y XG-PON.<\/p>\n<h2>Servicio integral de asistencia<\/h2>\n<p>Con una arquitectura robusta, ZXA10 C320 permite servicios de Internet de alta velocidad (HSI), voz sobre IP (VoIP), IPTV y CATV. Sus capacidades multiservicio garantizan una integraci\u00f3n perfecta en diversas aplicaciones y satisfacen las necesidades de backhaul m\u00f3vil y gesti\u00f3n Wi-Fi.<\/p>\n<h2>Calidad de clase portadora<\/h2>\n<p>Dise\u00f1ada para ofrecer fiabilidad, ZXA10 C320 prioriza la calidad de servicio (QoS) y la seguridad. Esta plataforma de acceso \u00f3ptico de servicio completo garantiza un s\u00f3lido control de la gesti\u00f3n, lo que la convierte en la opci\u00f3n ideal para los proveedores de servicios que deseen mejorar la satisfacci\u00f3n de sus clientes.<\/p>\n<table width=\"641\">\n<tbody>\n<tr>\n<td>Modelo<\/td>\n<td>ZXA10 C320<\/td>\n<\/tr>\n<tr>\n<td width=\"262\">Capacidad de la placa base<\/td>\n<td width=\"379\">420 Gbit\/s<\/td>\n<\/tr>\n<tr>\n<td width=\"262\">Capacidad de conmutaci\u00f3n<\/td>\n<td width=\"379\">84 Gbit\/s<\/td>\n<\/tr>\n<tr>\n<td width=\"262\">N\u00famero de tarjetas de servicio<\/td>\n<td width=\"379\">2 (GPON\/P2P\/XG-PON1)<\/td>\n<\/tr>\n<tr>\n<td width=\"262\">N\u00famero de tarjetas de control combinadas<\/td>\n<td width=\"379\">2<\/td>\n<\/tr>\n<tr>\n<td width=\"262\">N\u00famero de tarjetas de alimentaci\u00f3n<\/td>\n<td width=\"379\">1<\/td>\n<\/tr>\n<tr>\n<td width=\"262\">N\u00famero de tarjetas de enlace ascendente<\/td>\n<td width=\"379\">1 (10GE\/GE\/FE\/E1\/T1)<\/td>\n<\/tr>\n<tr>\n<td width=\"262\">N\u00famero m\u00e1ximo de abonados GPON<\/td>\n<td width=\"379\">4096<\/td>\n<\/tr>\n<tr>\n<td width=\"262\">Interfaces de gesti\u00f3n<\/td>\n<td width=\"379\">CLI, SSH, SNMP, telnet<\/td>\n<\/tr>\n<tr>\n<td width=\"262\">Potencia<\/td>\n<td width=\"379\">-48 V (DC), 230V (AC)<\/td>\n<\/tr>\n<tr>\n<td width=\"262\">Temperatura y humedad de trabajo<\/td>\n<td width=\"379\">-25\u00b0C \u2013 +55\u00b0C, 5% \u2013 95%<\/td>\n<\/tr>\n<tr>\n<td width=\"262\">Ratio de divisi\u00f3n<\/td>\n<td width=\"379\">up to 1:128<\/td>\n<\/tr>\n<tr>\n<td width=\"262\">Range<\/td>\n<td width=\"379\">20-60 km<\/td>\n<\/tr>\n<tr>\n<td width=\"262\">Atenuaci\u00f3n m\u00e1xima<\/td>\n<td width=\"379\">SFP B+ 28 dB, SFP C+ 32 dB<\/td>\n<\/tr>\n<tr>\n<td width=\"262\">Asignaci\u00f3n din\u00e1mica de ancho de banda<\/td>\n<td width=\"379\">NSR-DBA, SR-DBA<\/td>\n<\/tr>\n<tr>\n<td width=\"262\">Soporte<\/td>\n<td width=\"379\">FEC, AES128, SCB, OLS<\/td>\n<\/tr>\n<tr>\n<td width=\"262\">Dimensiones<\/td>\n<td width=\"379\">86.1 mm (height) x 482.6 mm (width) x 270 mm (depth)<\/td>\n<\/tr>\n<tr>\n<td width=\"262\">Fuente de alimentaci\u00f3n<\/td>\n<td width=\"379\">Dual DC: 48V\/60VAC: 100V~240V<\/td>\n<\/tr>\n<tr>\n<td width=\"262\">Armario<\/td>\n<td width=\"379\">Indoor: 2200mm x 600mm x 300mm standard cabinet Outdoor: EC90EB, EC70E<\/td>\n<\/tr>\n<tr>\n<td width=\"262\">Tarjeta de conmutaci\u00f3n de control principal SMXA<\/td>\n<td width=\"379\">Panel interfaces: 1*10GE\/GE(optical)+1*GE\/FE(Optical)+ 1*GE\/FE(electrical) +1*serial port+ 1*management FE+ 1*environment detecting port Ethernet uplink port: MAX. 2*10GE+4*GE or 6*GE<\/td>\n<\/tr>\n<tr>\n<td width=\"262\">Tarjeta de servicio (2 ranuras)<\/td>\n<td width=\"379\">GTGO(8*GPON) \/GTGH(16*GPON)\/FTGK(48*P2P)\/GTXO(8*XG-PON)<\/td>\n<\/tr>\n<\/tbody>\n<\/table>","protected":false},"excerpt":{"rendered":"<p>ZXA10 C320, una plataforma convergente de acceso \u00f3ptico de servicio completo y tama\u00f1o reducido, proporciona una calidad de servicio de clase portadora y una red fiable para satisfacer los requisitos de la implantaci\u00f3n a peque\u00f1a escala de servicios FTTx.<\/p>","protected":false},"featured_media":1902,"comment_status":"open","ping_status":"closed","template":"","meta":[],"product_cat":[73],"product_tag":[],"class_list":["post-1900","product","type-product","status-publish","has-post-thumbnail","hentry","product_cat-c300"],"_links":{"self":[{"href":"https:\/\/wad.one\/es\/wp-json\/wp\/v2\/product\/1900","targetHints":{"allow":["GET"]}}],"collection":[{"href":"https:\/\/wad.one\/es\/wp-json\/wp\/v2\/product"}],"about":[{"href":"https:\/\/wad.one\/es\/wp-json\/wp\/v2\/types\/product"}],"replies":[{"embeddable":true,"href":"https:\/\/wad.one\/es\/wp-json\/wp\/v2\/comments?post=1900"}],"wp:featuredmedia":[{"embeddable":true,"href":"https:\/\/wad.one\/es\/wp-json\/wp\/v2\/media\/1902"}],"wp:attachment":[{"href":"https:\/\/wad.one\/es\/wp-json\/wp\/v2\/media?parent=1900"}],"wp:term":[{"taxonomy":"product_cat","embeddable":true,"href":"https:\/\/wad.one\/es\/wp-json\/wp\/v2\/product_cat?post=1900"},{"taxonomy":"product_tag","embeddable":true,"href":"https:\/\/wad.one\/es\/wp-json\/wp\/v2\/product_tag?post=1900"}],"curies":[{"name":"wp","href":"https:\/\/api.w.org\/{rel}","templated":true}]}}