{"id":1904,"date":"2024-11-18T15:04:17","date_gmt":"2024-11-18T15:04:17","guid":{"rendered":"https:\/\/wad.one\/?post_type=product&#038;p=1904"},"modified":"2024-11-18T15:13:05","modified_gmt":"2024-11-18T15:13:05","slug":"gtgh-16-ports-gpon-zxa10-c300-c320","status":"publish","type":"product","link":"https:\/\/wad.one\/es\/gtgh-16-ports-gpon-zxa10-c300-c320\/","title":{"rendered":"GTGH 16 Ports GPON ZXA10 C300 C320"},"content":{"rendered":"<h2>Panorama de la Junta de Servicio del GTGH<\/h2>\n<p>La tarjeta de servicio ZTE GTGH es una excepcional soluci\u00f3n de interfaz GPON OLT de 16 puertos dise\u00f1ada para proporcionar un s\u00f3lido acceso a servicios GPON. Se adapta espec\u00edficamente a las plataformas ZXA10 C300 y C320, garantizando una conectividad superior.<\/p>\n<h2>Caracter\u00edsticas principales<\/h2>\n<p>Esta tarjeta de servicios admite la transmisi\u00f3n de datos a alta velocidad y permite una integraci\u00f3n perfecta en las redes existentes. Su configuraci\u00f3n de 16 puertos permite una amplia oferta de servicios, dando cabida a multitud de demandas de los usuarios de forma eficiente.<\/p>\n<h2>\u00bfPor qu\u00e9 elegir GTGH?<\/h2>\n<p>Optar por la tarjeta de servicio GTGH garantiza fiabilidad y un rendimiento excepcional. Gracias a sus sencillas funciones de instalaci\u00f3n y mantenimiento, esta placa es una opci\u00f3n fiable para mejorar su infraestructura de telecomunicaciones.<\/p>\n<table width=\"624\">\n<tbody>\n<tr>\n<td>Modelo<\/td>\n<td>GTGH<\/td>\n<\/tr>\n<tr>\n<td width=\"257\">Puerto GPON<\/td>\n<td width=\"367\">Puerto 16-GPON<\/td>\n<\/tr>\n<tr>\n<td width=\"257\">Tipo<\/td>\n<td width=\"367\">M\u00f3dulo C++: M\u00f3dulo \u00f3ptico bidireccional de fibra \u00fanica, clase C++<\/td>\n<\/tr>\n<tr>\n<td width=\"257\">Longitud de onda operativa<\/td>\n<td width=\"367\">Tx: 1490 nm, Rx: 1310 nm<\/td>\n<\/tr>\n<tr>\n<td width=\"257\">Tipo de encapsulaci\u00f3n<\/td>\n<td width=\"367\">SFP<\/td>\n<\/tr>\n<tr>\n<td width=\"257\">Tarifa portuaria<\/td>\n<td width=\"367\">Tx: 2.488 Gbit\/s, Rx: 1.244 Gbit\/s<\/td>\n<\/tr>\n<tr>\n<td width=\"257\">Potencia \u00f3ptica de salida m\u00ednima<\/td>\n<td width=\"367\">C++ Module : 4.50 dBm<\/td>\n<\/tr>\n<tr>\n<td width=\"257\">Potencia \u00f3ptica de salida m\u00e1xima<\/td>\n<td width=\"367\">C++ Module : 8.00 dBm<\/td>\n<\/tr>\n<tr>\n<td rowspan=\"2\" width=\"257\">Sensibilidad m\u00e1xima del receptor<\/td>\n<td width=\"367\">M\u00f3dulo C++ : -30 dBm @10E-10<\/td>\n<\/tr>\n<tr>\n<td width=\"367\">-32 dBm @10E-10<\/td>\n<\/tr>\n<tr>\n<td width=\"257\">Tipo de conector \u00f3ptico<\/td>\n<td width=\"367\">SC\/PC<\/td>\n<\/tr>\n<tr>\n<td width=\"257\">Tipo de fibra \u00f3ptica<\/td>\n<td width=\"367\">Monomodo<\/td>\n<\/tr>\n<tr>\n<td width=\"257\">Reach<\/td>\n<td width=\"367\">20.00 km<\/td>\n<\/tr>\n<tr>\n<td width=\"257\">Sobrecarga Potencia \u00f3ptica<\/td>\n<td width=\"367\">C++ Module : -12.0 dBm<\/td>\n<\/tr>\n<tr>\n<td width=\"257\">Relaci\u00f3n de extinci\u00f3n<\/td>\n<td width=\"367\">8.2 dB<\/td>\n<\/tr>\n<tr>\n<td width=\"257\">Peso<\/td>\n<td width=\"367\">1kg<\/td>\n<\/tr>\n<tr>\n<td width=\"257\">Dimensiones<\/td>\n<td width=\"367\">22.86 mm x 237.00 mm x 395.40 mm<\/td>\n<\/tr>\n<\/tbody>\n<\/table>","protected":false},"excerpt":{"rendered":"<p>La tarjeta de servicio GTGH es una tarjeta de interfaz GPON OLT de 16 puertos que ofrece acceso al servicio GPON para ZXA10 C300, C320.<\/p>","protected":false},"featured_media":1905,"comment_status":"open","ping_status":"closed","template":"","meta":[],"product_cat":[73],"product_tag":[],"class_list":["post-1904","product","type-product","status-publish","has-post-thumbnail","hentry","product_cat-c300"],"_links":{"self":[{"href":"https:\/\/wad.one\/es\/wp-json\/wp\/v2\/product\/1904","targetHints":{"allow":["GET"]}}],"collection":[{"href":"https:\/\/wad.one\/es\/wp-json\/wp\/v2\/product"}],"about":[{"href":"https:\/\/wad.one\/es\/wp-json\/wp\/v2\/types\/product"}],"replies":[{"embeddable":true,"href":"https:\/\/wad.one\/es\/wp-json\/wp\/v2\/comments?post=1904"}],"wp:featuredmedia":[{"embeddable":true,"href":"https:\/\/wad.one\/es\/wp-json\/wp\/v2\/media\/1905"}],"wp:attachment":[{"href":"https:\/\/wad.one\/es\/wp-json\/wp\/v2\/media?parent=1904"}],"wp:term":[{"taxonomy":"product_cat","embeddable":true,"href":"https:\/\/wad.one\/es\/wp-json\/wp\/v2\/product_cat?post=1904"},{"taxonomy":"product_tag","embeddable":true,"href":"https:\/\/wad.one\/es\/wp-json\/wp\/v2\/product_tag?post=1904"}],"curies":[{"name":"wp","href":"https:\/\/api.w.org\/{rel}","templated":true}]}}