{"id":1908,"date":"2024-11-18T15:15:57","date_gmt":"2024-11-18T15:15:57","guid":{"rendered":"https:\/\/wad.one\/?post_type=product&#038;p=1908"},"modified":"2024-11-18T15:27:00","modified_gmt":"2024-11-18T15:27:00","slug":"gtgo-8-ports-gpon-service-board","status":"publish","type":"product","link":"https:\/\/wad.one\/es\/gtgo-8-ports-gpon-service-board\/","title":{"rendered":"GTGO 8 Ports GPON Service Board"},"content":{"rendered":"<h2>\u00bfQu\u00e9 es el Consejo de Servicios de la GTGO?<\/h2>\n<p>La tarjeta de servicio GTGO est\u00e1 dise\u00f1ada para plataformas de acceso de agregaci\u00f3n xPON de gran capacidad. Su innovadora tecnolog\u00eda allana el camino para las redes de pr\u00f3xima generaci\u00f3n, proporcionando una agregaci\u00f3n de acceso y un control de gesti\u00f3n fiables.<\/p>\n<h2>Versatilidad y rendimiento<\/h2>\n<p>Esta impresionante placa admite una amplia gama de servicios, como HSI, VoIP, TDM, IPTV, CATV y servicios m\u00f3viles como 2G\/3G, as\u00ed como WiFi. Con QoS de clase portadora y fiabilidad de seguridad establecida, satisface las rigurosas exigencias de la conectividad moderna.<\/p>\n<h2>Capacidades de red mejoradas<\/h2>\n<p>La interfaz de alta densidad del GTGO permite soluciones para grandes relaciones de divisi\u00f3n y aplicaciones de larga distancia. Dise\u00f1ado para adaptarse a la evoluci\u00f3n de la red, ofrece capacidades de acceso mejoradas al tiempo que mantiene unos requisitos de espacio m\u00e1s reducidos.<\/p>\n<table width=\"624\">\n<tbody>\n<tr>\n<td>Modelo<\/td>\n<td>GTGO<\/td>\n<\/tr>\n<tr>\n<td width=\"237\">Puerto GPON<\/td>\n<td width=\"387\">Puerto 8-GPON<\/td>\n<\/tr>\n<tr>\n<td width=\"237\">Tipo<\/td>\n<td width=\"387\">M\u00f3dulo C+: M\u00f3dulo \u00f3ptico bidireccional de fibra \u00fanica, clase C+<\/td>\n<\/tr>\n<tr>\n<td width=\"237\">\n<p data-spm-anchor-id=\"a2700.wholesale.pronpeci14.i1.66691b0fDu2M0B\">Relaci\u00f3n de divisi\u00f3n MAX (Clase B+)<\/p>\n<\/td>\n<td width=\"387\">1:64<\/td>\n<\/tr>\n<tr>\n<td width=\"237\">Proporci\u00f3n de divisi\u00f3n MAX (Clase C+\/Clase C++)<\/td>\n<td width=\"387\">1:128<\/td>\n<\/tr>\n<tr>\n<td width=\"237\">Longitud de onda operativa<\/td>\n<td width=\"387\">Tx: 1490 nm, Rx: 1310 nm<\/td>\n<\/tr>\n<tr>\n<td width=\"237\">Tipo de encapsulaci\u00f3n<\/td>\n<td width=\"387\">SFP<\/td>\n<\/tr>\n<tr>\n<td width=\"237\">Tarifa portuaria<\/td>\n<td width=\"387\">Tx: 2.488 Gbit\/s, Rx: 1.244 Gbit\/s<\/td>\n<\/tr>\n<tr>\n<td width=\"237\">Potencia \u00f3ptica de salida m\u00ednima<\/td>\n<td width=\"387\">C+ Module : 3.00 dBm<\/td>\n<\/tr>\n<tr>\n<td width=\"237\">Potencia \u00f3ptica de salida m\u00e1xima<\/td>\n<td width=\"387\">C+ Module : 7.00 dBm<\/td>\n<\/tr>\n<tr>\n<td width=\"237\">Sensibilidad m\u00e1xima del receptor<\/td>\n<td width=\"387\">C+ Module : -32.00 dBm<\/td>\n<\/tr>\n<tr>\n<td width=\"237\">Tipo de conector \u00f3ptico<\/td>\n<td width=\"387\">SC\/PC<\/td>\n<\/tr>\n<tr>\n<td width=\"237\">Tipo de fibra \u00f3ptica<\/td>\n<td width=\"387\">Monomodo<\/td>\n<\/tr>\n<tr>\n<td width=\"237\">Reach<\/td>\n<td width=\"387\">20.00 km<\/td>\n<\/tr>\n<tr>\n<td width=\"237\">Sobrecarga Potencia \u00f3ptica<\/td>\n<td width=\"387\">C+ Module : -12.0 dBm<\/td>\n<\/tr>\n<tr>\n<td width=\"237\">Relaci\u00f3n de extinci\u00f3n<\/td>\n<td width=\"387\">8.2 dB<\/td>\n<\/tr>\n<tr>\n<td width=\"237\">Peso<\/td>\n<td width=\"387\">1kg<\/td>\n<\/tr>\n<tr>\n<td width=\"237\">Dimensiones<\/td>\n<td width=\"387\">22.86 mm x 237.00 mm x 395.40 mm<\/td>\n<\/tr>\n<\/tbody>\n<\/table>","protected":false},"excerpt":{"rendered":"<p>GTGO Service Board se dirige a una plataforma de acceso de agregaci\u00f3n xPON de gran capacidad para redes de pr\u00f3xima generaci\u00f3n y proporciona agregaci\u00f3n de acceso y control de gesti\u00f3n para HSI, VoIP, TDM, IPTV, CATV, 2G\/3G m\u00f3vil, WiFi y otros servicios completos para redes de pr\u00f3xima generaci\u00f3n.<\/p>","protected":false},"featured_media":1911,"comment_status":"open","ping_status":"closed","template":"","meta":[],"product_cat":[73],"product_tag":[],"class_list":["post-1908","product","type-product","status-publish","has-post-thumbnail","hentry","product_cat-c300"],"_links":{"self":[{"href":"https:\/\/wad.one\/es\/wp-json\/wp\/v2\/product\/1908","targetHints":{"allow":["GET"]}}],"collection":[{"href":"https:\/\/wad.one\/es\/wp-json\/wp\/v2\/product"}],"about":[{"href":"https:\/\/wad.one\/es\/wp-json\/wp\/v2\/types\/product"}],"replies":[{"embeddable":true,"href":"https:\/\/wad.one\/es\/wp-json\/wp\/v2\/comments?post=1908"}],"wp:featuredmedia":[{"embeddable":true,"href":"https:\/\/wad.one\/es\/wp-json\/wp\/v2\/media\/1911"}],"wp:attachment":[{"href":"https:\/\/wad.one\/es\/wp-json\/wp\/v2\/media?parent=1908"}],"wp:term":[{"taxonomy":"product_cat","embeddable":true,"href":"https:\/\/wad.one\/es\/wp-json\/wp\/v2\/product_cat?post=1908"},{"taxonomy":"product_tag","embeddable":true,"href":"https:\/\/wad.one\/es\/wp-json\/wp\/v2\/product_tag?post=1908"}],"curies":[{"name":"wp","href":"https:\/\/api.w.org\/{rel}","templated":true}]}}