{"id":1913,"date":"2024-11-19T13:27:09","date_gmt":"2024-11-19T13:27:09","guid":{"rendered":"https:\/\/wad.one\/?post_type=product&#038;p=1913"},"modified":"2024-11-19T13:37:22","modified_gmt":"2024-11-19T13:37:22","slug":"gtxo-8-ports-xgpon-service-board","status":"publish","type":"product","link":"https:\/\/wad.one\/es\/gtxo-8-ports-xgpon-service-board\/","title":{"rendered":"GTXO 8 Ports XGPON Service Board"},"content":{"rendered":"<h2>Visi\u00f3n general de la tarjeta de servicio GTXO<\/h2>\n<p>La tarjeta de servicio GTXO es una avanzada tarjeta de interfaz OLT GPON 10G de 8 puertos dise\u00f1ada para facilitar servicios de acceso GPON eficientes. Su innovador dise\u00f1o se integra a la perfecci\u00f3n con los dispositivos ONU (Optical Network Unit), proporcionando un rendimiento y una fiabilidad \u00f3ptimos.<\/p>\n<h2>Caracter\u00edsticas principales<\/h2>\n<p>Esta placa de servicio destaca por su robusta funcionalidad. Con ocho puertos 10G, permite m\u00faltiples conexiones, lo que garantiza un alto rendimiento y una latencia m\u00ednima, perfectos para los requisitos modernos de banda ancha.<\/p>\n<h2>Ventajas del uso de la tarjeta de servicio GTXO<\/h2>\n<p>La implementaci\u00f3n de la tarjeta de servicios GTXO en su infraestructura de red agiliza la conectividad y mejora la prestaci\u00f3n de servicios en general. Disfrute de un acceso a Internet de alta velocidad y de una mayor satisfacci\u00f3n del cliente gracias a soluciones GPON fiables.<\/p>\n<table style=\"height: 365px;\" width=\"533\">\n<tbody>\n<tr>\n<td>Modelo<\/td>\n<td>GTXO<\/td>\n<\/tr>\n<tr>\n<td>Puerto<\/td>\n<td>8<\/td>\n<\/tr>\n<tr>\n<td>Tasa de expedici\u00f3n<\/td>\n<td>40Gbit\/s<\/td>\n<\/tr>\n<tr>\n<td>Distancia m\u00e1xima de fibra diferencial (km)<\/td>\n<td>40<\/td>\n<\/tr>\n<tr>\n<td>Junta de apoyo a FEC descendente<\/td>\n<td>Yes<\/td>\n<\/tr>\n<tr>\n<td>CAR<\/td>\n<td>Yes<\/td>\n<\/tr>\n<tr>\n<td>Relaci\u00f3n de divisi\u00f3n MAX<\/td>\n<td>0.219444444<\/td>\n<\/tr>\n<tr>\n<td rowspan=\"2\">Tarifa portuaria<\/td>\n<td>Send:9.95Gbit\/s<\/td>\n<\/tr>\n<tr>\n<td>Receive:2.49Gbit\/s<\/td>\n<\/tr>\n<tr>\n<td>Temperatura de trabajo<\/td>\n<td>-40\u2103~+65\u2103<\/td>\n<\/tr>\n<tr>\n<td>Junta de apoyo al FEC ascendente<\/td>\n<td>Yes<\/td>\n<\/tr>\n<tr>\n<td>D-CCAP<\/td>\n<td>Yes<\/td>\n<\/tr>\n<\/tbody>\n<\/table>","protected":false},"excerpt":{"rendered":"<p>GTXO Service Board es una tarjeta de abonado XG-PON de 8 puertos dise\u00f1ada para ser utilizada con equipos ZXA10 C300 y ZXA10 C320.<\/p>","protected":false},"featured_media":1915,"comment_status":"open","ping_status":"closed","template":"","meta":[],"product_cat":[73],"product_tag":[],"class_list":["post-1913","product","type-product","status-publish","has-post-thumbnail","hentry","product_cat-c300"],"_links":{"self":[{"href":"https:\/\/wad.one\/es\/wp-json\/wp\/v2\/product\/1913","targetHints":{"allow":["GET"]}}],"collection":[{"href":"https:\/\/wad.one\/es\/wp-json\/wp\/v2\/product"}],"about":[{"href":"https:\/\/wad.one\/es\/wp-json\/wp\/v2\/types\/product"}],"replies":[{"embeddable":true,"href":"https:\/\/wad.one\/es\/wp-json\/wp\/v2\/comments?post=1913"}],"wp:featuredmedia":[{"embeddable":true,"href":"https:\/\/wad.one\/es\/wp-json\/wp\/v2\/media\/1915"}],"wp:attachment":[{"href":"https:\/\/wad.one\/es\/wp-json\/wp\/v2\/media?parent=1913"}],"wp:term":[{"taxonomy":"product_cat","embeddable":true,"href":"https:\/\/wad.one\/es\/wp-json\/wp\/v2\/product_cat?post=1913"},{"taxonomy":"product_tag","embeddable":true,"href":"https:\/\/wad.one\/es\/wp-json\/wp\/v2\/product_tag?post=1913"}],"curies":[{"name":"wp","href":"https:\/\/api.w.org\/{rel}","templated":true}]}}