{"id":1917,"date":"2024-11-19T13:43:57","date_gmt":"2024-11-19T13:43:57","guid":{"rendered":"https:\/\/wad.one\/?post_type=product&#038;p=1917"},"modified":"2024-11-19T13:50:33","modified_gmt":"2024-11-19T13:50:33","slug":"c320-pram-power-board-module","status":"publish","type":"product","link":"https:\/\/wad.one\/es\/c320-pram-power-board-module\/","title":{"rendered":"C320 PRAM Power Board Module"},"content":{"rendered":"<h2>\u00bfQu\u00e9 es el m\u00f3dulo de alimentaci\u00f3n PRAM C320?<\/h2>\n<p>El m\u00f3dulo de alimentaci\u00f3n C320 PRAM sirve como fuente de alimentaci\u00f3n esencial para la OLT modular C320. Convierte eficazmente una fuente de alimentaci\u00f3n de 220 V en los 48 V necesarios, garantizando un funcionamiento \u00f3ptimo para el chasis ZXA10 C320.<\/p>\n<h2>Caracter\u00edsticas principales del m\u00f3dulo de alimentaci\u00f3n PRAM C320<\/h2>\n<p>Gracias a su funcionalidad de intercambio en caliente, la PRAM C320 puede funcionar sin interrupciones ni tiempos de inactividad, proporcionando alimentaci\u00f3n completa al chasis C320 y a todas las tarjetas instaladas. Este m\u00f3dulo de alimentaci\u00f3n est\u00e1 optimizado para su uso en plataformas \u00f3pticas compactas, lo que facilita una conectividad de red robusta.<\/p>\n<h2>Compatibilidad y eficacia<\/h2>\n<p>El ZXA10 C320 est\u00e1 dise\u00f1ado para sistemas de peque\u00f1a capacidad, ya que admite el acceso XPON y consume menos de 200 W de energ\u00eda. Con capacidad para conectar hasta 4096 dispositivos ONT\/ONU, este m\u00f3dulo de alimentaci\u00f3n es un componente vital para soluciones de red escalables.<\/p>\n<table style=\"height: 621px;\" width=\"703\">\n<tbody>\n<tr>\n<td>Modelo<\/td>\n<td>C320<\/td>\n<\/tr>\n<tr>\n<td width=\"239\">Capacidad de la placa base<\/td>\n<td width=\"669\">420 Gbit\/s<\/td>\n<\/tr>\n<tr>\n<td width=\"239\">Capacidad de conmutaci\u00f3n<\/td>\n<td width=\"669\">84 Gbit\/s<\/td>\n<\/tr>\n<tr>\n<td width=\"239\">tarjetas de servicio<\/td>\n<td width=\"669\">2 (GPON\/P2P\/XG-PON1)<\/td>\n<\/tr>\n<tr>\n<td width=\"239\">tarjetas de control combinadas<\/td>\n<td width=\"669\">2<\/td>\n<\/tr>\n<tr>\n<td width=\"239\">tarjetas de alimentaci\u00f3n<\/td>\n<td width=\"669\">1<\/td>\n<\/tr>\n<tr>\n<td width=\"239\">tarjetas de enlace ascendente<\/td>\n<td width=\"669\">1 (10GE\/GE\/FE\/E1\/T1)<\/td>\n<\/tr>\n<tr>\n<td width=\"239\">M\u00e1ximo de abonados GPON<\/td>\n<td width=\"669\">4096<\/td>\n<\/tr>\n<tr>\n<td width=\"239\">Interfaces de gesti\u00f3n<\/td>\n<td width=\"669\">CLI, SSH, SNMP, telnet<\/td>\n<\/tr>\n<tr>\n<td width=\"239\">Dimensiones<\/td>\n<td width=\"669\">2U (86,1 x 482,6 x 270 mm)<\/td>\n<\/tr>\n<tr>\n<td width=\"239\">Potencia<\/td>\n<td width=\"669\">-48 V (DC), 230V (AC)<\/td>\n<\/tr>\n<tr>\n<td width=\"239\">Temperatura y humedad de trabajo<\/td>\n<td width=\"669\">-25\u00b0C \u2013 +55\u00b0C, 5% \u2013 95%<\/td>\n<\/tr>\n<tr>\n<td rowspan=\"2\" width=\"239\">Tarjetas de control, enlace ascendente y alimentaci\u00f3n<\/td>\n<td width=\"669\">SMXA\/1 \u2013 3 x GE uplink interface (1x RJ45, 2x SFP), power input -48 V DC, switching power 84 Gbit\/s<\/td>\n<\/tr>\n<tr>\n<td width=\"669\">SMXA\/3 \u2013 1 x 10GE 2 x GE uplink interface (2x SFP, 1x RJ45), power input -48 V DC, switching power 84 Gbit\/s<\/td>\n<\/tr>\n<tr>\n<td width=\"239\">Tarjetas de alimentaci\u00f3n<\/td>\n<td width=\"669\">PRAM - Entrada de alimentaci\u00f3n 230V AC, el puerto para bater\u00edas de reserva, salida de alimentaci\u00f3n DC<\/td>\n<\/tr>\n<tr>\n<td rowspan=\"3\" width=\"239\">Tarjetas GPON<\/td>\n<td width=\"669\">GTGO \u2013 8 GPON ports, split ratio up to 1:128<\/td>\n<\/tr>\n<tr>\n<td width=\"669\">GTGH - 16 puertos GPON, relaci\u00f3n de divisi\u00f3n de hasta 1:128<\/td>\n<\/tr>\n<tr>\n<td width=\"669\">FTGK\u00a0\u2013 48 P2P ports (WDM) or 24 GE ports (separated fibres for uplink\/downlink)<\/td>\n<\/tr>\n<\/tbody>\n<\/table>","protected":false},"excerpt":{"rendered":"<p>C320 PRAM m\u00f3dulo de alimentaci\u00f3n es la entrada de alimentaci\u00f3n de 230V AC, el puerto para bater\u00edas de respaldo, salida de CC de alimentaci\u00f3n<\/p>","protected":false},"featured_media":1920,"comment_status":"open","ping_status":"closed","template":"","meta":[],"product_cat":[73],"product_tag":[],"class_list":["post-1917","product","type-product","status-publish","has-post-thumbnail","hentry","product_cat-c300"],"_links":{"self":[{"href":"https:\/\/wad.one\/es\/wp-json\/wp\/v2\/product\/1917","targetHints":{"allow":["GET"]}}],"collection":[{"href":"https:\/\/wad.one\/es\/wp-json\/wp\/v2\/product"}],"about":[{"href":"https:\/\/wad.one\/es\/wp-json\/wp\/v2\/types\/product"}],"replies":[{"embeddable":true,"href":"https:\/\/wad.one\/es\/wp-json\/wp\/v2\/comments?post=1917"}],"wp:featuredmedia":[{"embeddable":true,"href":"https:\/\/wad.one\/es\/wp-json\/wp\/v2\/media\/1920"}],"wp:attachment":[{"href":"https:\/\/wad.one\/es\/wp-json\/wp\/v2\/media?parent=1917"}],"wp:term":[{"taxonomy":"product_cat","embeddable":true,"href":"https:\/\/wad.one\/es\/wp-json\/wp\/v2\/product_cat?post=1917"},{"taxonomy":"product_tag","embeddable":true,"href":"https:\/\/wad.one\/es\/wp-json\/wp\/v2\/product_tag?post=1917"}],"curies":[{"name":"wp","href":"https:\/\/api.w.org\/{rel}","templated":true}]}}