{"id":1921,"date":"2024-11-19T13:54:01","date_gmt":"2024-11-19T13:54:01","guid":{"rendered":"https:\/\/wad.one\/?post_type=product&#038;p=1921"},"modified":"2024-11-19T14:01:48","modified_gmt":"2024-11-19T14:01:48","slug":"smxa-a11-ge-uplink-main-control-board","status":"publish","type":"product","link":"https:\/\/wad.one\/es\/smxa-a11-ge-uplink-main-control-board\/","title":{"rendered":"SMXA A11 Tarjeta de control principal de enlace ascendente GE"},"content":{"rendered":"<p>La tarjeta SMXA A11 GE Uplink es para la tarjeta de control principal C320 GE.<\/p>\n<ul>\n<li>Tarjeta de interfaz de enlace ascendente<\/li>\n<li>1*Puerto \u00f3ptico 10GE ( Configurable )<\/li>\n<li>1*puerto \u00f3ptico GE)<\/li>\n<li>1*GE optical port<\/li>\n<li>1*10 M\/100 M\/1000 M electrical Ethernet port<\/li>\n<li>Interfaces comunes<\/li>\n<li>1*interfaz de detecci\u00f3n del entorno<\/li>\n<li>1*interfaz de gesti\u00f3n<\/li>\n<li>1*interfaz serie de mantenimiento<\/li>\n<li>Caracter\u00edsticas PON<\/li>\n<li>GPON conforme a ITU G.984.x<\/li>\n<li>P2P conforme a ITU G.985\/G.986<\/li>\n<li>XG-PON1 compatible con ITU G.987.x e ITU G.988<\/li>\n<li>Admite una relaci\u00f3n de divisi\u00f3n \u00f3ptica de 1:128 para<\/li>\n<li>GPON\/XG-PON1<\/li>\n<li>Soporte OLS (Optical Laser Supervising )<\/li>\n<li>Alcance l\u00f3gico m\u00e1ximo: 60 km<\/li>\n<li>Alcance f\u00edsico m\u00e1ximo: 20 km<\/li>\n<li>Diferencia m\u00e1xima de enlace: 20 km<\/li>\n<li>DBA de alta eficiencia: NSR-DBA,SR-DBA<\/li>\n<\/ul>\n<table class=\"table table-bordered\" style=\"height: 327px;\" border=\"1\" width=\"441\">\n<tbody>\n<tr>\n<td rowspan=\"1\">Capacidad de conmutaci\u00f3n<\/td>\n<td>128 Gbit\/s<\/td>\n<\/tr>\n<tr>\n<td>Tabla de direcciones MAC<\/td>\n<td>32K<\/td>\n<\/tr>\n<tr>\n<td>Consumo (W)<\/td>\n<td>Est\u00e1tica: 18<\/p>\n<p>m\u00e1ximo: 22<\/p>\n<p>t\u00edpico: 23<\/td>\n<\/tr>\n<tr>\n<td colspan=\"2\" rowspan=\"1\" align=\"center\" valign=\"middle\"><strong>Especificaciones del dispositivo<\/strong><\/td>\n<\/tr>\n<tr>\n<td colspan=\"1\" rowspan=\"1\">Dimensiones (mm)<\/td>\n<td colspan=\"1\" rowspan=\"1\">200.25 (H)\u00d7 37 (W)\u00a0\u00d7 225 (D)<\/td>\n<\/tr>\n<tr>\n<td>Peso<\/td>\n<td>0.982<\/td>\n<\/tr>\n<\/tbody>\n<\/table>","protected":false},"excerpt":{"rendered":"<p>SMXA A11 GE Uplink Board es para ZTE C320 GE Main Control Board.<\/p>","protected":false},"featured_media":1922,"comment_status":"open","ping_status":"closed","template":"","meta":[],"product_cat":[73],"product_tag":[],"class_list":["post-1921","product","type-product","status-publish","has-post-thumbnail","hentry","product_cat-c300"],"_links":{"self":[{"href":"https:\/\/wad.one\/es\/wp-json\/wp\/v2\/product\/1921","targetHints":{"allow":["GET"]}}],"collection":[{"href":"https:\/\/wad.one\/es\/wp-json\/wp\/v2\/product"}],"about":[{"href":"https:\/\/wad.one\/es\/wp-json\/wp\/v2\/types\/product"}],"replies":[{"embeddable":true,"href":"https:\/\/wad.one\/es\/wp-json\/wp\/v2\/comments?post=1921"}],"wp:featuredmedia":[{"embeddable":true,"href":"https:\/\/wad.one\/es\/wp-json\/wp\/v2\/media\/1922"}],"wp:attachment":[{"href":"https:\/\/wad.one\/es\/wp-json\/wp\/v2\/media?parent=1921"}],"wp:term":[{"taxonomy":"product_cat","embeddable":true,"href":"https:\/\/wad.one\/es\/wp-json\/wp\/v2\/product_cat?post=1921"},{"taxonomy":"product_tag","embeddable":true,"href":"https:\/\/wad.one\/es\/wp-json\/wp\/v2\/product_tag?post=1921"}],"curies":[{"name":"wp","href":"https:\/\/api.w.org\/{rel}","templated":true}]}}