{"id":1925,"date":"2024-11-19T14:39:44","date_gmt":"2024-11-19T14:39:44","guid":{"rendered":"https:\/\/wad.one\/?post_type=product&#038;p=1925"},"modified":"2024-11-19T14:52:06","modified_gmt":"2024-11-19T14:52:06","slug":"zxa10-c600-olt-ultra-high-bandwidth-access","status":"publish","type":"product","link":"https:\/\/wad.one\/es\/zxa10-c600-olt-ultra-high-bandwidth-access\/","title":{"rendered":"ZXA10 C600 OLT Acceso de banda ultraancha"},"content":{"rendered":"<h2>Visi\u00f3n general de la OLT ZXA10 C600<\/h2>\n<p>ZXA10 C600 OLT es un terminal de l\u00ednea \u00f3ptica de \u00faltima generaci\u00f3n dise\u00f1ado para ofrecer un rendimiento de red superior. Construido sobre la robusta plataforma Titan, este dispositivo ofrece capacidades de gran capacidad, lo que lo hace ideal para diversas necesidades de red.<\/p>\n<h2>Caracter\u00edsticas principales de la OLT ZXA10 C600<\/h2>\n<p>Gracias a su acceso de ancho de banda ultraalto, la OLT ZXA10 C600 garantiza una conectividad sin fisuras, especialmente en entornos que requieren una gran cantidad de streaming de v\u00eddeo y transmisi\u00f3n de datos. Admite la convergencia fijo-m\u00f3vil y se adapta sin problemas a la reconfiguraci\u00f3n de la red.<\/p>\n<h2>Mayor rendimiento y seguridad<\/h2>\n<p>Esta OLT est\u00e1 dise\u00f1ada para ofrecer calidad de servicio (QoS) de nivel de operador junto con s\u00f3lidas medidas de seguridad. Mejore la fiabilidad y el rendimiento de su red con la OLT ZXA10 C600 y satisfaga las exigencias del panorama digital actual.<\/p>\n<table style=\"height: 408px;\" width=\"658\">\n<tbody>\n<tr>\n<td>Modelo<\/td>\n<td>C600<\/td>\n<\/tr>\n<tr>\n<td width=\"408\">Capacidad de conmutaci\u00f3n del bus backplane (Tbit\/s)<\/td>\n<td width=\"425\">14<\/td>\n<\/tr>\n<tr>\n<td width=\"408\">Capacidad de conmutaci\u00f3n del sistema (Tbit\/s)<\/td>\n<td width=\"425\">7.2<\/td>\n<\/tr>\n<tr>\n<td width=\"408\">Capacidad de conmutaci\u00f3n de la tasa de reenv\u00edo de paquetes de la capa 2 del sistema<\/td>\n<td width=\"425\">Reenv\u00edo distribuido desbloqueado<\/td>\n<\/tr>\n<tr>\n<td width=\"408\">Capacidad de conmutaci\u00f3n de la tarjeta de conmutaci\u00f3n<\/td>\n<td width=\"425\">3,6 Tbit\/s (tarjeta de conmutaci\u00f3n \u00fanica SFUL\/SFULV\/SFUH\/SFUHV)<\/td>\n<\/tr>\n<tr>\n<td rowspan=\"2\" width=\"408\">Retardo en la conmutaci\u00f3n y el reenv\u00edo<\/td>\n<td width=\"425\">Upstream: \u22641500 \u03bcs<\/td>\n<\/tr>\n<tr>\n<td width=\"425\">Downstream: \u2264100 \u03bcs<\/td>\n<\/tr>\n<tr>\n<td width=\"408\">Tasa de errores binarios a plena carga<\/td>\n<td width=\"425\">10 e-9 (full load transmission)<\/td>\n<\/tr>\n<tr>\n<td width=\"408\">Dimensiones<\/td>\n<td width=\"425\">486.1 (H) \u00d7 482.6 (W) \u00d7 288.5 (D)<\/td>\n<\/tr>\n<tr>\n<td rowspan=\"2\" width=\"408\">Peso<\/td>\n<td width=\"425\">18 (empty)<\/td>\n<\/tr>\n<tr>\n<td width=\"425\">&lt;52 (full configuration<\/td>\n<\/tr>\n<\/tbody>\n<\/table>","protected":false},"excerpt":{"rendered":"<p>ZXA10 C600 OLT es un dispositivo OLT de gran capacidad basado en la plataforma TITAN para la reconfiguraci\u00f3n de redes, que puede satisfacer las necesidades de acceso de ancho de banda ultraalto, v\u00eddeo de gran tama\u00f1o, convergencia fijo-m\u00f3vil, reconfiguraci\u00f3n de redes, QoS de nivel carrier y garant\u00eda de seguridad.<\/p>","protected":false},"featured_media":1927,"comment_status":"open","ping_status":"closed","template":"","meta":[],"product_cat":[74],"product_tag":[],"class_list":["post-1925","product","type-product","status-publish","has-post-thumbnail","hentry","product_cat-c600"],"_links":{"self":[{"href":"https:\/\/wad.one\/es\/wp-json\/wp\/v2\/product\/1925","targetHints":{"allow":["GET"]}}],"collection":[{"href":"https:\/\/wad.one\/es\/wp-json\/wp\/v2\/product"}],"about":[{"href":"https:\/\/wad.one\/es\/wp-json\/wp\/v2\/types\/product"}],"replies":[{"embeddable":true,"href":"https:\/\/wad.one\/es\/wp-json\/wp\/v2\/comments?post=1925"}],"wp:featuredmedia":[{"embeddable":true,"href":"https:\/\/wad.one\/es\/wp-json\/wp\/v2\/media\/1927"}],"wp:attachment":[{"href":"https:\/\/wad.one\/es\/wp-json\/wp\/v2\/media?parent=1925"}],"wp:term":[{"taxonomy":"product_cat","embeddable":true,"href":"https:\/\/wad.one\/es\/wp-json\/wp\/v2\/product_cat?post=1925"},{"taxonomy":"product_tag","embeddable":true,"href":"https:\/\/wad.one\/es\/wp-json\/wp\/v2\/product_tag?post=1925"}],"curies":[{"name":"wp","href":"https:\/\/api.w.org\/{rel}","templated":true}]}}