{"id":1929,"date":"2024-11-19T14:52:50","date_gmt":"2024-11-19T14:52:50","guid":{"rendered":"https:\/\/wad.one\/?post_type=product&#038;p=1929"},"modified":"2024-11-19T15:02:00","modified_gmt":"2024-11-19T15:02:00","slug":"gfbt-16-ports-xgpon-gpon-combo-board","status":"publish","type":"product","link":"https:\/\/wad.one\/es\/gfbt-16-ports-xgpon-gpon-combo-board\/","title":{"rendered":"GFBT Combo Board GPON de 16 puertos XGPON"},"content":{"rendered":"<h2>Conectividad eficiente<\/h2>\n<p>GFBT presenta el innovador XG-PON de 16 puertos, dise\u00f1ado para potenciar su conectividad. Este dispositivo de \u00faltima generaci\u00f3n garantiza que varios usuarios puedan acceder simult\u00e1neamente a Internet de alta velocidad sin ning\u00fan retraso.<\/p>\n<h2>Rendimiento inigualable<\/h2>\n<p>Dise\u00f1ado para ofrecer fiabilidad, el GFBT XG-PON ofrece una tasa de rendimiento excepcional. Gracias a su avanzada tecnolog\u00eda, admite una transmisi\u00f3n de datos sin fisuras, lo que la hace ideal tanto para entornos residenciales como empresariales.<\/p>\n<h2>Dise\u00f1o f\u00e1cil de usar<\/h2>\n<p>El GFBT XG-PON de 16 puertos no s\u00f3lo es potente, sino tambi\u00e9n f\u00e1cil de usar. Su dise\u00f1o aerodin\u00e1mico simplifica la instalaci\u00f3n y la gesti\u00f3n, para que pueda disfrutar de las ventajas de un Internet fiable en un abrir y cerrar de ojos.<\/p>\n<table width=\"582\">\n<tbody>\n<tr>\n<td>Modelo<\/td>\n<td>GFBT<\/td>\n<\/tr>\n<tr>\n<td width=\"222\">Puerto<\/td>\n<td width=\"360\">16 puertos<\/td>\n<\/tr>\n<tr>\n<td width=\"222\">Interfaz<\/td>\n<td width=\"360\">Combo XG-PON y GPON<\/td>\n<\/tr>\n<tr>\n<td width=\"222\">Funci\u00f3n<\/td>\n<td width=\"360\">Acceso a servicios XG-PON y GPON<\/td>\n<\/tr>\n<tr>\n<td width=\"222\">Especificaci\u00f3n<\/td>\n<td width=\"360\">Interfaz SFP+ XG-PON y GPON Combo, con multiplexaci\u00f3n interna integrada, conector \u00f3ptico SC\/UPC<\/td>\n<\/tr>\n<tr>\n<td width=\"222\">Peso<\/td>\n<td width=\"360\">1.72 kg<\/td>\n<\/tr>\n<tr>\n<td width=\"222\">Dimensiones<\/td>\n<td width=\"360\">393.1 mm \u00d7 23.9 mm \u00d7 214 mm<\/td>\n<\/tr>\n<\/tbody>\n<\/table>","protected":false},"excerpt":{"rendered":"<p>GFBT es una tarjeta de servicio combo XG-PON y GPON de 16 puertos aplicada a la OLT ZXA10 C600 C650 C680 GPON de ZTE. Proporciona acceso XG-PON y GPON de 16 puertos.<\/p>","protected":false},"featured_media":1932,"comment_status":"open","ping_status":"closed","template":"","meta":[],"product_cat":[74],"product_tag":[],"class_list":["post-1929","product","type-product","status-publish","has-post-thumbnail","hentry","product_cat-c600"],"_links":{"self":[{"href":"https:\/\/wad.one\/es\/wp-json\/wp\/v2\/product\/1929","targetHints":{"allow":["GET"]}}],"collection":[{"href":"https:\/\/wad.one\/es\/wp-json\/wp\/v2\/product"}],"about":[{"href":"https:\/\/wad.one\/es\/wp-json\/wp\/v2\/types\/product"}],"replies":[{"embeddable":true,"href":"https:\/\/wad.one\/es\/wp-json\/wp\/v2\/comments?post=1929"}],"wp:featuredmedia":[{"embeddable":true,"href":"https:\/\/wad.one\/es\/wp-json\/wp\/v2\/media\/1932"}],"wp:attachment":[{"href":"https:\/\/wad.one\/es\/wp-json\/wp\/v2\/media?parent=1929"}],"wp:term":[{"taxonomy":"product_cat","embeddable":true,"href":"https:\/\/wad.one\/es\/wp-json\/wp\/v2\/product_cat?post=1929"},{"taxonomy":"product_tag","embeddable":true,"href":"https:\/\/wad.one\/es\/wp-json\/wp\/v2\/product_tag?post=1929"}],"curies":[{"name":"wp","href":"https:\/\/api.w.org\/{rel}","templated":true}]}}