{"id":1937,"date":"2024-11-25T14:15:41","date_gmt":"2024-11-25T14:15:41","guid":{"rendered":"https:\/\/wad.one\/?post_type=product&#038;p=1937"},"modified":"2024-11-25T15:10:13","modified_gmt":"2024-11-25T15:10:13","slug":"gfbn-16-ports-xgpon-gpon-combo-c600-olt","status":"publish","type":"product","link":"https:\/\/wad.one\/es\/gfbn-16-ports-xgpon-gpon-combo-c600-olt\/","title":{"rendered":"GFBN 16 puertos XGPON GPON Combo C600 OLT"},"content":{"rendered":"<h2>\u00bfQu\u00e9 es GFBN XG-PON de 16 puertos?<\/h2>\n<p>El GFBN xg-pon de 16 puertos es una soluci\u00f3n de red de vanguardia dise\u00f1ada para ampliar las conexiones de fibra \u00f3ptica de alta velocidad. Su s\u00f3lida arquitectura permite una transferencia de datos fluida y un rendimiento mejorado, lo que la convierte en una opci\u00f3n fiable para aplicaciones residenciales y comerciales.<\/p>\n<h2>Caracter\u00edsticas principales de GFBN 16-Port XG-PON<\/h2>\n<p>Este avanzado dispositivo admite m\u00faltiples conexiones, lo que garantiza una distribuci\u00f3n eficaz del ancho de banda en las redes. Con su interfaz f\u00e1cil de usar, el xg-pon de 16 puertos GFBN simplifica la instalaci\u00f3n y gesti\u00f3n de sistemas de fibra \u00f3ptica, ahorr\u00e1ndole tiempo y esfuerzo.<\/p>\n<h2>\u00bfPor qu\u00e9 elegir GFBN?<\/h2>\n<p>Elegir el xg-pon de 16 puertos de GFBN significa invertir en fiabilidad y velocidad. Dise\u00f1ado para preparar su red para el futuro, este producto no s\u00f3lo satisface las demandas actuales, sino que tambi\u00e9n ofrece escalabilidad para el crecimiento futuro. Experimente una conectividad mejorada con la tecnolog\u00eda de confianza de GFBN.<\/p>\n<table width=\"735\">\n<tbody>\n<tr>\n<td width=\"304\">Puerto<\/td>\n<td width=\"431\">16 puertos<\/td>\n<\/tr>\n<tr>\n<td rowspan=\"2\" width=\"304\">Tipo<\/td>\n<td width=\"431\">M\u00f3dulo C+: M\u00f3dulo \u00f3ptico bidireccional de fibra \u00fanica, clase C+<\/td>\n<\/tr>\n<tr>\n<td width=\"431\">M\u00f3dulo N2a: M\u00f3dulo \u00f3ptico bidireccional de fibra \u00fanica N2a<\/td>\n<\/tr>\n<tr>\n<td rowspan=\"4\" width=\"304\">Longitud de onda operativa<\/td>\n<td width=\"431\">M\u00f3dulo C+:<\/td>\n<\/tr>\n<tr>\n<td width=\"431\">Tx: 1490 nm, Rx: 1310 nm<\/td>\n<\/tr>\n<tr>\n<td width=\"431\">M\u00f3dulo N2a:<\/td>\n<\/tr>\n<tr>\n<td width=\"431\">Tx: 1577 nm, Rx: 1270 nm<\/td>\n<\/tr>\n<tr>\n<td rowspan=\"4\" width=\"304\">Tarifa portuaria<\/td>\n<td width=\"431\">M\u00f3dulo C+:<\/td>\n<\/tr>\n<tr>\n<td width=\"431\">Tx: 2.488Gbit\/s, Rx: 1.244 Gbit\/s<\/td>\n<\/tr>\n<tr>\n<td width=\"431\">M\u00f3dulo N2a:<\/td>\n<\/tr>\n<tr>\n<td width=\"431\">Tx: 10 Gbit\/s, Rx: 2.488 Gbit\/s<\/td>\n<\/tr>\n<tr>\n<td rowspan=\"2\" width=\"304\">Potencia \u00f3ptica de salida m\u00ednima<\/td>\n<td width=\"431\">C+ Module: 3dBm<\/td>\n<\/tr>\n<tr>\n<td width=\"431\">M\u00f3dulo N2a: 4dBm<\/td>\n<\/tr>\n<tr>\n<td rowspan=\"2\" width=\"304\">Potencia \u00f3ptica de salida m\u00e1xima<\/td>\n<td width=\"431\">C+ Module: 7dBm<\/td>\n<\/tr>\n<tr>\n<td width=\"431\">M\u00f3dulo N2a: 8dBm<\/td>\n<\/tr>\n<tr>\n<td rowspan=\"2\" width=\"304\">Sensibilidad m\u00e1xima del receptor<\/td>\n<td width=\"431\">C+ Module: -32dBm<\/td>\n<\/tr>\n<tr>\n<td width=\"431\">M\u00f3dulo N2a: -29.5dBm<\/td>\n<\/tr>\n<tr>\n<td width=\"304\">Interfaz<\/td>\n<td width=\"431\">Combo XG-PON y GPON<\/td>\n<\/tr>\n<tr>\n<td width=\"304\">Funci\u00f3n<\/td>\n<td width=\"431\">Acceso a servicios XG-PON y GPON<\/td>\n<\/tr>\n<tr>\n<td rowspan=\"2\" width=\"304\">Tipo de encapsulaci\u00f3n<\/td>\n<td width=\"431\">M\u00f3dulo C+: SFP<\/td>\n<\/tr>\n<tr>\n<td width=\"431\">M\u00f3dulo N2a: SFP+<\/td>\n<\/tr>\n<tr>\n<td width=\"304\">Tipo de fibra \u00f3ptica<\/td>\n<td width=\"431\">Modo \u00fanico<\/td>\n<\/tr>\n<tr>\n<td width=\"304\">Tipo de conector \u00f3ptico<\/td>\n<td width=\"431\">SC\/UPC<\/td>\n<\/tr>\n<tr>\n<td width=\"304\">Distancia de transmisi\u00f3n<\/td>\n<td width=\"431\">20 km<\/td>\n<\/tr>\n<tr>\n<td width=\"304\">Relaci\u00f3n de extinci\u00f3n<\/td>\n<td width=\"431\">8.2dB<\/td>\n<\/tr>\n<tr>\n<td width=\"304\">Peso<\/td>\n<td width=\"431\">1.46kg<\/td>\n<\/tr>\n<tr>\n<td width=\"304\" data-spm-anchor-id=\"a2700.details.0.i95.72e96387nlVlm2\">Dimensiones<\/td>\n<td width=\"431\">393.1 mm \u00d7 23.9 mm \u00d7 214 mm<\/td>\n<\/tr>\n<\/tbody>\n<\/table>\n<p>&nbsp;<\/p>","protected":false},"excerpt":{"rendered":"<p>La placa de servicio GFBN de ZTE es un combo GPON y XG-PON de 16 puertos que se conecta a la placa C, adecuada para C600.<\/p>","protected":false},"featured_media":1940,"comment_status":"closed","ping_status":"closed","template":"","meta":[],"product_cat":[74],"product_tag":[],"class_list":["post-1937","product","type-product","status-publish","has-post-thumbnail","hentry","product_cat-c600"],"_links":{"self":[{"href":"https:\/\/wad.one\/es\/wp-json\/wp\/v2\/product\/1937","targetHints":{"allow":["GET"]}}],"collection":[{"href":"https:\/\/wad.one\/es\/wp-json\/wp\/v2\/product"}],"about":[{"href":"https:\/\/wad.one\/es\/wp-json\/wp\/v2\/types\/product"}],"replies":[{"embeddable":true,"href":"https:\/\/wad.one\/es\/wp-json\/wp\/v2\/comments?post=1937"}],"wp:featuredmedia":[{"embeddable":true,"href":"https:\/\/wad.one\/es\/wp-json\/wp\/v2\/media\/1940"}],"wp:attachment":[{"href":"https:\/\/wad.one\/es\/wp-json\/wp\/v2\/media?parent=1937"}],"wp:term":[{"taxonomy":"product_cat","embeddable":true,"href":"https:\/\/wad.one\/es\/wp-json\/wp\/v2\/product_cat?post=1937"},{"taxonomy":"product_tag","embeddable":true,"href":"https:\/\/wad.one\/es\/wp-json\/wp\/v2\/product_tag?post=1937"}],"curies":[{"name":"wp","href":"https:\/\/api.w.org\/{rel}","templated":true}]}}