{"id":1941,"date":"2024-11-25T15:10:59","date_gmt":"2024-11-25T15:10:59","guid":{"rendered":"https:\/\/wad.one\/?post_type=product&#038;p=1941"},"modified":"2024-11-25T15:19:16","modified_gmt":"2024-11-25T15:19:16","slug":"16-ports-gfbl-xg-pon-gpon-combo-board","status":"publish","type":"product","link":"https:\/\/wad.one\/es\/16-ports-gfbl-xg-pon-gpon-combo-board\/","title":{"rendered":"16 Ports GFBL XG-PON GPON Combo Board"},"content":{"rendered":"<h2>\u00bfQu\u00e9 es la GFBL?<\/h2>\n<p>El GFBL es un vanguardista dispositivo XG-PON de 16 puertos dise\u00f1ado para mejorar el rendimiento de su red. Gracias a su avanzada tecnolog\u00eda, el GFBL garantiza una conectividad sin fisuras para m\u00faltiples usuarios, lo que lo convierte en una opci\u00f3n fiable para aplicaciones residenciales y comerciales.<\/p>\n<h2>Caracter\u00edsticas principales del GFBL<\/h2>\n<p>Equipada con 16 puertos, esta soluci\u00f3n XG-PON admite la transmisi\u00f3n de datos a alta velocidad, lo que permite un acceso eficaz a Internet. El GFBL tambi\u00e9n se ha fabricado pensando en la durabilidad, lo que garantiza un funcionamiento duradero incluso en condiciones exigentes.<\/p>\n<h2>\u00bfPor qu\u00e9 elegir la GFBL?<\/h2>\n<p>Elegir el GFBL significa invertir en una soluci\u00f3n de red fiable. Su s\u00f3lido rendimiento, combinado con funciones f\u00e1ciles de usar, lo convierten en una opci\u00f3n ideal para cualquiera que desee actualizar sus capacidades de banda ancha. Experimente la fiabilidad y la velocidad con el GFBL hoy mismo.<\/p>\n<table style=\"height: 539px;\" width=\"752\">\n<tbody>\n<tr>\n<td>Modelo<\/td>\n<td>GFBL<\/td>\n<\/tr>\n<tr>\n<td width=\"215\">Puerto<\/td>\n<td width=\"620\">16 puertos<\/td>\n<\/tr>\n<tr>\n<td width=\"215\">Interfaz<\/td>\n<td width=\"620\">Combo XG-PON y GPON<\/td>\n<\/tr>\n<tr>\n<td width=\"215\">Funci\u00f3n<\/td>\n<td width=\"620\">Acceso a servicios XG-PON y GPON<\/td>\n<\/tr>\n<tr>\n<td width=\"215\">Especificaci\u00f3n<\/td>\n<td width=\"620\">Interfaz SFP+ XG-PON y GPON Combo, con multiplexaci\u00f3n interna integrada, conector \u00f3ptico SC\/UPC<\/td>\n<\/tr>\n<tr>\n<td width=\"215\">M\u00f3dulo de gesti\u00f3n y control<\/td>\n<td width=\"620\">Configura, controla y gestiona la tarjeta.<\/td>\n<\/tr>\n<tr>\n<td width=\"215\">M\u00f3dulo PONMAC<\/td>\n<td width=\"620\">Implementa todas las funciones en la capa GPON definida en UIT-T G.984.3 y la capa XGS-PON definida en UIT-T G.989.3 y UIT-T G.987.3.<\/td>\n<\/tr>\n<tr>\n<td width=\"215\">M\u00f3dulo NP<\/td>\n<td width=\"620\">\n<p data-type=\"tab\" data-dtd-classes=\"- topic\/body \" data-dtd-path=\"dita\/ztetopic\/ztetopic\/body\" data-name=\"body\">Implementar el procesamiento de datos en la capa de servicio, incluido el ancho de banda del servicio y el procesamiento de la QoS en funci\u00f3n de los tipos de servicio y las necesidades del usuario para cumplir los requisitos del SLA. La funci\u00f3n de procesamiento de datos cumple con TR156.<\/p>\n<\/td>\n<\/tr>\n<tr>\n<td width=\"215\">M\u00f3dulo \u00f3ptico<\/td>\n<td width=\"620\">Proporcionar una interfaz \u00f3ptica GPON que cumpla la norma UIT-T G.984.2 o una interfaz \u00f3ptica XGS-PON que cumpla la norma UIT-T G.9807.<\/td>\n<\/tr>\n<tr>\n<td width=\"215\">M\u00f3dulo de reloj<\/td>\n<td width=\"620\">Procesa el reloj del sistema de conformidad con las normas UIT-T G.8262, G.8264 y G.781.<\/td>\n<\/tr>\n<tr>\n<td width=\"215\">Peso<\/td>\n<td width=\"620\">1.72 kg<\/td>\n<\/tr>\n<tr>\n<td width=\"215\">Dimensiones<\/td>\n<td width=\"620\">393.1 mm \u00d7 23.9 mm \u00d7 214 mm<\/td>\n<\/tr>\n<\/tbody>\n<\/table>","protected":false},"excerpt":{"rendered":"<p>La GFBL es una tarjeta de servicio combo XG-PON y GPON de 16 puertos que se aplica a la OLT GPON ZXA10 C600\/C650\/C680. Proporciona acceso XG-PON y GPON de 16 puertos.<\/p>","protected":false},"featured_media":1942,"comment_status":"closed","ping_status":"closed","template":"","meta":[],"product_cat":[74],"product_tag":[],"class_list":["post-1941","product","type-product","status-publish","has-post-thumbnail","hentry","product_cat-c600"],"_links":{"self":[{"href":"https:\/\/wad.one\/es\/wp-json\/wp\/v2\/product\/1941","targetHints":{"allow":["GET"]}}],"collection":[{"href":"https:\/\/wad.one\/es\/wp-json\/wp\/v2\/product"}],"about":[{"href":"https:\/\/wad.one\/es\/wp-json\/wp\/v2\/types\/product"}],"replies":[{"embeddable":true,"href":"https:\/\/wad.one\/es\/wp-json\/wp\/v2\/comments?post=1941"}],"wp:featuredmedia":[{"embeddable":true,"href":"https:\/\/wad.one\/es\/wp-json\/wp\/v2\/media\/1942"}],"wp:attachment":[{"href":"https:\/\/wad.one\/es\/wp-json\/wp\/v2\/media?parent=1941"}],"wp:term":[{"taxonomy":"product_cat","embeddable":true,"href":"https:\/\/wad.one\/es\/wp-json\/wp\/v2\/product_cat?post=1941"},{"taxonomy":"product_tag","embeddable":true,"href":"https:\/\/wad.one\/es\/wp-json\/wp\/v2\/product_tag?post=1941"}],"curies":[{"name":"wp","href":"https:\/\/api.w.org\/{rel}","templated":true}]}}