{"id":1957,"date":"2024-12-02T14:23:16","date_gmt":"2024-12-02T14:23:16","guid":{"rendered":"https:\/\/wad.one\/?post_type=product&#038;p=1957"},"modified":"2024-12-02T14:30:12","modified_gmt":"2024-12-02T14:30:12","slug":"eg8120l-ftth-gpon-modem-xpon-ont-router","status":"publish","type":"product","link":"https:\/\/wad.one\/es\/eg8120l-ftth-gpon-modem-xpon-ont-router\/","title":{"rendered":"EG8120L M\u00f3dem FTTH GPON xPON ONT Router"},"content":{"rendered":"<h2>Presentamos el EG8120L FTTH<\/h2>\n<p>En <strong>EG8120L FTTH<\/strong> es una ONT inteligente de tipo enrutador dise\u00f1ada para ofrecer un rendimiento \u00f3ptimo. Con un puerto GE, un puerto POTS y un puerto FE, es la soluci\u00f3n de terminal ideal para sus necesidades de red.<\/p>\n<h2>Reenv\u00edo de servicios de alto rendimiento<\/h2>\n<p>Con sus funciones de reenv\u00edo de servicios de alto rendimiento, el EG8120L garantiza experiencias excepcionales con servicios de VoIP, Internet y v\u00eddeo HD. Disfrute de una conectividad perfecta para su estilo de vida digital.<\/p>\n<h2>Apoyo a los servicios orientados al futuro<\/h2>\n<p>Dise\u00f1ado para soportar el despliegue de FTTH, el EG8120L proporciona capacidades de soporte de servicios orientadas al futuro. Sus eficaces estrategias garantizan una experiencia de primera tanto para datos como para v\u00eddeo de alta definici\u00f3n, lo que la convierte en una opci\u00f3n perfecta para las redes modernas.<\/p>\n<table width=\"708\">\n<tbody>\n<tr>\n<td width=\"305\">Modelo<\/td>\n<td width=\"403\">EG8120L<\/td>\n<\/tr>\n<tr>\n<td width=\"305\">Dimensiones<\/td>\n<td width=\"403\">30 mm x 115 mm x 94 mm<\/td>\n<\/tr>\n<tr>\n<td width=\"305\">Peso<\/td>\n<td width=\"403\">Unos 155 g<\/td>\n<\/tr>\n<tr>\n<td width=\"305\">Temperatura de funcionamiento<\/td>\n<td width=\"403\">0\u00b0C to +40\u00b0C<\/td>\n<\/tr>\n<tr>\n<td width=\"305\">Humedad de funcionamiento<\/td>\n<td width=\"403\">5% RH a 95% RH (sin condensaci\u00f3n)<\/td>\n<\/tr>\n<tr>\n<td width=\"305\">Entrada del adaptador de corriente<\/td>\n<td width=\"403\">100V to 240V AC, 50\/60 Hz<\/td>\n<\/tr>\n<tr>\n<td width=\"305\">Fuente de alimentaci\u00f3n del sistema<\/td>\n<td width=\"403\">11V to 14V DC, 1A<\/td>\n<\/tr>\n<tr>\n<td width=\"305\">Consumo est\u00e1tico<\/td>\n<td width=\"403\">3.8W<\/td>\n<\/tr>\n<tr>\n<td width=\"305\">Consumo m\u00e1ximo<\/td>\n<td width=\"403\">4.9W<\/td>\n<\/tr>\n<tr>\n<td width=\"305\">Puertos<\/td>\n<td width=\"403\">1 POTS + 1 GE + 1 FE<\/td>\n<\/tr>\n<tr>\n<td width=\"305\">Indicadores<\/td>\n<td width=\"403\">POWER\/PON\/LOS\/LAN\/TEL<\/td>\n<\/tr>\n<\/tbody>\n<\/table>","protected":false},"excerpt":{"rendered":"<p>EG8120L FTTH es una ONT inteligente de tipo enrutador con un puerto GE, un puerto POTS y un puerto FE. EG8120L ofrece funciones de reenv\u00edo de servicios de alto rendimiento para garantizar una experiencia excelente con los servicios de VoIP, Internet y v\u00eddeo HD.<\/p>","protected":false},"featured_media":1960,"comment_status":"closed","ping_status":"closed","template":"","meta":[],"product_cat":[61],"product_tag":[],"class_list":["post-1957","product","type-product","status-publish","has-post-thumbnail","hentry","product_cat-onu"],"_links":{"self":[{"href":"https:\/\/wad.one\/es\/wp-json\/wp\/v2\/product\/1957","targetHints":{"allow":["GET"]}}],"collection":[{"href":"https:\/\/wad.one\/es\/wp-json\/wp\/v2\/product"}],"about":[{"href":"https:\/\/wad.one\/es\/wp-json\/wp\/v2\/types\/product"}],"replies":[{"embeddable":true,"href":"https:\/\/wad.one\/es\/wp-json\/wp\/v2\/comments?post=1957"}],"wp:featuredmedia":[{"embeddable":true,"href":"https:\/\/wad.one\/es\/wp-json\/wp\/v2\/media\/1960"}],"wp:attachment":[{"href":"https:\/\/wad.one\/es\/wp-json\/wp\/v2\/media?parent=1957"}],"wp:term":[{"taxonomy":"product_cat","embeddable":true,"href":"https:\/\/wad.one\/es\/wp-json\/wp\/v2\/product_cat?post=1957"},{"taxonomy":"product_tag","embeddable":true,"href":"https:\/\/wad.one\/es\/wp-json\/wp\/v2\/product_tag?post=1957"}],"curies":[{"name":"wp","href":"https:\/\/api.w.org\/{rel}","templated":true}]}}