{"id":2090,"date":"2025-01-08T06:47:43","date_gmt":"2025-01-08T06:47:43","guid":{"rendered":"https:\/\/wad.one\/?post_type=product&#038;p=2090"},"modified":"2025-01-08T06:47:44","modified_gmt":"2025-01-08T06:47:44","slug":"nk3200-mini-otdr-fiber-optic-cable-tester","status":"publish","type":"product","link":"https:\/\/wad.one\/es\/nk3200-mini-otdr-fiber-optic-cable-tester\/","title":{"rendered":"NK3200 Mini OTDR Comprobador de cables de fibra \u00f3ptica"},"content":{"rendered":"<p>El producto es el mini OTDR NK3200 de wad.one. Se trata de un reflect\u00f3metro \u00f3ptico de dominio temporal compacto y port\u00e1til dise\u00f1ado para pruebas y mantenimiento de fibra \u00f3ptica. El dispositivo ofrece capacidades de medici\u00f3n de alta precisi\u00f3n, por lo que es adecuado para diversas aplicaciones, como el diagn\u00f3stico de fallos, la medici\u00f3n de la longitud de la fibra y el an\u00e1lisis de atenuaci\u00f3n. Su interfaz f\u00e1cil de usar y sus funciones avanzadas garantizan unas pruebas de fibra \u00f3ptica eficaces y precisas.<\/p>\n<p><img decoding=\"async\" class=\"aligncenter size-full wp-image-2096\" src=\"https:\/\/wad.one\/wp-content\/uploads\/2025\/01\/NK3200-Mini-OTDR-Fiber-Optic-Cable-Tester-info.jpg\" alt=\"\" width=\"1608\" height=\"1998\" srcset=\"https:\/\/wad.one\/wp-content\/uploads\/2025\/01\/NK3200-Mini-OTDR-Fiber-Optic-Cable-Tester-info.jpg 1608w, https:\/\/wad.one\/wp-content\/uploads\/2025\/01\/NK3200-Mini-OTDR-Fiber-Optic-Cable-Tester-info-241x300.jpg 241w, https:\/\/wad.one\/wp-content\/uploads\/2025\/01\/NK3200-Mini-OTDR-Fiber-Optic-Cable-Tester-info-824x1024.jpg 824w, https:\/\/wad.one\/wp-content\/uploads\/2025\/01\/NK3200-Mini-OTDR-Fiber-Optic-Cable-Tester-info-768x954.jpg 768w, https:\/\/wad.one\/wp-content\/uploads\/2025\/01\/NK3200-Mini-OTDR-Fiber-Optic-Cable-Tester-info-1236x1536.jpg 1236w, https:\/\/wad.one\/wp-content\/uploads\/2025\/01\/NK3200-Mini-OTDR-Fiber-Optic-Cable-Tester-info-10x12.jpg 10w, https:\/\/wad.one\/wp-content\/uploads\/2025\/01\/NK3200-Mini-OTDR-Fiber-Optic-Cable-Tester-info-800x994.jpg 800w\" sizes=\"(max-width: 1608px) 100vw, 1608px\" \/><\/p>\n<p><img decoding=\"async\" class=\"aligncenter size-full wp-image-2091\" src=\"https:\/\/wad.one\/wp-content\/uploads\/2025\/01\/NK3200-Mini-OTDR-Fiber-Optic-Cable-Tester-info-1.jpg\" alt=\"\" width=\"1608\" height=\"1998\" srcset=\"https:\/\/wad.one\/wp-content\/uploads\/2025\/01\/NK3200-Mini-OTDR-Fiber-Optic-Cable-Tester-info-1.jpg 1608w, https:\/\/wad.one\/wp-content\/uploads\/2025\/01\/NK3200-Mini-OTDR-Fiber-Optic-Cable-Tester-info-1-241x300.jpg 241w, https:\/\/wad.one\/wp-content\/uploads\/2025\/01\/NK3200-Mini-OTDR-Fiber-Optic-Cable-Tester-info-1-824x1024.jpg 824w, https:\/\/wad.one\/wp-content\/uploads\/2025\/01\/NK3200-Mini-OTDR-Fiber-Optic-Cable-Tester-info-1-768x954.jpg 768w, https:\/\/wad.one\/wp-content\/uploads\/2025\/01\/NK3200-Mini-OTDR-Fiber-Optic-Cable-Tester-info-1-1236x1536.jpg 1236w, https:\/\/wad.one\/wp-content\/uploads\/2025\/01\/NK3200-Mini-OTDR-Fiber-Optic-Cable-Tester-info-1-10x12.jpg 10w, https:\/\/wad.one\/wp-content\/uploads\/2025\/01\/NK3200-Mini-OTDR-Fiber-Optic-Cable-Tester-info-1-800x994.jpg 800w\" sizes=\"(max-width: 1608px) 100vw, 1608px\" \/><\/p>","protected":false},"excerpt":{"rendered":"<ul>\n<li>Enlace de fibra con se\u00f1al \u00f3ptica \u2264-5dBm, f\u00e1cil de probar.<\/li>\n<li>Zona ciega de eventos de 3 m, puente de prueba f\u00e1cil de 3 m<\/li>\n<li>Larga duraci\u00f3n, 12 horas de medici\u00f3n<\/li>\n<li>Dise\u00f1o de mano, f\u00e1cil de transportar<\/li>\n<li>Funda de goma nueva, a prueba de golpes y ca\u00eddas<\/li>\n<li>USB, recargable con bater\u00eda port\u00e1til<\/li>\n<li>OTDR\/LS\/OPM\/VFL\/RJ45 Secuencia de cables\/Longitud de cables\/Rastreador de cables RJ45\/Linterna<\/li>\n<\/ul>","protected":false},"featured_media":2095,"comment_status":"closed","ping_status":"closed","template":"","meta":[],"product_cat":[45],"product_tag":[],"class_list":["post-2090","product","type-product","status-publish","has-post-thumbnail","hentry","product_cat-otdr"],"_links":{"self":[{"href":"https:\/\/wad.one\/es\/wp-json\/wp\/v2\/product\/2090","targetHints":{"allow":["GET"]}}],"collection":[{"href":"https:\/\/wad.one\/es\/wp-json\/wp\/v2\/product"}],"about":[{"href":"https:\/\/wad.one\/es\/wp-json\/wp\/v2\/types\/product"}],"replies":[{"embeddable":true,"href":"https:\/\/wad.one\/es\/wp-json\/wp\/v2\/comments?post=2090"}],"wp:featuredmedia":[{"embeddable":true,"href":"https:\/\/wad.one\/es\/wp-json\/wp\/v2\/media\/2095"}],"wp:attachment":[{"href":"https:\/\/wad.one\/es\/wp-json\/wp\/v2\/media?parent=2090"}],"wp:term":[{"taxonomy":"product_cat","embeddable":true,"href":"https:\/\/wad.one\/es\/wp-json\/wp\/v2\/product_cat?post=2090"},{"taxonomy":"product_tag","embeddable":true,"href":"https:\/\/wad.one\/es\/wp-json\/wp\/v2\/product_tag?post=2090"}],"curies":[{"name":"wp","href":"https:\/\/api.w.org\/{rel}","templated":true}]}}