{"id":2107,"date":"2025-01-08T14:45:58","date_gmt":"2025-01-08T14:45:58","guid":{"rendered":"https:\/\/wad.one\/?post_type=product&#038;p=2107"},"modified":"2025-12-19T09:32:06","modified_gmt":"2025-12-19T09:32:06","slug":"h3-2s-4ge-dual-band-wi-fi-xpon-ont","status":"publish","type":"product","link":"https:\/\/wad.one\/es\/h3-2s-4ge-dual-band-wi-fi-xpon-ont\/","title":{"rendered":"H3-2S 4GE Doble banda Wi-Fi xPON ONT"},"content":{"rendered":"<p>Dise\u00f1o elegante y compacto: H3-2S xPON ONU presenta un dise\u00f1o elegante y compacto que se integra sin esfuerzo en cualquier entorno contempor\u00e1neo de hogar u oficina.<\/p>\n<p>Conectividad robusta: Este router ONT est\u00e1 equipado con cuatro puertos Gigabit Ethernet y Wi-Fi de doble banda (2,4 GHz y 5 GHz), lo que permite conexiones por cable e inal\u00e1mbricas fiables para varios dispositivos a la vez. Garantiza una experiencia en l\u00ednea sin interrupciones para el trabajo, el streaming y los juegos.<\/p>\n<p>Alcance Wi-Fi mejorado: Con antenas de doble banda de 5dBi, el router mejora las se\u00f1ales Wi-Fi, ampliando la cobertura inal\u00e1mbrica y reduciendo las ca\u00eddas de se\u00f1al. Esto garantiza una conexi\u00f3n a Internet estable en todo tu espacio.<\/p>\n<p>Compatibilidad PPPoE y FTTx: El router es compatible con las tecnolog\u00edas PPPoE (Point-to-Point Protocol over Ethernet) y FTTx (Fiber to the x), lo que garantiza la compatibilidad con una amplia gama de proveedores de servicios de Internet. Esto facilita la configuraci\u00f3n y el acceso ininterrumpido a Internet.<\/p>\n<p class=\"last-node\">Velocidades de fibra \u00f3ptica: Disfrute de Internet a la velocidad del rayo con la conexi\u00f3n de fibra \u00f3ptica del router. Aproveche la tecnolog\u00eda de fibra para mejorar sus actividades en l\u00ednea, tanto si transmite v\u00eddeos HD como si descarga archivos de gran tama\u00f1o.<\/p>\n<div class=\"table-container\">\n<table width=\"643\">\n<tbody>\n<tr>\n<td width=\"186\">Modelo<\/td>\n<td width=\"457\">H3-2S<\/td>\n<\/tr>\n<tr>\n<td width=\"186\">NNI<\/td>\n<td width=\"457\">GPON<\/td>\n<\/tr>\n<tr>\n<td width=\"186\">UNI<\/td>\n<td width=\"457\">1POTS + 4GE+ 2.4G &amp;5G Wi-Fi<\/td>\n<\/tr>\n<tr>\n<td width=\"186\">Optical Connector<\/td>\n<td width=\"457\">SC\/APC SC\/UPC<\/td>\n<\/tr>\n<tr>\n<td width=\"186\">Dimensiones<\/td>\n<td width=\"457\">30 mm x 155 mm x 125 mm<\/td>\n<\/tr>\n<tr>\n<td width=\"186\">Temperatura de funcionamiento<\/td>\n<td width=\"457\">0\u00b0C to +40\u00b0C<\/td>\n<\/tr>\n<tr>\n<td width=\"186\">Humedad de funcionamiento<\/td>\n<td width=\"457\">5% RH a 95% RH (sin condensaci\u00f3n)<\/td>\n<\/tr>\n<tr>\n<td width=\"186\">Entrada del adaptador de corriente<\/td>\n<td width=\"457\">100\u2013240 V AC, 50\/60 Hz<\/td>\n<\/tr>\n<tr>\n<td width=\"186\">Alimentaci\u00f3n del sistema<\/td>\n<td width=\"457\">11\u201314 V DC, 1 A<\/td>\n<\/tr>\n<tr>\n<td width=\"186\">Consumo est\u00e1tico<\/td>\n<td width=\"457\">3.1 W<\/td>\n<\/tr>\n<tr>\n<td width=\"186\">Max power consumption<\/td>\n<td width=\"457\">7.15 W<\/td>\n<\/tr>\n<tr>\n<td>\n<p data-spm-anchor-id=\"a2700.details.0.i63.5fb06245NxoyEU\">Language<\/p>\n<\/td>\n<td>English Firmware<\/td>\n<\/tr>\n<tr>\n<td>\n<p data-spm-anchor-id=\"a2700.details.0.i64.5fb06245NxoyEU\">Color<\/p>\n<\/td>\n<td>White<\/td>\n<\/tr>\n<tr>\n<td width=\"186\">Indicadores<\/td>\n<td width=\"457\">POWER\/PON\/LOS\/LAN\/TEL\/WLAN\/WPS<\/td>\n<\/tr>\n<tr>\n<td width=\"186\">Installation mode<\/td>\n<td width=\"457\">On the desk, or on the wall<\/td>\n<\/tr>\n<tr>\n<td width=\"186\">Compliance certification<\/td>\n<td width=\"457\">CE\/Wi-Fi<\/td>\n<\/tr>\n<\/tbody>\n<\/table>\n<\/div>\n<p>&nbsp;<\/p>","protected":false},"excerpt":{"rendered":"<p>H3-2S xPON ONU presenta un dise\u00f1o elegante y compacto que se integra sin esfuerzo en cualquier entorno dom\u00e9stico o de oficina contempor\u00e1neo.<\/p>","protected":false},"featured_media":2109,"comment_status":"closed","ping_status":"closed","template":"","meta":[],"product_cat":[61],"product_tag":[],"class_list":["post-2107","product","type-product","status-publish","has-post-thumbnail","hentry","product_cat-onu"],"_links":{"self":[{"href":"https:\/\/wad.one\/es\/wp-json\/wp\/v2\/product\/2107","targetHints":{"allow":["GET"]}}],"collection":[{"href":"https:\/\/wad.one\/es\/wp-json\/wp\/v2\/product"}],"about":[{"href":"https:\/\/wad.one\/es\/wp-json\/wp\/v2\/types\/product"}],"replies":[{"embeddable":true,"href":"https:\/\/wad.one\/es\/wp-json\/wp\/v2\/comments?post=2107"}],"wp:featuredmedia":[{"embeddable":true,"href":"https:\/\/wad.one\/es\/wp-json\/wp\/v2\/media\/2109"}],"wp:attachment":[{"href":"https:\/\/wad.one\/es\/wp-json\/wp\/v2\/media?parent=2107"}],"wp:term":[{"taxonomy":"product_cat","embeddable":true,"href":"https:\/\/wad.one\/es\/wp-json\/wp\/v2\/product_cat?post=2107"},{"taxonomy":"product_tag","embeddable":true,"href":"https:\/\/wad.one\/es\/wp-json\/wp\/v2\/product_tag?post=2107"}],"curies":[{"name":"wp","href":"https:\/\/api.w.org\/{rel}","templated":true}]}}