{"id":2117,"date":"2025-01-10T14:39:14","date_gmt":"2025-01-10T14:39:14","guid":{"rendered":"https:\/\/wad.one\/?post_type=product&#038;p=2117"},"modified":"2025-01-10T14:53:47","modified_gmt":"2025-01-10T14:53:47","slug":"gpon-olt-c-transceiver","status":"publish","type":"product","link":"https:\/\/wad.one\/es\/gpon-olt-c-transceiver\/","title":{"rendered":"GPON OLT Transceptor C+++"},"content":{"rendered":"<h2>Visi\u00f3n general del transceptor GPON OLT de Confinode<\/h2>\n<p>El transceptor GPON OLT de Confinode es un m\u00f3dulo conectable de factor de forma peque\u00f1o, compacto y potente, dise\u00f1ado para comunicaciones de datos \u00f3pticos en serie. Conforme a la norma ITU-T G.984, presenta una eficiencia inigualable. Con un conector SFP de 20 patillas, este m\u00f3dulo permite la conexi\u00f3n en caliente sin esfuerzo, lo que facilita las actualizaciones y el mantenimiento.<\/p>\n<h2>Rendimiento en fibra monomodo<\/h2>\n<p>Este transceptor est\u00e1 dise\u00f1ado espec\u00edficamente para fibra monomodo y funciona a una longitud de onda nominal de 1490 nm. La secci\u00f3n de transmisi\u00f3n utiliza un l\u00e1ser DFB de 1490 nm que garantiza un rendimiento y una fiabilidad excelentes en diversas aplicaciones.<\/p>\n<h2>Funciones de seguridad y conformidad<\/h2>\n<p>Dise\u00f1ado pensando en la seguridad, el transceptor GPON OLT es compatible con l\u00e1ser de clase 1 y cumple la rigurosa norma de seguridad internacional IEC-60825. Esto garantiza un rendimiento seguro y constante para todos los usuarios.<\/p>","protected":false},"excerpt":{"rendered":"<p>\u25cf Aplicaci\u00f3n de enlaces de datos bidireccionales de fibra \u00fanica asim\u00e9tricos TX 2,488Gbps\/RX 1,244Gbps.<br \/>\n\u25cf Transmisor DFB-LD de 1490 nm y receptor APD-TIA en modo r\u00e1faga de 1310 nm.<br \/>\n\u25cf Distancia de hasta 20 km<br \/>\n\u25cf Fuente de alimentaci\u00f3n \u00fanica de 3,3 V e interfaz l\u00f3gica TTL.<br \/>\n\u25cf Funci\u00f3n RSSI de r\u00e1faga digital para supervisar el nivel de potencia \u00f3ptica de entrada.<br \/>\n\u25cf Interfaz de conector SC\/UPC simple<br \/>\n\u25cf Conectable en caliente<br \/>\n\u25cf Cumple con la especificaci\u00f3n SFP SFF-8472 de MSA.<br \/>\n\u25cf Conforme a la norma UIT-T G.984<br \/>\n\u25cf Baja EMI y excelente protecci\u00f3n ESD.<\/p>","protected":false},"featured_media":2118,"comment_status":"closed","ping_status":"closed","template":"","meta":[],"product_cat":[94,93],"product_tag":[],"class_list":["post-2117","product","type-product","status-publish","has-post-thumbnail","hentry","product_cat-olt-pon-module","product_cat-optical-transceivers"],"_links":{"self":[{"href":"https:\/\/wad.one\/es\/wp-json\/wp\/v2\/product\/2117","targetHints":{"allow":["GET"]}}],"collection":[{"href":"https:\/\/wad.one\/es\/wp-json\/wp\/v2\/product"}],"about":[{"href":"https:\/\/wad.one\/es\/wp-json\/wp\/v2\/types\/product"}],"replies":[{"embeddable":true,"href":"https:\/\/wad.one\/es\/wp-json\/wp\/v2\/comments?post=2117"}],"wp:featuredmedia":[{"embeddable":true,"href":"https:\/\/wad.one\/es\/wp-json\/wp\/v2\/media\/2118"}],"wp:attachment":[{"href":"https:\/\/wad.one\/es\/wp-json\/wp\/v2\/media?parent=2117"}],"wp:term":[{"taxonomy":"product_cat","embeddable":true,"href":"https:\/\/wad.one\/es\/wp-json\/wp\/v2\/product_cat?post=2117"},{"taxonomy":"product_tag","embeddable":true,"href":"https:\/\/wad.one\/es\/wp-json\/wp\/v2\/product_tag?post=2117"}],"curies":[{"name":"wp","href":"https:\/\/api.w.org\/{rel}","templated":true}]}}