{"id":2124,"date":"2025-01-10T15:13:09","date_gmt":"2025-01-10T15:13:09","guid":{"rendered":"https:\/\/wad.one\/?post_type=product&#038;p=2124"},"modified":"2025-01-10T15:33:32","modified_gmt":"2025-01-10T15:33:32","slug":"xgpon-olt-sfp-transceiver-module","status":"publish","type":"product","link":"https:\/\/wad.one\/es\/xgpon-olt-sfp-transceiver-module\/","title":{"rendered":"M\u00f3dulo transceptor SFP+ XGPON OLT"},"content":{"rendered":"<h2>Caracter\u00edsticas principales de nuestro m\u00f3dulo Confinode XGPON OLT SFP<\/h2>\n<p>Nuestro m\u00f3dulo SFP ofrece un rendimiento impresionante con enlaces de datos bidireccionales de fibra \u00fanica que funcionan a 9,953 Gbps para la transmisi\u00f3n y a 2,488 Gbps en modo r\u00e1faga para la recepci\u00f3n. Esto garantiza un manejo r\u00e1pido y eficaz de los datos, perfecto para diversas aplicaciones.<\/p>\n<h2>Funcionamiento fiable en condiciones extremas<\/h2>\n<p>Dise\u00f1ado para funcionar en un rango de temperaturas de 0 a 70 \u00b0C, este m\u00f3dulo garantiza un rendimiento fiable incluso en entornos dif\u00edciles. La fuente de alimentaci\u00f3n de 3,3 V mejora su eficiencia operativa, mientras que la capacidad de conexi\u00f3n en caliente facilita el mantenimiento.<\/p>\n<h2>Rendimiento y cumplimiento excepcionales<\/h2>\n<p>Con una distancia de transmisi\u00f3n de hasta 20 km utilizando fibra monomodo, el m\u00f3dulo presenta una baja EMI y una excelente protecci\u00f3n ESD. Tambi\u00e9n incluye una interfaz de monitor de diagn\u00f3stico digital y cumple la normativa RoHS6, lo que lo convierte en una opci\u00f3n fiable para sus necesidades de conectividad.<\/p>","protected":false},"excerpt":{"rendered":"<p>\u25cf Aplicaci\u00f3n de enlaces de datos bidireccionales de fibra \u00fanica TX 9,953Gbps\/ Modo r\u00e1faga RX 2,488Gbps.<br \/>\n\u25cf Temperatura de funcionamiento de la carcasa de 0 a 70 \u00b0C<br \/>\n\u25cf Fuente de alimentaci\u00f3n de 3,3 V<br \/>\n\u25cf Paquete SFP+ con conector SC\/UPC Receptacle.<br \/>\n\u25cf Capacidad de conexi\u00f3n en caliente<br \/>\n\u25cf Alta potencia 1577nm EML DFB LD<br \/>\n\u25cf APD de alta sensibilidad de 1270 nm<br \/>\n\u25cf Admite una distancia de transmisi\u00f3n de 20 km con SMF.<br \/>\n\u25cf Baja EMI y excelente protecci\u00f3n ESD.<br \/>\n\u25cf Interfaz de monitor de diagn\u00f3stico digital<br \/>\n\u25cf Conformidad con RoHS6<\/p>","protected":false},"featured_media":2125,"comment_status":"closed","ping_status":"closed","template":"","meta":[],"product_cat":[94,93],"product_tag":[],"class_list":["post-2124","product","type-product","status-publish","has-post-thumbnail","hentry","product_cat-olt-pon-module","product_cat-optical-transceivers"],"_links":{"self":[{"href":"https:\/\/wad.one\/es\/wp-json\/wp\/v2\/product\/2124","targetHints":{"allow":["GET"]}}],"collection":[{"href":"https:\/\/wad.one\/es\/wp-json\/wp\/v2\/product"}],"about":[{"href":"https:\/\/wad.one\/es\/wp-json\/wp\/v2\/types\/product"}],"replies":[{"embeddable":true,"href":"https:\/\/wad.one\/es\/wp-json\/wp\/v2\/comments?post=2124"}],"wp:featuredmedia":[{"embeddable":true,"href":"https:\/\/wad.one\/es\/wp-json\/wp\/v2\/media\/2125"}],"wp:attachment":[{"href":"https:\/\/wad.one\/es\/wp-json\/wp\/v2\/media?parent=2124"}],"wp:term":[{"taxonomy":"product_cat","embeddable":true,"href":"https:\/\/wad.one\/es\/wp-json\/wp\/v2\/product_cat?post=2124"},{"taxonomy":"product_tag","embeddable":true,"href":"https:\/\/wad.one\/es\/wp-json\/wp\/v2\/product_tag?post=2124"}],"curies":[{"name":"wp","href":"https:\/\/api.w.org\/{rel}","templated":true}]}}