{"id":2126,"date":"2025-01-10T15:34:31","date_gmt":"2025-01-10T15:34:31","guid":{"rendered":"https:\/\/wad.one\/?post_type=product&#038;p=2126"},"modified":"2025-01-10T15:45:50","modified_gmt":"2025-01-10T15:45:50","slug":"xgspon-combo-olt-pon-c-transceiver","status":"publish","type":"product","link":"https:\/\/wad.one\/es\/xgspon-combo-olt-pon-c-transceiver\/","title":{"rendered":"XGSPON Combo OLT PON C+ Transceptor"},"content":{"rendered":"<h2>Caracter\u00edsticas avanzadas de nuestro m\u00f3dulo Confinode XGSPON Combo C<\/h2>\n<p>Experimente una conectividad sin fisuras con nuestros innovadores enlaces de datos bidireccionales de fibra \u00fanica, dise\u00f1ados para alcanzar velocidades de transmisi\u00f3n de 9,95 Gbps tanto para aplicaciones de transmisi\u00f3n como de recepci\u00f3n. Para el uso en modo r\u00e1faga, ofrecemos soluciones robustas de 2,488 Gbps y 1,244 Gbps, que dan respuesta a diversas necesidades de red de forma eficiente.<\/p>\n<h2>Durabilidad y autonom\u00eda<\/h2>\n<p>Este m\u00f3dulo SFP, que funciona c\u00f3modamente en un rango de temperaturas de 0 a 70 \u00b0C, est\u00e1 dise\u00f1ado para soportar diversas condiciones ambientales. Con una fuente de alimentaci\u00f3n de 3,3 V y capacidad de conexi\u00f3n en caliente, integrarlo en los sistemas existentes es una experiencia sin complicaciones.<\/p>\n<h2>Cumplimiento y seguridad garantizados<\/h2>\n<p>Nuestro producto cumple la normativa RoHS6, lo que garantiza un alto nivel de seguridad medioambiental. Tambi\u00e9n presenta una baja EMI y una excelente protecci\u00f3n ESD, manteniendo la integridad del sistema al tiempo que admite distancias de transmisi\u00f3n de hasta 20 km con SMF.<\/p>","protected":false},"excerpt":{"rendered":"<p>\u25cf Enlaces de datos bidireccionales de fibra \u00fanica TX 9,95Gbps, modo r\u00e1faga RX 9,95G\/2,488Gbps aplicaci\u00f3n.<br \/>\n\u25cf Enlaces de datos bidireccionales de fibra \u00fanica TX 2,488Gbps, modo r\u00e1faga RX1,244Gbps aplicaci\u00f3n.<br \/>\n\u25cf Temperatura de funcionamiento de la carcasa de 0 a 70 \u00b0C<br \/>\n\u25cf Fuente de alimentaci\u00f3n de 3,3 V<br \/>\n\u25cf Paquete SFP+ con conector SC Receptacle.<br \/>\n\u25cf Capacidad de conexi\u00f3n en caliente<br \/>\n\u25cf LD EML de alta potencia de 1577 nm y LD DFB de alta potencia de 1490 nm.<br \/>\n\u25cf APD de 1270nm\/1310nm de alta sensibilidad.<br \/>\n\u25cf Admite una distancia de transmisi\u00f3n de 20 km con SMF.<br \/>\n\u25cf Indicaci\u00f3n Rx_SD<br \/>\n\u25cf Baja EMI y excelente protecci\u00f3n ESD.<br \/>\n\u25cf Interfaz de monitor de diagn\u00f3stico digital<br \/>\n\u25cf Conformidad con RoHS6<\/p>","protected":false},"featured_media":2127,"comment_status":"closed","ping_status":"closed","template":"","meta":[],"product_cat":[94,93],"product_tag":[],"class_list":["post-2126","product","type-product","status-publish","has-post-thumbnail","hentry","product_cat-olt-pon-module","product_cat-optical-transceivers"],"_links":{"self":[{"href":"https:\/\/wad.one\/es\/wp-json\/wp\/v2\/product\/2126","targetHints":{"allow":["GET"]}}],"collection":[{"href":"https:\/\/wad.one\/es\/wp-json\/wp\/v2\/product"}],"about":[{"href":"https:\/\/wad.one\/es\/wp-json\/wp\/v2\/types\/product"}],"replies":[{"embeddable":true,"href":"https:\/\/wad.one\/es\/wp-json\/wp\/v2\/comments?post=2126"}],"wp:featuredmedia":[{"embeddable":true,"href":"https:\/\/wad.one\/es\/wp-json\/wp\/v2\/media\/2127"}],"wp:attachment":[{"href":"https:\/\/wad.one\/es\/wp-json\/wp\/v2\/media?parent=2126"}],"wp:term":[{"taxonomy":"product_cat","embeddable":true,"href":"https:\/\/wad.one\/es\/wp-json\/wp\/v2\/product_cat?post=2126"},{"taxonomy":"product_tag","embeddable":true,"href":"https:\/\/wad.one\/es\/wp-json\/wp\/v2\/product_tag?post=2126"}],"curies":[{"name":"wp","href":"https:\/\/api.w.org\/{rel}","templated":true}]}}