{"id":2128,"date":"2025-01-10T15:47:01","date_gmt":"2025-01-10T15:47:01","guid":{"rendered":"https:\/\/wad.one\/?post_type=product&#038;p=2128"},"modified":"2025-01-11T03:13:19","modified_gmt":"2025-01-11T03:13:19","slug":"xgspon-onu-sfp-n2-transceiver","status":"publish","type":"product","link":"https:\/\/wad.one\/es\/xgspon-onu-sfp-n2-transceiver\/","title":{"rendered":"XGSPON ONU SFP+ N2 Transceptor"},"content":{"rendered":"<h2>Visi\u00f3n general del transceptor XGSPON ONU SFP+ N2 de Confinode<\/h2>\n<p>El transceptor xgspon ONU SFP+ N2 ofrece un rendimiento inigualable en enlaces de datos bidireccionales de fibra \u00fanica. Funciona a 9,95328 Gbps sim\u00e9tricos para la transmisi\u00f3n de datos ascendentes y descendentes, y es un componente vital para mejorar la eficiencia de la red.<\/p>\n<h2>Caracter\u00edsticas principales<\/h2>\n<p>Este paquete SFP se puede conectar en caliente y funciona con eficacia a una temperatura de entre 0 y 70 \u00b0C. Adem\u00e1s, el XGSPON ONU SFP+ N2 est\u00e1 equipado con un transmisor en modo r\u00e1faga de 1270 nm y un receptor de alta sensibilidad de 1577 nm, lo que garantiza una comunicaci\u00f3n de datos \u00f3ptima.<\/p>\n<h2>Cumplimiento y aplicaciones<\/h2>\n<p>El transceptor cumple las normas xgspon y se ajusta a varias normativas, como la SFF MSA y la IEC-60825 de seguridad l\u00e1ser de clase 1. Su baja EMI y excelente protecci\u00f3n ESD lo convierten en una opci\u00f3n fiable para diversas aplicaciones en telecomunicaciones.<\/p>","protected":false},"excerpt":{"rendered":"<ul>\n<li>Enlaces de datos bidireccionales de fibra \u00fanica con 9,95328 Gbps sim\u00e9tricos de subida y bajada<\/li>\n<li>0 a 70\u00b0C Temperatura de funcionamiento de la carcasa para la TSP-9220-25DCS<\/li>\n<li>-40 a 85\u00b0C Temperatura de funcionamiento de la carcasa para la TSP-9220-25DI<\/li>\n<li>Paquete SFP+ con recept\u00e1culo SC<\/li>\n<li>Conexi\u00f3n en caliente<\/li>\n<li>Fuente de alimentaci\u00f3n \u00fanica de +3,3 V<\/li>\n<li>9,95328 Gbps \/ Transmisor en modo r\u00e1faga de 1270 nm con l\u00e1ser DFB<\/li>\n<li>Receptor APD-TIA en modo continuo de alta sensibilidad a 9,95328 Gbps \/ 1577 nm<\/li>\n<li>Control de habilitaci\u00f3n de r\u00e1faga LVTTL, activo bajo<\/li>\n<li>LVTTL TX_SD, TX_Fault, RX_LOS<\/li>\n<li>Modo de reposo LVTTL para consumo de energ\u00eda<\/li>\n<li>Interfaz de monitor de diagn\u00f3stico digital compatible con SFF-8472<\/li>\n<li>Clase 1 Conforme a la norma de seguridad ocular l\u00e1ser IEC-60825<\/li>\n<li>Baja EMI y excelente protecci\u00f3n ESD<\/li>\n<li>Conformidad RoHS-6<\/li>\n<\/ul>","protected":false},"featured_media":2129,"comment_status":"closed","ping_status":"closed","template":"","meta":[],"product_cat":[94,93],"product_tag":[],"class_list":["post-2128","product","type-product","status-publish","has-post-thumbnail","hentry","product_cat-olt-pon-module","product_cat-optical-transceivers"],"_links":{"self":[{"href":"https:\/\/wad.one\/es\/wp-json\/wp\/v2\/product\/2128","targetHints":{"allow":["GET"]}}],"collection":[{"href":"https:\/\/wad.one\/es\/wp-json\/wp\/v2\/product"}],"about":[{"href":"https:\/\/wad.one\/es\/wp-json\/wp\/v2\/types\/product"}],"replies":[{"embeddable":true,"href":"https:\/\/wad.one\/es\/wp-json\/wp\/v2\/comments?post=2128"}],"wp:featuredmedia":[{"embeddable":true,"href":"https:\/\/wad.one\/es\/wp-json\/wp\/v2\/media\/2129"}],"wp:attachment":[{"href":"https:\/\/wad.one\/es\/wp-json\/wp\/v2\/media?parent=2128"}],"wp:term":[{"taxonomy":"product_cat","embeddable":true,"href":"https:\/\/wad.one\/es\/wp-json\/wp\/v2\/product_cat?post=2128"},{"taxonomy":"product_tag","embeddable":true,"href":"https:\/\/wad.one\/es\/wp-json\/wp\/v2\/product_tag?post=2128"}],"curies":[{"name":"wp","href":"https:\/\/api.w.org\/{rel}","templated":true}]}}