{"id":2131,"date":"2025-01-11T10:02:25","date_gmt":"2025-01-11T10:02:25","guid":{"rendered":"https:\/\/wad.one\/?post_type=product&#038;p=2131"},"modified":"2025-01-11T15:48:52","modified_gmt":"2025-01-11T15:48:52","slug":"epon-olt-px20-fiber-optic-transceiver","status":"publish","type":"product","link":"https:\/\/wad.one\/es\/epon-olt-px20-fiber-optic-transceiver\/","title":{"rendered":"EPON OLT PX20+++ Transceptor de fibra \u00f3ptica"},"content":{"rendered":"<h2>Dise\u00f1o compacto con capacidad de conexi\u00f3n en caliente<\/h2>\n<p>El transceptor Confinode GEPON OLT es un m\u00f3dulo enchufable de formato peque\u00f1o, dise\u00f1ado espec\u00edficamente para comunicaciones de datos \u00f3pticos en serie de alta velocidad. Conforme a las normas IEEE 802.3ah 1000BASE-PX20, este transceptor cuenta con un conector SFP de 20 patillas, lo que permite capacidades de conexi\u00f3n en caliente para una integraci\u00f3n perfecta en sus sistemas de red existentes.<\/p>\n<h2>Rendimiento excepcional<\/h2>\n<p>Este m\u00f3dulo destaca por ofrecer un rendimiento fiable sobre fibra monomodo, operando a una longitud de onda nominal de 1490 nm. Equipado con un l\u00e1ser DFB de 1490 nm, el transceptor Gepon OLT garantiza una transmisi\u00f3n de se\u00f1al de alta calidad, lo que lo convierte en una excelente opci\u00f3n para aplicaciones cr\u00edticas.<\/p>\n<h2>Seguridad y conformidad<\/h2>\n<p>La seguridad es primordial, y el transceptor Gepon OLT cumple la norma internacional de seguridad IEC-60825 como producto l\u00e1ser de Clase 1. Conf\u00ede en este m\u00f3dulo para sus soluciones de red, seguro de su fiabilidad demostrada y sus s\u00f3lidas especificaciones.<\/p>","protected":false},"excerpt":{"rendered":"<ul>\n<li>Velocidad de transmisi\u00f3n de datos de hasta 1,25 Gbps<\/li>\n<li>Transmisor DFB-LD de 1490 nm y receptor APD-TIA en modo r\u00e1faga de 1310 nm<\/li>\n<li>Distancia hasta 20 km<\/li>\n<li>Fuente de alimentaci\u00f3n \u00fanica de 3,3 V e interfaz l\u00f3gica TTL<\/li>\n<li>Funci\u00f3n RSSI de r\u00e1faga digital para supervisar la entrada<\/li>\n<li>nivel de potencia \u00f3ptica<\/li>\n<li>Interfaz de conector SC\/UPC simple enchufable en caliente<\/li>\n<li>Conforme a la especificaci\u00f3n SFP SFF-8472 de MSA<\/li>\n<li>Compatible con IEEE 802.3ah<\/li>\n<li>Baja EMI y excelente protecci\u00f3n ESD<\/li>\n<\/ul>","protected":false},"featured_media":2134,"comment_status":"closed","ping_status":"closed","template":"","meta":[],"product_cat":[94,93],"product_tag":[],"class_list":["post-2131","product","type-product","status-publish","has-post-thumbnail","hentry","product_cat-olt-pon-module","product_cat-optical-transceivers"],"_links":{"self":[{"href":"https:\/\/wad.one\/es\/wp-json\/wp\/v2\/product\/2131","targetHints":{"allow":["GET"]}}],"collection":[{"href":"https:\/\/wad.one\/es\/wp-json\/wp\/v2\/product"}],"about":[{"href":"https:\/\/wad.one\/es\/wp-json\/wp\/v2\/types\/product"}],"replies":[{"embeddable":true,"href":"https:\/\/wad.one\/es\/wp-json\/wp\/v2\/comments?post=2131"}],"wp:featuredmedia":[{"embeddable":true,"href":"https:\/\/wad.one\/es\/wp-json\/wp\/v2\/media\/2134"}],"wp:attachment":[{"href":"https:\/\/wad.one\/es\/wp-json\/wp\/v2\/media?parent=2131"}],"wp:term":[{"taxonomy":"product_cat","embeddable":true,"href":"https:\/\/wad.one\/es\/wp-json\/wp\/v2\/product_cat?post=2131"},{"taxonomy":"product_tag","embeddable":true,"href":"https:\/\/wad.one\/es\/wp-json\/wp\/v2\/product_tag?post=2131"}],"curies":[{"name":"wp","href":"https:\/\/api.w.org\/{rel}","templated":true}]}}