{"id":2132,"date":"2025-01-11T10:10:13","date_gmt":"2025-01-11T10:10:13","guid":{"rendered":"https:\/\/wad.one\/?post_type=product&#038;p=2132"},"modified":"2025-01-11T16:14:26","modified_gmt":"2025-01-11T16:14:26","slug":"xgpon-combo-olt-pon-c-d2-sfp-module","status":"publish","type":"product","link":"https:\/\/wad.one\/es\/xgpon-combo-olt-pon-c-d2-sfp-module\/","title":{"rendered":"M\u00f3dulo SFP+ XGPON Combo OLT PON C+ D2"},"content":{"rendered":"<h2>Compatibilidad sin fisuras<\/h2>\n<p>Experimente el futuro de la tecnolog\u00eda de fibra \u00f3ptica con nuestro m\u00f3dulo de vanguardia, dise\u00f1ado para funcionar eficazmente tanto con sistemas GPON como XG-PON. Esta soluci\u00f3n vers\u00e1til le garantiza un rendimiento \u00f3ptimo sin necesidad de varios dispositivos.<\/p>\n<h2>Velocidad y eficacia inigualables<\/h2>\n<p>Nuestro m\u00f3dulo admite enlaces de datos impresionantes, con funciones XG-PON con una velocidad de transmisi\u00f3n de 9,95 Gbps y de recepci\u00f3n de 2,488 Gbps. Con funcionalidades GPON, alcanza velocidades asim\u00e9tricas de 2488 Mbps para transmisi\u00f3n y 1244 Mbps para recepci\u00f3n, lo que lo hace ideal para aplicaciones de alta demanda.<\/p>\n<h2>Durabilidad y facilidad de uso<\/h2>\n<p>La unidad funciona eficazmente a temperaturas de entre 0 y 70 \u00b0C y cuenta con una fuente de alimentaci\u00f3n de 3,3 V. Su paquete SFP, completo con un conector de recept\u00e1culo SC, garantiza una instalaci\u00f3n sencilla. Adem\u00e1s, gracias a su capacidad de conexi\u00f3n en caliente, actualizar la red nunca ha sido tan f\u00e1cil.<\/p>","protected":false},"excerpt":{"rendered":"<ul>\n<li>Compatible con los sistemas GPON y XGPON. Funciona en sistemas GPON y XGPON simult\u00e1neamente.<\/li>\n<li>XGPON: aplicaci\u00f3n de enlaces de datos bidireccionales de fibra \u00fanica TX 9,95Gbps, RX 2,488Gbps. GPON: aplicaci\u00f3n de enlaces de datos bidireccionales de fibra \u00fanica asim\u00e9tricos TX 2488Mbps\/RX1244Mbps.<\/li>\n<li>Temperatura de funcionamiento de la carcasa de 0 a 70\u00b0C<\/li>\n<li>Alimentaci\u00f3n de 3,3 V<\/li>\n<li>Paquete SFP+ con conector SC Receptacle<\/li>\n<li>Conexi\u00f3n en caliente<\/li>\n<li>XGPON: LD EML de 1577 nm de alta potencia y APD de 1270 nm de alta sensibilidad. GPON: LD DFB de 1490 nm y APD de 1310 nm de alta sensibilidad.<\/li>\n<li>Admite una distancia de transmisi\u00f3n de 20 km con SMF<\/li>\n<li>Indicaci\u00f3n SD para GPON&amp;XGPON<\/li>\n<li>Baja EMI y excelente protecci\u00f3n ESD<\/li>\n<li>Interfaz de monitor de diagn\u00f3stico digital<\/li>\n<li>Conformidad RoHS6<\/li>\n<\/ul>","protected":false},"featured_media":2136,"comment_status":"closed","ping_status":"closed","template":"","meta":[],"product_cat":[94,93],"product_tag":[],"class_list":["post-2132","product","type-product","status-publish","has-post-thumbnail","hentry","product_cat-olt-pon-module","product_cat-optical-transceivers"],"_links":{"self":[{"href":"https:\/\/wad.one\/es\/wp-json\/wp\/v2\/product\/2132","targetHints":{"allow":["GET"]}}],"collection":[{"href":"https:\/\/wad.one\/es\/wp-json\/wp\/v2\/product"}],"about":[{"href":"https:\/\/wad.one\/es\/wp-json\/wp\/v2\/types\/product"}],"replies":[{"embeddable":true,"href":"https:\/\/wad.one\/es\/wp-json\/wp\/v2\/comments?post=2132"}],"wp:featuredmedia":[{"embeddable":true,"href":"https:\/\/wad.one\/es\/wp-json\/wp\/v2\/media\/2136"}],"wp:attachment":[{"href":"https:\/\/wad.one\/es\/wp-json\/wp\/v2\/media?parent=2132"}],"wp:term":[{"taxonomy":"product_cat","embeddable":true,"href":"https:\/\/wad.one\/es\/wp-json\/wp\/v2\/product_cat?post=2132"},{"taxonomy":"product_tag","embeddable":true,"href":"https:\/\/wad.one\/es\/wp-json\/wp\/v2\/product_tag?post=2132"}],"curies":[{"name":"wp","href":"https:\/\/api.w.org\/{rel}","templated":true}]}}